{"id":829,"date":"2018-03-24T20:18:42","date_gmt":"2018-03-24T19:18:42","guid":{"rendered":"http:\/\/salsalibre.dk\/salsalibre-2\/?page_id=829"},"modified":"2026-02-11T18:18:22","modified_gmt":"2026-02-11T17:18:22","slug":"salsa-bachata-instruktoerer","status":"publish","type":"page","link":"https:\/\/salsalibre.dk\/dk\/om-salsa-libre-copenhagen\/salsa-bachata-instruktoerer\/","title":{"rendered":"Instrukt\u00f8rer"},"content":{"rendered":"\n<style type=\"text\/css\" data-created_by=\"avia_inline_auto\" id=\"style-css-av-4f664t-abd38c0e944a2bae52a93be9a864fd1c\">\n.avia-section.av-4f664t-abd38c0e944a2bae52a93be9a864fd1c .av-extra-border-element .av-extra-border-inner{\nbackground-color:#292929;\n}\n<\/style>\n<div id='av_section_1'  class='avia-section av-4f664t-abd38c0e944a2bae52a93be9a864fd1c alternate_color avia-section-default avia-no-shadow  avia-builder-el-0  el_before_av_section  avia-builder-el-first  avia-bg-style-scroll  av-arrow-down-section container_wrap sidebar_right'  ><div class='container av-section-cont-open' ><main  class='template-page content  av-content-small alpha units'><div class='post-entry post-entry-type-page post-entry-829'><div class='entry-content-wrapper clearfix'>\n<style type=\"text\/css\" data-created_by=\"avia_inline_auto\" id=\"style-css-av-jrsvy614-b616ba666a40f3ae71151ce7b1154be5\">\n#top .av-special-heading.av-jrsvy614-b616ba666a40f3ae71151ce7b1154be5{\npadding-bottom:10px;\n}\n<\/style>\n<div  class='av-special-heading av-jrsvy614-b616ba666a40f3ae71151ce7b1154be5 av-special-heading-h1 blockquote modern-quote  avia-builder-el-1  avia-builder-el-no-sibling  '><h1 class='av-special-heading-tag '  >Instrukt\u00f8rer<\/h1><div class='special-heading-border'><div class='special-heading-inner-border'><\/div><\/div><\/div>\n<\/div><\/div><\/main><!-- close content main element --><\/div><div class='av-extra-border-element border-extra-arrow-down'><div class='av-extra-border-outer'><div class='av-extra-border-inner'><\/div><\/div><\/div><\/div>\n<style type=\"text\/css\" data-created_by=\"avia_inline_auto\" id=\"style-css-av-42wkr9-541cb73c4ff5ef17775d5a05d6053e0f\">\n.avia-section.av-42wkr9-541cb73c4ff5ef17775d5a05d6053e0f .av-extra-border-element .av-extra-border-inner{\nbackground-color:#474747;\n}\n<\/style>\n<div id='av_section_2'  class='avia-section av-42wkr9-541cb73c4ff5ef17775d5a05d6053e0f main_color avia-section-default avia-no-border-styling  avia-builder-el-2  el_after_av_section  el_before_av_section  avia-bg-style-scroll  av-arrow-down-section container_wrap sidebar_right'  ><div class='container av-section-cont-open' ><div class='template-page content  av-content-small alpha units'><div class='post-entry post-entry-type-page post-entry-829'><div class='entry-content-wrapper clearfix'>\n<style type=\"text\/css\" data-created_by=\"avia_inline_auto\" id=\"style-css-av-3xfr3x-8f130bbc1aa22b44edb34d5a12eb86eb\">\n.flex_column.av-3xfr3x-8f130bbc1aa22b44edb34d5a12eb86eb{\nborder-radius:0px 0px 0px 0px;\n-webkit-border-radius:0px 0px 0px 0px;\n-moz-border-radius:0px 0px 0px 0px;\n}\n<\/style>\n<div class='flex_column av-3xfr3x-8f130bbc1aa22b44edb34d5a12eb86eb av_one_third  avia-builder-el-3  el_before_av_two_third  avia-builder-el-first  first flex_column_div av-zero-column-padding '   ><p>\n<style type=\"text\/css\" data-created_by=\"avia_inline_auto\" id=\"style-css-av-3pnpbh-e8efc1708d2fd31bceca04ea72af0c2e\">\n.avia-image-container.av-3pnpbh-e8efc1708d2fd31bceca04ea72af0c2e .av-image-caption-overlay-center{\ncolor:#ffffff;\n}\n<\/style>\n<div  class='avia-image-container av-3pnpbh-e8efc1708d2fd31bceca04ea72af0c2e av-styling- av-hover-grow avia-align-center  avia-builder-el-4  el_before_av_textblock  avia-builder-el-first  ' ><div class=\"avia-image-container-inner\"><div class=\"avia-image-overlay-wrap\"><img decoding=\"async\" class='wp-image- avia-img-lazy-loading-not- avia_image' src=\"http:\/\/salsalibre.dk\/salsalibre-2\/wp-content\/uploads\/sites\/3\/2018\/03\/SALSA_BLACK.png\" alt='' title=''   \/><\/div><\/div><\/div><br \/>\n<section class=\"av_textblock_section \" ><div class='avia_textblock  '  style='font-size:16px; ' ><p>Billede er p\u00e5 vej.<\/p>\n<\/div><\/section><\/p><\/div>\n<style type=\"text\/css\" data-created_by=\"avia_inline_auto\" id=\"style-css-av-3jluq5-4f6323d482140214d5c8751c7c45cf01\">\n.flex_column.av-3jluq5-4f6323d482140214d5c8751c7c45cf01{\nborder-radius:0px 0px 0px 0px;\n-webkit-border-radius:0px 0px 0px 0px;\n-moz-border-radius:0px 0px 0px 0px;\n}\n<\/style>\n<div class='flex_column av-3jluq5-4f6323d482140214d5c8751c7c45cf01 av_two_third  avia-builder-el-6  el_after_av_one_third  avia-builder-el-last  flex_column_div av-zero-column-padding '   ><p>\n<style type=\"text\/css\" data-created_by=\"avia_inline_auto\" id=\"style-css-av-8qq45-a0a811b22033831a75cc8565f21c588a\">\n#top .av-special-heading.av-8qq45-a0a811b22033831a75cc8565f21c588a{\npadding-bottom:10px;\n}\n<\/style>\n<div  class='av-special-heading av-8qq45-a0a811b22033831a75cc8565f21c588a av-special-heading-h1 blockquote modern-quote  avia-builder-el-7  el_before_av_textblock  avia-builder-el-first  '><h1 class='av-special-heading-tag '  >Joaquim Aoues<\/h1><div class='special-heading-border'><div class='special-heading-inner-border'><\/div><\/div><\/div><br \/>\n<section class=\"av_textblock_section \" ><div class='avia_textblock  '  style='font-size:16px; ' ><p>Joaquim Aoues, grundl\u00e6gger af Salsa Libre Dance Company, er f\u00f8dt i Afrika. I midten af 90\u2019erne, da salsaen for alvor eksploderede i hele verden, begyndte Joaquim at danse Salsa i Paris. I 1995 flyttede han til Danmark, og senere rejste han til Cuba, hvor han blev undervist i Rumba og Salsa.<\/p>\n<p>Joaquim har igennem flere \u00e5r undervist i salsa p\u00e5 alle niveauer. Han har i sin undervisning dansen i fokus, men underviser ud fra den filosofi, at ingen hold er ens, og at alle hold kr\u00e6ver forskellige undervisningstilgange. Han har derfor gennemg\u00e5et flere uddannelsesforl\u00f8b i undervisningsmetoder af Fernando Zapata fra Latinodance Company i Berlin.<\/p>\n<p>Joaquim Aoues har v\u00e6ret med at skabe flere forskellige koreografier, heriblandt La Pantera Rosa, The Munk samt Las Locas og Bachata in Paris. Joaquim har desuden instrueret og optr\u00e5dt hos forskellige firmaer. Han ses ogs\u00e5 ofte som salsa DJ i Danmark.<\/p>\n<p>Salsa Libre Dance Company ved Joaquim Aoues arrangerer adskillige salsaevents i K\u00f8benhavn, heriblandt de faste ugentlige events samt udend\u00f8rs danseevents i sommerperioderne.<\/p>\n<p>Joaquim Aoues er officiel arrang\u00f8r af Copenhagen Salsa Festival og Copenhagen Bachata Festival.<\/p>\n<\/div><\/section><\/p><\/div>\n<\/div><\/div><\/div><!-- close content main div --><\/div><div class='av-extra-border-element border-extra-arrow-down'><div class='av-extra-border-outer'><div class='av-extra-border-inner'><\/div><\/div><\/div><\/div>\n<style type=\"text\/css\" data-created_by=\"avia_inline_auto\" id=\"style-css-av-24vz8t-16f6767d4491d24e24908d1d508044fa\">\n.avia-section.av-24vz8t-16f6767d4491d24e24908d1d508044fa .av-extra-border-element .av-extra-border-inner{\nbackground-color:#292929;\n}\n<\/style>\n<div id='av_section_3'  class='avia-section av-24vz8t-16f6767d4491d24e24908d1d508044fa alternate_color avia-section-default avia-no-border-styling  avia-builder-el-9  el_after_av_section  el_before_av_section  avia-bg-style-scroll  av-arrow-down-section container_wrap sidebar_right'  ><div class='container av-section-cont-open' ><div class='template-page content  av-content-small alpha units'><div class='post-entry post-entry-type-page post-entry-829'><div class='entry-content-wrapper clearfix'>\n<style type=\"text\/css\" data-created_by=\"avia_inline_auto\" id=\"style-css-av-1uen51-1969889a938a2912c7b93992ac83a3a8\">\n.flex_column.av-1uen51-1969889a938a2912c7b93992ac83a3a8{\nborder-radius:0px 0px 0px 0px;\n-webkit-border-radius:0px 0px 0px 0px;\n-moz-border-radius:0px 0px 0px 0px;\n}\n<\/style>\n<div class='flex_column av-1uen51-1969889a938a2912c7b93992ac83a3a8 av_one_third  avia-builder-el-10  el_before_av_two_third  avia-builder-el-first  first flex_column_div av-zero-column-padding '   ><style type=\"text\/css\" data-created_by=\"avia_inline_auto\" id=\"style-css-av-1os2p9-35d7a3a290e8af10616841f0267e679f\">\n.avia-image-container.av-1os2p9-35d7a3a290e8af10616841f0267e679f .av-image-caption-overlay-center{\ncolor:#ffffff;\n}\n<\/style>\n<div  class='avia-image-container av-1os2p9-35d7a3a290e8af10616841f0267e679f av-styling- avia-align-center  avia-builder-el-11  avia-builder-el-no-sibling  ' ><div class=\"avia-image-container-inner\"><div class=\"avia-image-overlay-wrap\"><img decoding=\"async\" class='wp-image-6799 avia-img-lazy-loading-not-6799 avia_image' src=\"https:\/\/salsalibre.dk\/dk\/wp-content\/uploads\/sites\/3\/2019\/08\/salsa_class_copenhagen.jpg\" alt='salsa-undervisning-k\u00f8benhavn' title='salsa_undervisning_k\u00f8benhavn'  height=\"960\" width=\"726\" srcset=\"https:\/\/salsalibre.dk\/dk\/wp-content\/uploads\/sites\/3\/2019\/08\/salsa_class_copenhagen.jpg 726w, https:\/\/salsalibre.dk\/dk\/wp-content\/uploads\/sites\/3\/2019\/08\/salsa_class_copenhagen-227x300.jpg 227w, https:\/\/salsalibre.dk\/dk\/wp-content\/uploads\/sites\/3\/2019\/08\/salsa_class_copenhagen-533x705.jpg 533w, https:\/\/salsalibre.dk\/dk\/wp-content\/uploads\/sites\/3\/2019\/08\/salsa_class_copenhagen-600x793.jpg 600w\" sizes=\"(max-width: 726px) 100vw, 726px\" \/><\/div><\/div><\/div><\/div>\n<style type=\"text\/css\" data-created_by=\"avia_inline_auto\" id=\"style-css-av-1mcmjx-abc2339c279fdbaaac408317194a758a\">\n.flex_column.av-1mcmjx-abc2339c279fdbaaac408317194a758a{\nborder-radius:0px 0px 0px 0px;\n-webkit-border-radius:0px 0px 0px 0px;\n-moz-border-radius:0px 0px 0px 0px;\n}\n<\/style>\n<div class='flex_column av-1mcmjx-abc2339c279fdbaaac408317194a758a av_two_third  avia-builder-el-12  el_after_av_one_third  avia-builder-el-last  flex_column_div av-zero-column-padding '   ><p>\n<style type=\"text\/css\" data-created_by=\"avia_inline_auto\" id=\"style-css-av-jyudm51h-6b7ad65d028a668e8d6d4a54102d4929\">\n#top .av-special-heading.av-jyudm51h-6b7ad65d028a668e8d6d4a54102d4929{\npadding-bottom:10px;\n}\n<\/style>\n<div  class='av-special-heading av-jyudm51h-6b7ad65d028a668e8d6d4a54102d4929 av-special-heading-h1 blockquote modern-quote  avia-builder-el-13  el_before_av_textblock  avia-builder-el-first  '><h1 class='av-special-heading-tag '  >Jakob Garc\u00eda<\/h1><div class='special-heading-border'><div class='special-heading-inner-border'><\/div><\/div><\/div><br \/>\n<section class=\"av_textblock_section \" ><div class='avia_textblock  '  style='font-size:16px; ' ><p class=\"p1\">Jakob har grundlagt Salsa Cubana-CPH, og har danset Salsa i 20 \u00e5r. Jakob har sine Salsar\u00f8dder godt placeret i den cubanske dans og musik.<\/p>\n<p class=\"p1\">Han er et barn af balletten og teatret, hvor han tilbragte en stor del af sin barndom.<\/p>\n<p class=\"p1\">Han er kendt for sin meget p\u00e6dagogiske undervisningsstil og for at skabe en afslappet atmosf\u00e6re, hvor der ikke blot er fokus p\u00e5 danseteknik, men i lige s\u00e5 h\u00f8j grad p\u00e5 hyggeligt social samv\u00e6r.<\/p>\n<p class=\"p1\">\u201dAt danse Salsa skal v\u00e6re en nydelse for kroppen og sj\u00e6len og s\u00e5 skal det v\u00e6re sjovt.\u201d Jakob har igennem de sidste 20 \u00e5r j\u00e6vnligt v\u00e6ret p\u00e5 Cuba for at modtage undervisning.<\/p>\n<\/div><\/section><\/p><\/div>\n<\/div><\/div><\/div><!-- close content main div --><\/div><div class='av-extra-border-element border-extra-arrow-down'><div class='av-extra-border-outer'><div class='av-extra-border-inner'><\/div><\/div><\/div><\/div>\n<style type=\"text\/css\" data-created_by=\"avia_inline_auto\" id=\"style-css-av-24vz8t-635b77a3e7c6674a39f5684828566fc4\">\n.avia-section.av-24vz8t-635b77a3e7c6674a39f5684828566fc4 .av-extra-border-element .av-extra-border-inner{\nbackground-color:#474747;\n}\n<\/style>\n<div id='av_section_4'  class='avia-section av-24vz8t-635b77a3e7c6674a39f5684828566fc4 main_color avia-section-default avia-no-border-styling  avia-builder-el-15  el_after_av_section  el_before_av_section  avia-bg-style-scroll  av-arrow-down-section container_wrap sidebar_right'  ><div class='container av-section-cont-open' ><div class='template-page content  av-content-small alpha units'><div class='post-entry post-entry-type-page post-entry-829'><div class='entry-content-wrapper clearfix'>\n\n<style type=\"text\/css\" data-created_by=\"avia_inline_auto\" id=\"style-css-av-1uen51-1969889a938a2912c7b93992ac83a3a8\">\n.flex_column.av-1uen51-1969889a938a2912c7b93992ac83a3a8{\nborder-radius:0px 0px 0px 0px;\n-webkit-border-radius:0px 0px 0px 0px;\n-moz-border-radius:0px 0px 0px 0px;\n}\n<\/style>\n<div class='flex_column av-1uen51-1969889a938a2912c7b93992ac83a3a8 av_one_third  avia-builder-el-16  el_before_av_two_third  avia-builder-el-first  first flex_column_div av-zero-column-padding '   ><style type=\"text\/css\" data-created_by=\"avia_inline_auto\" id=\"style-css-av-1os2p9-efa8cab5838aa06cfa4e3b3362b76ba1\">\n.avia-image-container.av-1os2p9-efa8cab5838aa06cfa4e3b3362b76ba1 .av-image-caption-overlay-center{\ncolor:#ffffff;\n}\n<\/style>\n<div  class='avia-image-container av-1os2p9-efa8cab5838aa06cfa4e3b3362b76ba1 av-styling- avia-align-center  avia-builder-el-17  avia-builder-el-no-sibling  ' ><div class=\"avia-image-container-inner\"><div class=\"avia-image-overlay-wrap\"><img decoding=\"async\" class='wp-image-13047 avia-img-lazy-loading-not-13047 avia_image' src=\"https:\/\/salsalibre.dk\/dk\/wp-content\/uploads\/sites\/3\/2026\/02\/ea29a473-6ce9-4d65-aefa-51f725f7846a-300x300.jpg\" alt='' title='ea29a473-6ce9-4d65-aefa-51f725f7846a'  height=\"300\" width=\"300\" srcset=\"https:\/\/salsalibre.dk\/dk\/wp-content\/uploads\/sites\/3\/2026\/02\/ea29a473-6ce9-4d65-aefa-51f725f7846a-300x300.jpg 300w, https:\/\/salsalibre.dk\/dk\/wp-content\/uploads\/sites\/3\/2026\/02\/ea29a473-6ce9-4d65-aefa-51f725f7846a-1030x1030.jpg 1030w, https:\/\/salsalibre.dk\/dk\/wp-content\/uploads\/sites\/3\/2026\/02\/ea29a473-6ce9-4d65-aefa-51f725f7846a-80x80.jpg 80w, https:\/\/salsalibre.dk\/dk\/wp-content\/uploads\/sites\/3\/2026\/02\/ea29a473-6ce9-4d65-aefa-51f725f7846a-768x768.jpg 768w, https:\/\/salsalibre.dk\/dk\/wp-content\/uploads\/sites\/3\/2026\/02\/ea29a473-6ce9-4d65-aefa-51f725f7846a-36x36.jpg 36w, https:\/\/salsalibre.dk\/dk\/wp-content\/uploads\/sites\/3\/2026\/02\/ea29a473-6ce9-4d65-aefa-51f725f7846a-180x180.jpg 180w, https:\/\/salsalibre.dk\/dk\/wp-content\/uploads\/sites\/3\/2026\/02\/ea29a473-6ce9-4d65-aefa-51f725f7846a-1500x1500.jpg 1500w, https:\/\/salsalibre.dk\/dk\/wp-content\/uploads\/sites\/3\/2026\/02\/ea29a473-6ce9-4d65-aefa-51f725f7846a-705x705.jpg 705w, https:\/\/salsalibre.dk\/dk\/wp-content\/uploads\/sites\/3\/2026\/02\/ea29a473-6ce9-4d65-aefa-51f725f7846a-120x120.jpg 120w, https:\/\/salsalibre.dk\/dk\/wp-content\/uploads\/sites\/3\/2026\/02\/ea29a473-6ce9-4d65-aefa-51f725f7846a-450x450.jpg 450w, https:\/\/salsalibre.dk\/dk\/wp-content\/uploads\/sites\/3\/2026\/02\/ea29a473-6ce9-4d65-aefa-51f725f7846a-600x600.jpg 600w, https:\/\/salsalibre.dk\/dk\/wp-content\/uploads\/sites\/3\/2026\/02\/ea29a473-6ce9-4d65-aefa-51f725f7846a-100x100.jpg 100w, https:\/\/salsalibre.dk\/dk\/wp-content\/uploads\/sites\/3\/2026\/02\/ea29a473-6ce9-4d65-aefa-51f725f7846a.jpg 1535w\" sizes=\"(max-width: 300px) 100vw, 300px\" \/><\/div><\/div><\/div><\/div>\n<style type=\"text\/css\" data-created_by=\"avia_inline_auto\" id=\"style-css-av-1mcmjx-abc2339c279fdbaaac408317194a758a\">\n.flex_column.av-1mcmjx-abc2339c279fdbaaac408317194a758a{\nborder-radius:0px 0px 0px 0px;\n-webkit-border-radius:0px 0px 0px 0px;\n-moz-border-radius:0px 0px 0px 0px;\n}\n<\/style>\n<div class='flex_column av-1mcmjx-abc2339c279fdbaaac408317194a758a av_two_third  avia-builder-el-18  el_after_av_one_third  avia-builder-el-last  flex_column_div av-zero-column-padding '   ><p>\n<style type=\"text\/css\" data-created_by=\"avia_inline_auto\" id=\"style-css-av-k1jnnbpx-dc9cba66309fae8bbf3b2b8ee2353c85\">\n#top .av-special-heading.av-k1jnnbpx-dc9cba66309fae8bbf3b2b8ee2353c85{\npadding-bottom:10px;\n}\n<\/style>\n<div  class='av-special-heading av-k1jnnbpx-dc9cba66309fae8bbf3b2b8ee2353c85 av-special-heading-h1 blockquote modern-quote  avia-builder-el-19  el_before_av_textblock  avia-builder-el-first  av-linked-heading '><h1 class='av-special-heading-tag '  >Francisco Due\u00f1as<\/h1><div class='special-heading-border'><div class='special-heading-inner-border'><\/div><\/div><\/div><br \/>\n<section class=\"av_textblock_section \" ><div class='avia_textblock  '  style='font-size:16px; ' ><p>Professionel danseinstrukt\u00f8r og showdanser med over 20 \u00e5rs erfaring. Uddannet fra School of Art Instructors i Santa Clara, Cuba, og videreuddannet som showdanser inden for hotel- og turistbranchen.<\/p>\n<p>Professionel erfaring i Cuba (Cayo Santa Mar\u00eda, Cienfuegos, Matanzas og Trinidad) og Danmark, herunder fire \u00e5r p\u00e5 Yosvani Torres Dance School. Arbejder i \u00f8jeblikket som salsainstrukt\u00f8r p\u00e5 Salsa Libre og andre spillesteder.<\/p>\n<\/div><\/section><\/p><\/div><\/div><\/div><\/div><!-- close content main div --><\/div><div class='av-extra-border-element border-extra-arrow-down'><div class='av-extra-border-outer'><div class='av-extra-border-inner'><\/div><\/div><\/div><\/div>\n<style type=\"text\/css\" data-created_by=\"avia_inline_auto\" id=\"style-css-av-112unh-662a511eff0810dde2e00bb65df399cf\">\n.avia-section.av-112unh-662a511eff0810dde2e00bb65df399cf .av-extra-border-element .av-extra-border-inner{\nbackground-color:#474747;\n}\n<\/style>\n<div id='av_section_5'  class='avia-section av-112unh-662a511eff0810dde2e00bb65df399cf main_color avia-section-default avia-no-border-styling  avia-builder-el-21  el_after_av_section  avia-builder-el-last  avia-bg-style-scroll  av-arrow-down-section container_wrap sidebar_right'  ><div class='container av-section-cont-open' ><div class='template-page content  av-content-small alpha units'><div class='post-entry post-entry-type-page post-entry-829'><div class='entry-content-wrapper clearfix'>\n<style type=\"text\/css\" data-created_by=\"avia_inline_auto\" id=\"style-css-av-wm22l-0502ddb1507a46395846126ad138ab82\">\n.flex_column.av-wm22l-0502ddb1507a46395846126ad138ab82{\nborder-radius:0px 0px 0px 0px;\n-webkit-border-radius:0px 0px 0px 0px;\n-moz-border-radius:0px 0px 0px 0px;\n}\n<\/style>\n<div class='flex_column av-wm22l-0502ddb1507a46395846126ad138ab82 av_one_third  avia-builder-el-22  el_before_av_two_third  avia-builder-el-first  first flex_column_div av-zero-column-padding '   ><style type=\"text\/css\" data-created_by=\"avia_inline_auto\" id=\"style-css-av-rjj31-015c87ab7e44c751c454acec7aeb527a\">\n.avia-image-container.av-rjj31-015c87ab7e44c751c454acec7aeb527a .av-image-caption-overlay-center{\ncolor:#ffffff;\n}\n<\/style>\n<div  class='avia-image-container av-rjj31-015c87ab7e44c751c454acec7aeb527a av-styling- avia-align-center  avia-builder-el-23  avia-builder-el-no-sibling  ' ><div class=\"avia-image-container-inner\"><div class=\"avia-image-overlay-wrap\"><img decoding=\"async\" class='wp-image-3817 avia-img-lazy-loading-not-3817 avia_image' src=\"https:\/\/salsalibre.dk\/dk\/wp-content\/uploads\/sites\/3\/2018\/11\/45427242_757604294605604_4672560118921953280_n.jpg\" alt='' title='45427242_757604294605604_4672560118921953280_n'  height=\"682\" width=\"682\" srcset=\"https:\/\/salsalibre.dk\/dk\/wp-content\/uploads\/sites\/3\/2018\/11\/45427242_757604294605604_4672560118921953280_n.jpg 682w, https:\/\/salsalibre.dk\/dk\/wp-content\/uploads\/sites\/3\/2018\/11\/45427242_757604294605604_4672560118921953280_n-80x80.jpg 80w, https:\/\/salsalibre.dk\/dk\/wp-content\/uploads\/sites\/3\/2018\/11\/45427242_757604294605604_4672560118921953280_n-300x300.jpg 300w, https:\/\/salsalibre.dk\/dk\/wp-content\/uploads\/sites\/3\/2018\/11\/45427242_757604294605604_4672560118921953280_n-36x36.jpg 36w, https:\/\/salsalibre.dk\/dk\/wp-content\/uploads\/sites\/3\/2018\/11\/45427242_757604294605604_4672560118921953280_n-180x180.jpg 180w, https:\/\/salsalibre.dk\/dk\/wp-content\/uploads\/sites\/3\/2018\/11\/45427242_757604294605604_4672560118921953280_n-100x100.jpg 100w, https:\/\/salsalibre.dk\/dk\/wp-content\/uploads\/sites\/3\/2018\/11\/45427242_757604294605604_4672560118921953280_n-600x600.jpg 600w\" sizes=\"(max-width: 682px) 100vw, 682px\" \/><\/div><\/div><\/div><\/div>\n<style type=\"text\/css\" data-created_by=\"avia_inline_auto\" id=\"style-css-av-n58s5-fc90ac0c23a81381b44581fe9bc1c5b3\">\n.flex_column.av-n58s5-fc90ac0c23a81381b44581fe9bc1c5b3{\nborder-radius:0px 0px 0px 0px;\n-webkit-border-radius:0px 0px 0px 0px;\n-moz-border-radius:0px 0px 0px 0px;\n}\n<\/style>\n<div class='flex_column av-n58s5-fc90ac0c23a81381b44581fe9bc1c5b3 av_two_third  avia-builder-el-24  el_after_av_one_third  avia-builder-el-last  flex_column_div av-zero-column-padding '   ><p>\n<style type=\"text\/css\" data-created_by=\"avia_inline_auto\" id=\"style-css-av-9rz5x-8eace205cbd9808543ce9fe2ad7c234e\">\n#top .av-special-heading.av-9rz5x-8eace205cbd9808543ce9fe2ad7c234e{\npadding-bottom:10px;\n}\n<\/style>\n<div  class='av-special-heading av-9rz5x-8eace205cbd9808543ce9fe2ad7c234e av-special-heading-h1 blockquote modern-quote  avia-builder-el-25  el_before_av_textblock  avia-builder-el-first  '><h1 class='av-special-heading-tag '  >Susana Kuo Abreu<\/h1><div class='special-heading-border'><div class='special-heading-inner-border'><\/div><\/div><\/div><br \/>\n<section class=\"av_textblock_section \" ><div class='avia_textblock  '  style='font-size:16px; ' ><p>Som halv dominikaner og halv taiwaneser har Susana en st\u00e6rk passion for alle latindanse. Susana er igennem mange \u00e5r tr\u00e6net professionelt i flere forskellige dansestilarter, heriblandt salsa on1 og on2, dominikansk bachata, samba og hip hop.<\/p>\n<p>I 2013 vandt Susana f\u00f8rste pladsen i TV programmet Dancing Stars og i 2012 optr\u00e5dte Susana med en Salsa performance i TV programmet Step Up Taiwan.<\/p>\n<p>Susana har undervist i b\u00e5de salsa og bachata i K\u00f8benhavn igennem mange \u00e5r.<\/p>\n<p>Susana er kendt for hendes yndefulde dansestil kombineret med en eksplosiv energi.<\/p>\n<p>Som underviser fylder Susana rummet med samme h\u00f8je energi og har altid fokus p\u00e5 detaljerne. For Susana handler dans om meget mere end spins og bev\u00e6gelse, det handler om at f\u00f8le og nyde dansen, en filosofi der afspejler sig i hendes undervisning.<\/p>\n<\/div><\/section><\/p><\/div><\/div><\/div><\/div><!-- close content main div --><\/div><div class='av-extra-border-element border-extra-arrow-down'><div class='av-extra-border-outer'><div class='av-extra-border-inner'><\/div><\/div><\/div><\/div><div id='after_section_5'  class='main_color av_default_container_wrap container_wrap sidebar_right'  ><div class='container av-section-cont-open' ><div class='template-page content  av-content-small alpha units'><div class='post-entry post-entry-type-page post-entry-829'><div class='entry-content-wrapper clearfix'><\/p>\n","protected":false},"excerpt":{"rendered":"","protected":false},"author":4,"featured_media":1883,"parent":26,"menu_order":10,"comment_status":"open","ping_status":"open","template":"","meta":{"_exactmetrics_skip_tracking":false,"_exactmetrics_sitenote_active":false,"_exactmetrics_sitenote_note":"","_exactmetrics_sitenote_category":0,"footnotes":""},"class_list":["post-829","page","type-page","status-publish","has-post-thumbnail","hentry"],"aioseo_notices":[],"_links":{"self":[{"href":"https:\/\/salsalibre.dk\/dk\/wp-json\/wp\/v2\/pages\/829","targetHints":{"allow":["GET"]}}],"collection":[{"href":"https:\/\/salsalibre.dk\/dk\/wp-json\/wp\/v2\/pages"}],"about":[{"href":"https:\/\/salsalibre.dk\/dk\/wp-json\/wp\/v2\/types\/page"}],"author":[{"embeddable":true,"href":"https:\/\/salsalibre.dk\/dk\/wp-json\/wp\/v2\/users\/4"}],"replies":[{"embeddable":true,"href":"https:\/\/salsalibre.dk\/dk\/wp-json\/wp\/v2\/comments?post=829"}],"version-history":[{"count":67,"href":"https:\/\/salsalibre.dk\/dk\/wp-json\/wp\/v2\/pages\/829\/revisions"}],"predecessor-version":[{"id":13046,"href":"https:\/\/salsalibre.dk\/dk\/wp-json\/wp\/v2\/pages\/829\/revisions\/13046"}],"up":[{"embeddable":true,"href":"https:\/\/salsalibre.dk\/dk\/wp-json\/wp\/v2\/pages\/26"}],"wp:featuredmedia":[{"embeddable":true,"href":"https:\/\/salsalibre.dk\/dk\/wp-json\/wp\/v2\/media\/1883"}],"wp:attachment":[{"href":"https:\/\/salsalibre.dk\/dk\/wp-json\/wp\/v2\/media?parent=829"}],"curies":[{"name":"wp","href":"https:\/\/api.w.org\/{rel}","templated":true}]}}