{"id":7632,"date":"2020-09-28T18:57:38","date_gmt":"2020-09-28T16:57:38","guid":{"rendered":"https:\/\/salsalibre.dk\/dk\/?page_id=7632"},"modified":"2025-10-27T18:15:00","modified_gmt":"2025-10-27T17:15:00","slug":"vilkaar-og-betingelser","status":"publish","type":"page","link":"https:\/\/salsalibre.dk\/dk\/vilkaar-og-betingelser\/","title":{"rendered":"Vilk\u00e5r og betingelser"},"content":{"rendered":"\n<style type=\"text\/css\" data-created_by=\"avia_inline_auto\" id=\"style-css-av-31v2fk-bcec1e979afbecbf9ba73b07d6276700\">\n.flex_column.av-31v2fk-bcec1e979afbecbf9ba73b07d6276700{\nborder-radius:0px 0px 0px 0px;\n-webkit-border-radius:0px 0px 0px 0px;\n-moz-border-radius:0px 0px 0px 0px;\n}\n<\/style>\n<div class='flex_column av-31v2fk-bcec1e979afbecbf9ba73b07d6276700 av_one_full  avia-builder-el-0  avia-builder-el-no-sibling  first flex_column_div av-zero-column-padding '   ><section class=\"av_textblock_section \" ><div class='avia_textblock  '  ><h1>Betingelser og vilk\u00e5r<\/h1>\n<\/div><\/section><br \/>\n<section class=\"av_textblock_section \" ><div class='avia_textblock  '  ><p><strong>TILMELDING<\/strong><\/p>\n<p>Alle tilmeldinger er bindende. Booking af undervisning foretages online p\u00e5 salsalibre.dk. Tilmeldinger til alle hold og lektioner er personlige og kan ikke deles med eller overtages af andre.<\/p>\n<p>For at sikre den bedste danseoplevelse for dig og andre deltagende, forbeholder Salsa Libre sig retten til at aflyse eller \u00e6ndre din tilmelding, hvis der ikke er plads p\u00e5 holdet, eller\u00a0hvis det vurderes, at dit danseniveau ikke matcher dit tilmeldte hold.<\/p>\n<p><strong>BETALING<\/strong><\/p>\n<p>Efter din tilmeldelse, modtager du en bekr\u00e6ftelse p\u00e5 mail. Endelige betaling foreg\u00e5r ved fysisk fremm\u00f8de f\u00f8rste undervisningsgang.<\/p>\n<p><strong>GYLDIGHED<\/strong><\/p>\n<p>Tilmeldinger er gyldige i den periode, hvor kurset forl\u00f8ber. Tilmeldinger er personlige og kan ikke overdrages til andre.<\/p>\n<p><strong>FORTRYDELSESRET og AFBUD<\/strong><\/p>\n<p>N\u00e5r betalingen er gennemf\u00f8rt ved f\u00f8rste undervisningsgang er tilmeldingen bindende og du kan ikke f\u00e5 refunderet bel\u00f8bet.<\/p>\n<p><strong>\u00c6NDRINGER I UNDERVISNINGSPLAN<\/strong><\/p>\n<p>Salsa Libre forbeholder sig ret til f\u00f8lgende:<\/p>\n<ul>\n<li>At flytte undervisningen til et andet tidspunkt og lokation.<\/li>\n<li>At inds\u00e6tte vikarer i tilf\u00e6lde af sygdom, rejser el.lign.<\/li>\n<li>At sammenl\u00e6gge hold.<\/li>\n<\/ul>\n<p><strong>ANSVAR<\/strong><\/p>\n<p>Deltagere er selv ansvarlig for at v\u00e6re i en helbredstilstand, der tillader deltagelse i danseundervisningen. Salsa Libre tager ikke ansvar for personskader som f\u00f8lge af ulykker i undervisning.<\/p>\n<p><strong>PERSONDATAPOLITIK<\/strong><\/p>\n<p>Ved tilmelding gemmer vi din mail, som benyttes i markedsf\u00f8ring. Vi opbevarer dine data indtil du \u00f8nsker dem \u00e6ndret eller slettet &#8211; du bedes sende en mail til info@salsalibre.dk og oplyse den mailadresse, som du \u00f8nsker slettet.<\/p>\n<p>Vores persondatapolitik kan \u00e6ndres, men kan altid ses p\u00e5 vores hjemmeside.<\/p>\n<p><strong>BRUG AF BILLEDER OG VIDEOER P\u00c5 NETTET<\/strong><\/p>\n<p>Du giver ved tilmelding til undervisning, events eller andet, din tilladelse til, at Salsa Libre m\u00e5 tage billeder og videoer i og af undervisningen og til events, hvor du deltager, og at disse m\u00e5 offentligg\u00f8res p\u00e5 internettet p\u00e5 f.eks. sociale medier eller hjemmeside. Billeder og videoer taget af Salsa Libre har ophavsretlig beskyttelse.<\/p>\n<p><strong>SP\u00d8RGSM\u00c5L<\/strong><\/p>\n<p>Har du sp\u00f8rgsm\u00e5l til hold, tilmeldingsbetingelser eller lignende, er du velkommen til at sende en mail til info@salsalibre.dk.<\/p>\n<p>Salsa Libre Dance Company<\/p>\n<p>CVR nr 44129167<\/p>\n<\/div><\/section><\/p><\/div>\n","protected":false},"excerpt":{"rendered":"","protected":false},"author":4,"featured_media":0,"parent":0,"menu_order":0,"comment_status":"closed","ping_status":"closed","template":"","meta":{"_exactmetrics_skip_tracking":false,"_exactmetrics_sitenote_active":false,"_exactmetrics_sitenote_note":"","_exactmetrics_sitenote_category":0,"footnotes":""},"class_list":["post-7632","page","type-page","status-publish","hentry"],"aioseo_notices":[],"_links":{"self":[{"href":"https:\/\/salsalibre.dk\/dk\/wp-json\/wp\/v2\/pages\/7632","targetHints":{"allow":["GET"]}}],"collection":[{"href":"https:\/\/salsalibre.dk\/dk\/wp-json\/wp\/v2\/pages"}],"about":[{"href":"https:\/\/salsalibre.dk\/dk\/wp-json\/wp\/v2\/types\/page"}],"author":[{"embeddable":true,"href":"https:\/\/salsalibre.dk\/dk\/wp-json\/wp\/v2\/users\/4"}],"replies":[{"embeddable":true,"href":"https:\/\/salsalibre.dk\/dk\/wp-json\/wp\/v2\/comments?post=7632"}],"version-history":[{"count":11,"href":"https:\/\/salsalibre.dk\/dk\/wp-json\/wp\/v2\/pages\/7632\/revisions"}],"predecessor-version":[{"id":12431,"href":"https:\/\/salsalibre.dk\/dk\/wp-json\/wp\/v2\/pages\/7632\/revisions\/12431"}],"wp:attachment":[{"href":"https:\/\/salsalibre.dk\/dk\/wp-json\/wp\/v2\/media?parent=7632"}],"curies":[{"name":"wp","href":"https:\/\/api.w.org\/{rel}","templated":true}]}}