{"id":611,"date":"2018-03-11T16:04:39","date_gmt":"2018-03-11T15:04:39","guid":{"rendered":"http:\/\/salsalibre.dk\/salsalibre-2\/?page_id=611"},"modified":"2025-10-27T18:56:27","modified_gmt":"2025-10-27T17:56:27","slug":"kontakt","status":"publish","type":"page","link":"https:\/\/salsalibre.dk\/dk\/kontakt\/","title":{"rendered":"Kontakt"},"content":{"rendered":"\n<style type=\"text\/css\" data-created_by=\"avia_inline_auto\" id=\"style-css-av-jolbh3w4-366945ae3b7972f9b78e123deaf60651\">\n.avia-section.av-jolbh3w4-366945ae3b7972f9b78e123deaf60651 .av-extra-border-element .av-extra-border-inner{\nbackground-color:#474747;\n}\n<\/style>\n<div id='av_section_1'  class='avia-section av-jolbh3w4-366945ae3b7972f9b78e123deaf60651 main_color avia-section-default avia-no-border-styling  avia-builder-el-0  el_before_av_section  avia-builder-el-first  avia-bg-style-scroll  av-arrow-down-section container_wrap sidebar_right'  ><div class='container av-section-cont-open' ><main  class='template-page content  av-content-small alpha units'><div class='post-entry post-entry-type-page post-entry-611'><div class='entry-content-wrapper clearfix'>\n\n<style type=\"text\/css\" data-created_by=\"avia_inline_auto\" id=\"style-css-av-jrdraaqp-ebab3f6f33ae37055886d807a2043eec\">\n#top .av-special-heading.av-jrdraaqp-ebab3f6f33ae37055886d807a2043eec{\npadding-bottom:10px;\n}\n<\/style>\n<div  class='av-special-heading av-jrdraaqp-ebab3f6f33ae37055886d807a2043eec av-special-heading-h1 blockquote modern-quote  avia-builder-el-1  avia-builder-el-no-sibling  '><h1 class='av-special-heading-tag '  >Kontakt Salsa Libre<\/h1><div class='special-heading-border'><div class='special-heading-inner-border'><\/div><\/div><\/div>\n\n<\/div><\/div><\/main><!-- close content main element --><\/div><div class='av-extra-border-element border-extra-arrow-down'><div class='av-extra-border-outer'><div class='av-extra-border-inner'><\/div><\/div><\/div><\/div>\n<style type=\"text\/css\" data-created_by=\"avia_inline_auto\" id=\"style-css-av-2747yr-d8075b955e0c189c3e00ec5623b01a45\">\n.avia-section.av-2747yr-d8075b955e0c189c3e00ec5623b01a45 .av-extra-border-element .av-extra-border-inner{\nbackground-color:#292929;\n}\n<\/style>\n<div id='av_section_2'  class='avia-section av-2747yr-d8075b955e0c189c3e00ec5623b01a45 alternate_color avia-section-default avia-no-border-styling  avia-builder-el-2  el_after_av_section  avia-builder-el-last  avia-bg-style-scroll  av-arrow-down-section container_wrap sidebar_right'  ><div class='container av-section-cont-open' ><div class='template-page content  av-content-small alpha units'><div class='post-entry post-entry-type-page post-entry-611'><div class='entry-content-wrapper clearfix'>\n\n<style type=\"text\/css\" data-created_by=\"avia_inline_auto\" id=\"style-css-av-80t2r-228f58411496f7f6563207f86a399ef6\">\n.flex_column.av-80t2r-228f58411496f7f6563207f86a399ef6{\nborder-radius:0px 0px 0px 0px;\n-webkit-border-radius:0px 0px 0px 0px;\n-moz-border-radius:0px 0px 0px 0px;\n}\n<\/style>\n<div class='flex_column av-80t2r-228f58411496f7f6563207f86a399ef6 av_one_half  avia-builder-el-3  el_before_av_one_half  avia-builder-el-first  first flex_column_div av-zero-column-padding '   ><form action=\"https:\/\/salsalibre.dk\/dk\/kontakt\/\" method=\"post\"  class=\"avia_ajax_form av-form-labels-hidden   avia-builder-el-4  avia-builder-el-no-sibling   \" data-avia-form-id=\"1\" data-avia-redirect='' ><h3 class=''>Send os en mail, og vender vi tilbage hurtigst muligt.<\/h3><fieldset><p class='  first_form  form_element form_fullwidth' id='element_avia_1_1'><label for=\"avia_1_1\">Navn <abbr class=\"required\" title=\"required\">*<\/abbr><\/label> <input name=\"avia_1_1\" class=\"text_input is_empty\" type=\"text\" id=\"avia_1_1\" value=\"\"  placeholder='Navn*'\/><\/p><p class='  first_form  form_element form_fullwidth' id='element_avia_2_1'><label for=\"avia_2_1\">E-Mail <abbr class=\"required\" title=\"required\">*<\/abbr><\/label> <input name=\"avia_2_1\" class=\"text_input is_email\" type=\"text\" id=\"avia_2_1\" value=\"\"  placeholder='E-Mail*'\/><\/p><p class='  first_form  form_element form_fullwidth' id='element_avia_3_1'><label for=\"avia_3_1\">Emne <abbr class=\"required\" title=\"required\">*<\/abbr><\/label> <input name=\"avia_3_1\" class=\"text_input is_empty\" type=\"text\" id=\"avia_3_1\" value=\"\"  placeholder='Emne*'\/><\/p><p class='  first_form  form_element form_fullwidth' id='element_avia_4_1'><label for=\"avia_4_1\" class=\"textare_label hidden textare_label_avia_4_1\">Meddelelse <abbr class=\"required\" title=\"required\">*<\/abbr><\/label><textarea  placeholder='Meddelelse*' name=\"avia_4_1\" class=\"text_area is_empty\" cols=\"40\" rows=\"7\" id=\"avia_4_1\" ><\/textarea><\/p><p class=\"hidden\"><input type=\"text\" name=\"avia_5_1\" class=\"hidden \" id=\"avia_5_1\" value=\"\" \/><\/p><div id='avia_6_1' class='av-recaptcha-area  first_form  form_element form_fullwidth '  data-container_class=\"\" data-custom_class=\"\" data-context=\"av_contact_form\" data-token_input=\"av_recaptcha_token\" data-version=\"avia_recaptcha_v3\" data-theme=\"light\" data-size=\"normal\" data-score=\"0.5\" data-text_to_preview=\"\" data-value=\"\"><div class=\"av-google-badge-message hidden\">This site is protected by reCAPTCHA and the Google <a href=\"https:\/\/policies.google.com\/privacy\">Privacy Policy<\/a> and <a href=\"https:\/\/policies.google.com\/terms\">Terms of Service<\/a> apply.<\/div><\/div><p class=\"form_element \"><input type=\"hidden\" value=\"1\" name=\"avia_generated_form1\" \/><input type=\"submit\" value=\"Send\" class=\"button\"  data-sending-label=\"Sending\"\/><\/p><\/fieldset><div class=\"avia-disabled-form\">This contact form is deactivated because you refused to accept Google reCaptcha service which is necessary to validate any messages sent by the form.<\/div><\/form><div id=\"ajaxresponse_1\" class=\"ajaxresponse ajaxresponse_1 hidden\"><\/div><\/div>\n<style type=\"text\/css\" data-created_by=\"avia_inline_auto\" id=\"style-css-av-80t2r-2a05e93614760db830cb73d7f700ff0a\">\n.flex_column.av-80t2r-2a05e93614760db830cb73d7f700ff0a{\nborder-radius:0px 0px 0px 0px;\n-webkit-border-radius:0px 0px 0px 0px;\n-moz-border-radius:0px 0px 0px 0px;\n}\n<\/style>\n<div class='flex_column av-80t2r-2a05e93614760db830cb73d7f700ff0a av_one_half  avia-builder-el-5  el_after_av_one_half  avia-builder-el-last  flex_column_div av-zero-column-padding '   ><p>\n<style type=\"text\/css\" data-created_by=\"avia_inline_auto\" id=\"style-css-av-6y6n7-716d860e8c140f3866a6252462dd410b\">\n#top .av-special-heading.av-6y6n7-716d860e8c140f3866a6252462dd410b{\npadding-bottom:10px;\n}\n<\/style>\n<div  class='av-special-heading av-6y6n7-716d860e8c140f3866a6252462dd410b av-special-heading-h3 blockquote modern-quote  avia-builder-el-6  el_before_av_textblock  avia-builder-el-first  '><h3 class='av-special-heading-tag '  >Yderligere information<\/h3><div class='special-heading-border'><div class='special-heading-inner-border'><\/div><\/div><\/div><br \/>\n<section class=\"av_textblock_section \" ><div class='avia_textblock  av_inherit_color '  style='font-size:14px; color:#ffffff; ' ><p><a href=\"https:\/\/salsalibre.dk\/dk\/danse-undervisning-koebenhavn\/\">For mere information om Salsa- og Bachata undervisning, klik her.<\/a><\/p>\n<p><a href=\"https:\/\/salsalibre.dk\/dk\/salsa-bachata-events-koebenhavn\/\">L\u00e6s mere om vores events here.<\/a><\/p>\n<\/div><\/section><br \/>\n\n<style type=\"text\/css\" data-created_by=\"avia_inline_auto\" id=\"style-css-av-jog8hqq7-51560769f65932f199df791d3be751e0\">\n#top .hr.av-jog8hqq7-51560769f65932f199df791d3be751e0{\nmargin-top:5;\nmargin-bottom:5;\n}\n.hr.av-jog8hqq7-51560769f65932f199df791d3be751e0 .hr-inner{\nwidth:50px;\n}\n<\/style>\n<div  class='hr av-jog8hqq7-51560769f65932f199df791d3be751e0 hr-custom  avia-builder-el-8  el_after_av_textblock  el_before_av_textblock  hr-center hr-icon-no '><span class='hr-inner inner-border-av-border-thin'><span class=\"hr-inner-style\"><\/span><\/span><\/div><br \/>\n<section class=\"av_textblock_section \" ><div class='avia_textblock  av_inherit_color '  style='font-size:14px; color:#ffffff; ' ><p><strong>Salsa Libre Dance Company ApS<\/strong><\/p>\n<p>\/ Joaquim Aoues<br \/>\nMynstersvej 10, st.th<br \/>\n1827 Frederiksberg C<br \/>\nTelefon: (+45) 26 28 65 04<br \/>\nEmail: info@salsalibre.dk<br \/>\nCVR: 44129167<\/p>\n<p>Bem\u00e6rk: Dette er en firmaadresse. Undervisning og events finder sted p\u00e5 adskillige lokationer. Studie- og eventadresser er synlige, n\u00e5r du tilmelder dig et hold og p\u00e5 eventsider.<\/p>\n<\/div><\/section><\/p><\/div><\/div><\/div><\/div><!-- close content main div --><\/div><div class='av-extra-border-element border-extra-arrow-down'><div class='av-extra-border-outer'><div class='av-extra-border-inner'><\/div><\/div><\/div><\/div><div id='after_section_2'  class='main_color av_default_container_wrap container_wrap sidebar_right'  ><div class='container av-section-cont-open' ><div class='template-page content  av-content-small alpha units'><div class='post-entry post-entry-type-page post-entry-611'><div class='entry-content-wrapper clearfix'>\n","protected":false},"excerpt":{"rendered":"","protected":false},"author":4,"featured_media":2449,"parent":0,"menu_order":70,"comment_status":"open","ping_status":"open","template":"","meta":{"_exactmetrics_skip_tracking":false,"_exactmetrics_sitenote_active":false,"_exactmetrics_sitenote_note":"","_exactmetrics_sitenote_category":0,"footnotes":""},"class_list":["post-611","page","type-page","status-publish","has-post-thumbnail","hentry"],"aioseo_notices":[],"_links":{"self":[{"href":"https:\/\/salsalibre.dk\/dk\/wp-json\/wp\/v2\/pages\/611","targetHints":{"allow":["GET"]}}],"collection":[{"href":"https:\/\/salsalibre.dk\/dk\/wp-json\/wp\/v2\/pages"}],"about":[{"href":"https:\/\/salsalibre.dk\/dk\/wp-json\/wp\/v2\/types\/page"}],"author":[{"embeddable":true,"href":"https:\/\/salsalibre.dk\/dk\/wp-json\/wp\/v2\/users\/4"}],"replies":[{"embeddable":true,"href":"https:\/\/salsalibre.dk\/dk\/wp-json\/wp\/v2\/comments?post=611"}],"version-history":[{"count":85,"href":"https:\/\/salsalibre.dk\/dk\/wp-json\/wp\/v2\/pages\/611\/revisions"}],"predecessor-version":[{"id":12473,"href":"https:\/\/salsalibre.dk\/dk\/wp-json\/wp\/v2\/pages\/611\/revisions\/12473"}],"wp:featuredmedia":[{"embeddable":true,"href":"https:\/\/salsalibre.dk\/dk\/wp-json\/wp\/v2\/media\/2449"}],"wp:attachment":[{"href":"https:\/\/salsalibre.dk\/dk\/wp-json\/wp\/v2\/media?parent=611"}],"curies":[{"name":"wp","href":"https:\/\/api.w.org\/{rel}","templated":true}]}}