{"id":5365,"date":"2018-09-10T11:34:18","date_gmt":"2018-09-10T09:34:18","guid":{"rendered":"https:\/\/salsalibre.dk\/salsalibre-2\/?page_id=5365"},"modified":"2019-02-24T18:06:38","modified_gmt":"2019-02-24T17:06:38","slug":"privacy-policy","status":"publish","type":"page","link":"https:\/\/salsalibre.dk\/dk\/privacy-policy\/","title":{"rendered":"Privacy Policy"},"content":{"rendered":"\n<style type=\"text\/css\" data-created_by=\"avia_inline_auto\" id=\"style-css-av-jolbyqzg-c45c880dbf95f1322e9d4bd608b47b1d\">\n.avia-section.av-jolbyqzg-c45c880dbf95f1322e9d4bd608b47b1d .av-extra-border-element .av-extra-border-inner{\nbackground-color:#474747;\n}\n<\/style>\n<div id='av_section_1'  class='avia-section av-jolbyqzg-c45c880dbf95f1322e9d4bd608b47b1d main_color avia-section-default avia-no-border-styling  avia-builder-el-0  el_before_av_section  avia-builder-el-first  avia-bg-style-scroll  av-arrow-down-section container_wrap sidebar_right'  ><div class='container av-section-cont-open' ><main  class='template-page content  av-content-small alpha units'><div class='post-entry post-entry-type-page post-entry-5365'><div class='entry-content-wrapper clearfix'>\n\n<style type=\"text\/css\" data-created_by=\"avia_inline_auto\" id=\"style-css-av-jqqsd2c5-e8e89e92c85cf8411b3dda8719f6c905\">\n#top .av-special-heading.av-jqqsd2c5-e8e89e92c85cf8411b3dda8719f6c905{\npadding-bottom:10px;\n}\n<\/style>\n<div  class='av-special-heading av-jqqsd2c5-e8e89e92c85cf8411b3dda8719f6c905 av-special-heading-h1 blockquote modern-quote  avia-builder-el-1  avia-builder-el-no-sibling  '><h1 class='av-special-heading-tag '  >Salsa Libre and Privacy Policy<\/h1><div class='special-heading-border'><div class='special-heading-inner-border'><\/div><\/div><\/div>\n\n<\/div><\/div><\/main><!-- close content main element --><\/div><div class='av-extra-border-element border-extra-arrow-down'><div class='av-extra-border-outer'><div class='av-extra-border-inner'><\/div><\/div><\/div><\/div>\n<style type=\"text\/css\" data-created_by=\"avia_inline_auto\" id=\"style-css-av-3epay-8a14aa519875bad2be1693a6edaa38d9\">\n.avia-section.av-3epay-8a14aa519875bad2be1693a6edaa38d9 .av-extra-border-element .av-extra-border-inner{\nbackground-color:#292929;\n}\n<\/style>\n<div id='av_section_2'  class='avia-section av-3epay-8a14aa519875bad2be1693a6edaa38d9 alternate_color avia-section-default avia-no-border-styling  avia-builder-el-2  el_after_av_section  avia-builder-el-last  avia-bg-style-scroll  av-arrow-down-section container_wrap sidebar_right'  ><div class='container av-section-cont-open' ><div class='template-page content  av-content-small alpha units'><div class='post-entry post-entry-type-page post-entry-5365'><div class='entry-content-wrapper clearfix'>\n\n<style type=\"text\/css\" data-created_by=\"avia_inline_auto\" id=\"style-css-av-2t6m2-e0a2859071144ddce2a94e4817a2caa5\">\n.flex_column.av-2t6m2-e0a2859071144ddce2a94e4817a2caa5{\nborder-radius:0px 0px 0px 0px;\n-webkit-border-radius:0px 0px 0px 0px;\n-moz-border-radius:0px 0px 0px 0px;\n}\n<\/style>\n<div class='flex_column av-2t6m2-e0a2859071144ddce2a94e4817a2caa5 av_two_fifth  avia-builder-el-3  el_before_av_three_fifth  avia-builder-el-first  first flex_column_div av-zero-column-padding '   ><style type=\"text\/css\" data-created_by=\"avia_inline_auto\" id=\"style-css-av-jolcr9ro-085f3777ec51bd58cfa9ce99f3247709\">\n.avia-image-container.av-jolcr9ro-085f3777ec51bd58cfa9ce99f3247709 .av-image-caption-overlay-center{\ncolor:#ffffff;\n}\n<\/style>\n<div  class='avia-image-container av-jolcr9ro-085f3777ec51bd58cfa9ce99f3247709 av-styling-no-styling av-hover-grow avia_animated_image avia_animate_when_almost_visible fade-in avia-align-center  avia-builder-el-4  avia-builder-el-no-sibling  ' ><div class=\"avia-image-container-inner\"><div class=\"avia-image-overlay-wrap\"><img decoding=\"async\" class='wp-image-692 avia-img-lazy-loading-not-692 avia_image' src=\"https:\/\/salsalibre.dk\/dk\/wp-content\/uploads\/sites\/3\/2018\/03\/salsa_white_icon.png\" alt='' title='salsa_white_icon'  height=\"256\" width=\"256\" srcset=\"https:\/\/salsalibre.dk\/dk\/wp-content\/uploads\/sites\/3\/2018\/03\/salsa_white_icon.png 256w, https:\/\/salsalibre.dk\/dk\/wp-content\/uploads\/sites\/3\/2018\/03\/salsa_white_icon-80x80.png 80w, https:\/\/salsalibre.dk\/dk\/wp-content\/uploads\/sites\/3\/2018\/03\/salsa_white_icon-36x36.png 36w, https:\/\/salsalibre.dk\/dk\/wp-content\/uploads\/sites\/3\/2018\/03\/salsa_white_icon-180x180.png 180w, https:\/\/salsalibre.dk\/dk\/wp-content\/uploads\/sites\/3\/2018\/03\/salsa_white_icon-100x100.png 100w\" sizes=\"(max-width: 256px) 100vw, 256px\" \/><\/div><\/div><\/div><\/div>\n<style type=\"text\/css\" data-created_by=\"avia_inline_auto\" id=\"style-css-av-1p43i-68f72e15cd523c73d72cae15d715f604\">\n.flex_column.av-1p43i-68f72e15cd523c73d72cae15d715f604{\nborder-radius:0px 0px 0px 0px;\n-webkit-border-radius:0px 0px 0px 0px;\n-moz-border-radius:0px 0px 0px 0px;\npadding:1px 1px 1px 1px;\n}\n<\/style>\n<div class='flex_column av-1p43i-68f72e15cd523c73d72cae15d715f604 av_three_fifth  avia-builder-el-5  el_after_av_two_fifth  avia-builder-el-last  flex_column_div '   ><section class=\"av_textblock_section \" ><div class='avia_textblock  av_inherit_color '  style='font-size:16px; color:#ffffff; ' ><h1>HVEM ER VI<\/h1>\n<p>Vores hjemmeside: https:\/\/salsalibre.dk<\/p>\n<h3>Kommentarer<\/h3>\n<p>N\u00e5r du bes\u00f8gende efterlader kommentarer p\u00e5 vores hjemmeside indsamler vi data i kommentarformat, samt den bes\u00f8gendes IP-adresse og browserens brugerstreng agent for at forebygge spam.<\/p>\n<p>Et anonymiseret streng fra din e-mailadresse (ogs\u00e5 kaldet et hash) kan blive leveret til servicen Gravatar for at se, om den bruges af dig. Privatlisvspolitikken for servicen Gravatar findes her: <a href=\"https:\/\/automattic.com\/privacy\/\">https:\/\/automattic.com\/privacy\/<\/a>. Efter godkendelse af din kommentar, vil dit profilbillede v\u00e6re offentligt tilg\u00e6ngelig i forbindelse med din kommentar.<\/p>\n<h3>Medie<\/h3>\n<p>Ved upload af billeder til hjemmesiden b\u00f8r du undg\u00e5 at uploade billeder, der indeholder lokationsdata (EXIS GPS). Bes\u00f8gende kan downloade samt udtr\u00e6kke alle lokationsdata fra billeder p\u00e5 vores hjemmeside.<\/p>\n<h3>Kontaktformularer<\/h3>\n<p><em>Hvordan vi deler din data<\/em><br \/>\n<em> Hvor l\u00e6nge vi beholder din data<\/em><\/p>\n<h3>Cookies<\/h3>\n<p>Efterlader du kommentarer p\u00e5 vores hjemmeside kan dit navn, e-mailadresse og hjemmeside gemmes i form af cookies. Dette er for at du ikke skal udfylde alle detaljer, n\u00e5r du n\u00e6ste gang efterlader en kommentar. Disse cookies vil vare et \u00e5r. Hvis du efterlader en kommentar, vil kommentaren og dens metadata bevares p\u00e5 ubestemt tid. Dette er s\u00e5 vi kan genkende og godkende opf\u00f8lgende kommentarer automatisk.<\/p>\n<p>Hvis du har en konto og logger ind p\u00e5 vores hjemmeside, vil vi placere en midlertidig cookie for at vurdere, om din browser accepterer cookies. Disse cookies indeholder ikke personlig data og kasseres, n\u00e5r du lukker din browser.<\/p>\n<p>N\u00e5r du logger ind, vil vi ogs\u00e5 placere adskillige cookies for at gemme dit information om login, hvor din sk\u00e6rm vil vise forskellige valg. Login cookies varer to dage og sk\u00e6rm cookies varer et \u00e5r. Hvis du v\u00e6lger \u201dHusk mig\u201d, vil dit login vedvare to uger. Logger du ud af din konto, vil login cookies blive fjernet.<\/p>\n<p>Hvis du redigerer i eller publicerer en artikel, vil endnu en cookie blive gemt i din browser. Denne cookie indeholder ingen personlig data og viser blot ID for den artikel, du netop har redigeret. Denne udl\u00f8ber efter en dag.<\/p>\n<h3>Indhold fra andre hjemmesider<\/h3>\n<p>Artikler fra denne hjemmeside kan v\u00e6re omsluttet af indhold s\u00e5som videoer, billeder, artikler etc. Dette indhold vil optr\u00e6de p\u00e5 samme m\u00e5de som n\u00e5r bes\u00f8gende har bes\u00f8gt anden hjemmeside.<\/p>\n<p>Disse hjemmesider kan indsamle data om dig, bruge cookies, indlejre tredjeparts tracking, overv\u00e5ge din interaktion med andet indlejret indhold samt spore din interaktion med indlejret indhold, hvis du har en konto og er logget ind p\u00e5 hjemmesiden.<\/p>\n<h3>Analytik<\/h3>\n<p><em>Hvordan vi deler din data<\/em><br \/>\n<em> Hvor l\u00e6nge vi beholder din data<\/em><\/p>\n<p>For brugere, der registrerer sig p\u00e5 vores hjemmeside, vil vi gemme personlig information, de selv stiller til r\u00e5dighed via deres profil. Alle brugere kan se, redigere og slette personlig information til enhver tid. Dog kan brugernavn ikke \u00e6ndres. Administratorer af hjemmesiden kan ligeledes se og redigere denne information.<\/p>\n<h3>Dine rettigheder over din data<\/h3>\n<p>Hvis du har en konto p\u00e5 denne hjemmeside eller efterlader kommentarer, kan du anmode om at modtage en eksporteret fil af den personlig data, samt al den data, du har leveret til os. Du kan ogs\u00e5 anmode om, at vi sletter al personlig data om dig. Dette inkluderer dog ikke data, som vi er forpligtet til at gemme grundet administrative-, lovm\u00e6ssige- eller sikkerhedsm\u00e6ssige form\u00e5l.<\/p>\n<h3>Hvor sender vi din data<\/h3>\n<p>Bes\u00f8gendes kommentarer kan blive unders\u00f8gt gennem en automatisk service for sporing af spam.<\/p>\n<\/div><\/section><\/div><\/div><\/div><\/div><!-- close content main div --><\/div><div class='av-extra-border-element border-extra-arrow-down'><div class='av-extra-border-outer'><div class='av-extra-border-inner'><\/div><\/div><\/div><\/div><div id='after_section_2'  class='main_color av_default_container_wrap container_wrap sidebar_right'  ><div class='container av-section-cont-open' ><div class='template-page content  av-content-small alpha units'><div class='post-entry post-entry-type-page post-entry-5365'><div class='entry-content-wrapper clearfix'>\n","protected":false},"excerpt":{"rendered":"","protected":false},"author":1,"featured_media":1117,"parent":0,"menu_order":99,"comment_status":"open","ping_status":"closed","template":"","meta":{"_exactmetrics_skip_tracking":false,"_exactmetrics_sitenote_active":false,"_exactmetrics_sitenote_note":"","_exactmetrics_sitenote_category":0,"footnotes":""},"class_list":["post-5365","page","type-page","status-publish","has-post-thumbnail","hentry"],"aioseo_notices":[],"_links":{"self":[{"href":"https:\/\/salsalibre.dk\/dk\/wp-json\/wp\/v2\/pages\/5365","targetHints":{"allow":["GET"]}}],"collection":[{"href":"https:\/\/salsalibre.dk\/dk\/wp-json\/wp\/v2\/pages"}],"about":[{"href":"https:\/\/salsalibre.dk\/dk\/wp-json\/wp\/v2\/types\/page"}],"author":[{"embeddable":true,"href":"https:\/\/salsalibre.dk\/dk\/wp-json\/wp\/v2\/users\/1"}],"replies":[{"embeddable":true,"href":"https:\/\/salsalibre.dk\/dk\/wp-json\/wp\/v2\/comments?post=5365"}],"version-history":[{"count":5,"href":"https:\/\/salsalibre.dk\/dk\/wp-json\/wp\/v2\/pages\/5365\/revisions"}],"predecessor-version":[{"id":6429,"href":"https:\/\/salsalibre.dk\/dk\/wp-json\/wp\/v2\/pages\/5365\/revisions\/6429"}],"wp:featuredmedia":[{"embeddable":true,"href":"https:\/\/salsalibre.dk\/dk\/wp-json\/wp\/v2\/media\/1117"}],"wp:attachment":[{"href":"https:\/\/salsalibre.dk\/dk\/wp-json\/wp\/v2\/media?parent=5365"}],"curies":[{"name":"wp","href":"https:\/\/api.w.org\/{rel}","templated":true}]}}