{"id":4336,"date":"2018-11-12T17:57:03","date_gmt":"2018-11-12T16:57:03","guid":{"rendered":"http:\/\/salsalibre.dk\/salsalibre-2\/?page_id=4336"},"modified":"2025-10-28T18:36:16","modified_gmt":"2025-10-28T17:36:16","slug":"firma-events","status":"publish","type":"page","link":"https:\/\/salsalibre.dk\/dk\/salsa-firma-private-events\/firma-events\/","title":{"rendered":"Firmaevents"},"content":{"rendered":"<div id='av_section_1'  class='avia-section av-89793k-f2394fba852a566283f7e6a2a224d291 main_color avia-section-default avia-no-border-styling  avia-builder-el-0  el_before_av_section  avia-builder-el-first  avia-bg-style-scroll  container_wrap sidebar_right'  ><div class='container av-section-cont-open' ><main  class='template-page content  av-content-small alpha units'><div class='post-entry post-entry-type-page post-entry-4336'><div class='entry-content-wrapper clearfix'>\n\n<style type=\"text\/css\" data-created_by=\"avia_inline_auto\" id=\"style-css-av-l9xaae9a-a34b0745ad7ef32782775e4289a01032\">\n#top .av-special-heading.av-l9xaae9a-a34b0745ad7ef32782775e4289a01032{\npadding-bottom:10px;\n}\n<\/style>\n<div  class='av-special-heading av-l9xaae9a-a34b0745ad7ef32782775e4289a01032 av-special-heading-h1 blockquote modern-quote  avia-builder-el-1  avia-builder-el-no-sibling  av-linked-heading '><h1 class='av-special-heading-tag '  >Firmaevents &#8211; En oplevelse der garanterer et smil p\u00e5 l\u00e6ben <\/h1><div class='special-heading-border'><div class='special-heading-inner-border'><\/div><\/div><\/div>\n\n<\/div><\/div><\/main><!-- close content main element --><\/div><\/div><div id='av_section_2'  class='avia-section av-5ei6yo-157f3c912e6ab1068327d43802eeb55e main_color avia-section-default avia-no-border-styling  avia-builder-el-2  el_after_av_section  avia-builder-el-last  avia-bg-style-scroll  container_wrap sidebar_right'  ><div class='container av-section-cont-open' ><div class='template-page content  av-content-small alpha units'><div class='post-entry post-entry-type-page post-entry-4336'><div class='entry-content-wrapper clearfix'>\n<div class='flex_column av-4i6s8w-6aef86d6260667739f53bf271c35113b av_two_fifth  avia-builder-el-3  el_before_av_three_fifth  avia-builder-el-first  first flex_column_div '   ><div   data-size='gallery'  data-lightbox_size='large'  data-animation='slide'  data-conditional_play=''  data-ids='4383,4450'  data-video_counter='0'  data-autoplay='false'  data-bg_slider='false'  data-slide_height=''  data-handle='av_slideshow'  data-interval='5'  data-class=' avia-builder-el-4  avia-builder-el-no-sibling  '  data-el_id=''  data-css_id=''  data-scroll_down=''  data-control_layout='av-control-default'  data-custom_markup=''  data-perma_caption=''  data-autoplay_stopper=''  data-image_attachment=''  data-min_height='0px'  data-lazy_loading='disabled'  data-img_scrset=''  data-default-height='80.94674556213'  class='avia-slideshow avia-slideshow-1  av-control-default av-default-height-applied avia-slideshow-gallery av_slideshow  avia-builder-el-4  avia-builder-el-no-sibling   avia-slide-slider ' ><ul class='avia-slideshow-inner ' style='padding-bottom: 80.94674556213%;' ><li  class=' slide-1 ' ><div data-rel='slideshow-1' class='avia-slide-wrap '   ><img decoding=\"async\" class=\"wp-image-4383 avia-img-lazy-loading-not-4383\"  src=\"https:\/\/salsalibre.dk\/dk\/wp-content\/uploads\/sites\/3\/2018\/11\/Company_events3-845x684.jpg\" width=\"845\" height=\"684\" title='Company_events3' alt='' srcset=\"https:\/\/salsalibre.dk\/dk\/wp-content\/uploads\/sites\/3\/2018\/11\/Company_events3-845x684.jpg 845w, https:\/\/salsalibre.dk\/dk\/wp-content\/uploads\/sites\/3\/2018\/11\/Company_events3-495x400.jpg 495w\" sizes=\"(max-width: 845px) 100vw, 845px\" \/><\/div><\/li><li  class=' slide-2 ' ><div data-rel='slideshow-1' class='avia-slide-wrap '   ><img decoding=\"async\" class=\"wp-image-4450 avia-img-lazy-loading-not-4450\"  src=\"https:\/\/salsalibre.dk\/dk\/wp-content\/uploads\/sites\/3\/2018\/11\/company-845x684.jpg\" width=\"845\" height=\"684\" title='company' alt='' srcset=\"https:\/\/salsalibre.dk\/dk\/wp-content\/uploads\/sites\/3\/2018\/11\/company-845x684.jpg 845w, https:\/\/salsalibre.dk\/dk\/wp-content\/uploads\/sites\/3\/2018\/11\/company-495x400.jpg 495w\" sizes=\"(max-width: 845px) 100vw, 845px\" \/><\/div><\/li><\/ul><div class='avia-slideshow-arrows avia-slideshow-controls' ><a href='#prev' class='prev-slide ' aria-hidden='true' data-av_icon='\ue87c' data-av_iconfont='entypo-fontello'  tabindex='-1'>Forrige<\/a><a href='#next' class='next-slide ' aria-hidden='true' data-av_icon='\ue87d' data-av_iconfont='entypo-fontello'  tabindex='-1'>N&#230;ste<\/a><\/div><div class='avia-slideshow-dots avia-slideshow-controls'><a href='#1' class='goto-slide active' >1<\/a><a href='#2' class='goto-slide ' >2<\/a><\/div><\/div><\/div><div class='flex_column av-2teutc-e9ebde3b9e2915c80639a1c054bf0e46 av_three_fifth  avia-builder-el-5  el_after_av_two_fifth  avia-builder-el-last  flex_column_div '   ><p><section class=\"av_textblock_section \" ><div class='avia_textblock  av_inherit_color '  style='font-size:16px; color:#ffffff; ' ><p>Salsa er en partnerdans, der er baseret p\u00e5 elementer, som g\u00f8r den ideel til firma arrangementer &#8211; og en oplevelse, der garanterer et smil p\u00e5 l\u00e6ben. Salsa er en god m\u00e5de at samle jeres medarbejdere og er en perfekt icebreaker til events som firma events, sommerfest, julefrokost, konferencer, teambuding dage eller lignende events.<\/p>\n<p>Vi tilbyder forskellige pakker af firma events alt efter antallet af deltagere. Brug kontakt formularen nedenfor og lad os hj\u00e6lpe jer med jeres kommende firma event.<\/p>\n<\/div><\/section><br \/>\n\n<style type=\"text\/css\" data-created_by=\"avia_inline_auto\" id=\"style-css-av-l9xawmi8-aa029a4612bd91c8dd3e155cf170d3b8\">\n#top .avia-icon-list-container.av-l9xawmi8-aa029a4612bd91c8dd3e155cf170d3b8 .iconlist_icon{\nfont-size:16px;\n}\n#top #wrap_all .avia-icon-list-container.av-l9xawmi8-aa029a4612bd91c8dd3e155cf170d3b8 .av_iconlist_title{\nfont-size:16px;\n}\n<\/style>\n<div  class='avia-icon-list-container av-l9xawmi8-aa029a4612bd91c8dd3e155cf170d3b8  avia-builder-el-7  el_after_av_textblock  el_before_av_contact  '><ul class='avia-icon-list avia_animate_when_almost_visible avia-icon-list-left av-iconlist-small av-l9xawmi8-aa029a4612bd91c8dd3e155cf170d3b8 avia-iconlist-animate'>\n<li><div class='iconlist_icon av-l9xawkjj-85478a11fd64da51cb7436e950b15d8a avia-font-entypo-fontello'><span class='iconlist-char ' aria-hidden='true' data-av_icon='\ue827' data-av_iconfont='entypo-fontello'><\/span><\/div><article class=\"article-icon-entry av-iconlist-empty\" ><div class='iconlist_content_wrap'><header class=\"entry-content-header\"><div class='av_iconlist_title iconlist_title_small   ' >Priser fra 1.500 kr. afh\u00e6ngigt af antal deltagere samt eventuel transport<\/div><\/header><div class='iconlist_content  ' ><\/div><\/div><footer class=\"entry-footer\"><\/footer><\/article><div class='iconlist-timeline'><\/div><\/li>\n<li><div class='iconlist_icon av-l9xax1db-58d9f201fe90a1583e96b63c27f2449c avia-font-entypo-fontello'><span class='iconlist-char ' aria-hidden='true' data-av_icon='\ue862' data-av_iconfont='entypo-fontello'><\/span><\/div><article class=\"article-icon-entry av-iconlist-empty\" ><div class='iconlist_content_wrap'><header class=\"entry-content-header\"><div class='av_iconlist_title iconlist_title_small   ' >Varighed 1 time <\/div><\/header><div class='iconlist_content  ' ><\/div><\/div><footer class=\"entry-footer\"><\/footer><\/article><div class='iconlist-timeline'><\/div><\/li>\n<li><div class='iconlist_icon av-l9xaxru7-c46283f3e22ac01b4b3a30176b83197f avia-font-entypo-fontello'><span class='iconlist-char ' aria-hidden='true' data-av_icon='\ue841' data-av_iconfont='entypo-fontello'><\/span><\/div><article class=\"article-icon-entry av-iconlist-empty\" ><div class='iconlist_content_wrap'><header class=\"entry-content-header\"><div class='av_iconlist_title iconlist_title_small   ' >Vi er baseret i K\u00f8bnehavn, men bes\u00f8ger ogs\u00e5 gerne events udenfor K\u00f8benhavn <\/div><\/header><div class='iconlist_content  ' ><\/div><\/div><footer class=\"entry-footer\"><\/footer><\/article><div class='iconlist-timeline'><\/div><\/li>\n<li><div class='iconlist_icon av-l9xaynvx-52732ee84d00430ea3162e4846dcef11 avia-font-entypo-fontello'><span class='iconlist-char ' aria-hidden='true' data-av_icon='\ue81c' data-av_iconfont='entypo-fontello'><\/span><\/div><article class=\"article-icon-entry av-iconlist-empty\" ><div class='iconlist_content_wrap'><header class=\"entry-content-header\"><div class='av_iconlist_title iconlist_title_small   ' >For sp\u00f8rgsm\u00e5l og booking, brug kontakt formularen nedenfor <\/div><\/header><div class='iconlist_content  ' ><\/div><\/div><footer class=\"entry-footer\"><\/footer><\/article><div class='iconlist-timeline'><\/div><\/li>\n<\/ul><\/div><br \/>\n<form action=\"https:\/\/salsalibre.dk\/dk\/salsa-firma-private-events\/firma-events\/\" method=\"post\"  class=\"avia_ajax_form av-form-labels-hidden   avia-builder-el-8  el_after_av_iconlist  avia-builder-el-last   \" data-avia-form-id=\"1\" data-avia-redirect='' ><h3 class=''>Booking og sp\u00f8rgsm\u00e5l<\/h3><fieldset><p class='  first_form  form_element form_fullwidth' id='element_avia_1_1'><label for=\"avia_1_1\">Navn <abbr class=\"required\" title=\"required\">*<\/abbr><\/label> <input name=\"avia_1_1\" class=\"text_input is_empty\" type=\"text\" id=\"avia_1_1\" value=\"\"  placeholder='Navn*'\/><\/p><p class='  first_form  form_element form_fullwidth' id='element_avia_2_1'><label for=\"avia_2_1\">E-Mail <abbr class=\"required\" title=\"required\">*<\/abbr><\/label> <input name=\"avia_2_1\" class=\"text_input is_email\" type=\"text\" id=\"avia_2_1\" value=\"\"  placeholder='E-Mail*'\/><\/p><p class='  first_form  form_element form_fullwidth' id='element_avia_3_1'><label for=\"avia_3_1\">Emne <abbr class=\"required\" title=\"required\">*<\/abbr><\/label> <input name=\"avia_3_1\" class=\"text_input is_empty\" type=\"text\" id=\"avia_3_1\" value=\"\"  placeholder='Emne*'\/><\/p><p class='  first_form  form_element form_fullwidth' id='element_avia_4_1'><label for=\"avia_4_1\" class=\"textare_label hidden textare_label_avia_4_1\">Meddelelse <abbr class=\"required\" title=\"required\">*<\/abbr><\/label><textarea  placeholder='Meddelelse*' name=\"avia_4_1\" class=\"text_area is_empty\" cols=\"40\" rows=\"7\" id=\"avia_4_1\" ><\/textarea><\/p><p class=\"hidden\"><input type=\"text\" name=\"avia_5_1\" class=\"hidden \" id=\"avia_5_1\" value=\"\" \/><\/p><div id='avia_6_1' class='av-recaptcha-area  first_form  form_element form_fullwidth '  data-container_class=\"\" data-custom_class=\"\" data-context=\"av_contact_form\" data-token_input=\"av_recaptcha_token\" data-version=\"avia_recaptcha_v3\" data-theme=\"light\" data-size=\"normal\" data-score=\"0.5\" data-text_to_preview=\"\" data-value=\"\"><div class=\"av-google-badge-message hidden\">This site is protected by reCAPTCHA and the Google <a href=\"https:\/\/policies.google.com\/privacy\">Privacy Policy<\/a> and <a href=\"https:\/\/policies.google.com\/terms\">Terms of Service<\/a> apply.<\/div><\/div><p class=\"form_element \"><input type=\"hidden\" value=\"1\" name=\"avia_generated_form1\" \/><input type=\"submit\" value=\"Send\" class=\"button\"  data-sending-label=\"Sending\"\/><\/p><\/fieldset><div class=\"avia-disabled-form\">This contact form is deactivated because you refused to accept Google reCaptcha service which is necessary to validate any messages sent by the form.<\/div><\/form><div id=\"ajaxresponse_1\" class=\"ajaxresponse ajaxresponse_1 hidden\"><\/div><\/p><\/div><\/div><\/div><\/div><!-- close content main div --><\/div><\/div><div id='after_section_2'  class='main_color av_default_container_wrap container_wrap sidebar_right'  ><div class='container av-section-cont-open' ><div class='template-page content  av-content-small alpha units'><div class='post-entry post-entry-type-page post-entry-4336'><div class='entry-content-wrapper clearfix'>\n","protected":false},"excerpt":{"rendered":"","protected":false},"author":4,"featured_media":4384,"parent":1010,"menu_order":10,"comment_status":"closed","ping_status":"closed","template":"","meta":{"_exactmetrics_skip_tracking":false,"_exactmetrics_sitenote_active":false,"_exactmetrics_sitenote_note":"","_exactmetrics_sitenote_category":0,"footnotes":""},"class_list":["post-4336","page","type-page","status-publish","has-post-thumbnail","hentry"],"aioseo_notices":[],"_links":{"self":[{"href":"https:\/\/salsalibre.dk\/dk\/wp-json\/wp\/v2\/pages\/4336","targetHints":{"allow":["GET"]}}],"collection":[{"href":"https:\/\/salsalibre.dk\/dk\/wp-json\/wp\/v2\/pages"}],"about":[{"href":"https:\/\/salsalibre.dk\/dk\/wp-json\/wp\/v2\/types\/page"}],"author":[{"embeddable":true,"href":"https:\/\/salsalibre.dk\/dk\/wp-json\/wp\/v2\/users\/4"}],"replies":[{"embeddable":true,"href":"https:\/\/salsalibre.dk\/dk\/wp-json\/wp\/v2\/comments?post=4336"}],"version-history":[{"count":101,"href":"https:\/\/salsalibre.dk\/dk\/wp-json\/wp\/v2\/pages\/4336\/revisions"}],"predecessor-version":[{"id":12465,"href":"https:\/\/salsalibre.dk\/dk\/wp-json\/wp\/v2\/pages\/4336\/revisions\/12465"}],"up":[{"embeddable":true,"href":"https:\/\/salsalibre.dk\/dk\/wp-json\/wp\/v2\/pages\/1010"}],"wp:featuredmedia":[{"embeddable":true,"href":"https:\/\/salsalibre.dk\/dk\/wp-json\/wp\/v2\/media\/4384"}],"wp:attachment":[{"href":"https:\/\/salsalibre.dk\/dk\/wp-json\/wp\/v2\/media?parent=4336"}],"curies":[{"name":"wp","href":"https:\/\/api.w.org\/{rel}","templated":true}]}}