{"id":3635,"date":"2018-10-28T19:11:35","date_gmt":"2018-10-28T18:11:35","guid":{"rendered":"http:\/\/salsalibre.dk\/salsalibre-2\/?page_id=3635"},"modified":"2026-01-05T05:27:55","modified_gmt":"2026-01-05T04:27:55","slug":"club-la-salsa","status":"publish","type":"page","link":"https:\/\/salsalibre.dk\/dk\/salsa-bachata-events-koebenhavn\/club-la-salsa\/","title":{"rendered":"Salsa Fridays"},"content":{"rendered":"\n<style type=\"text\/css\" data-created_by=\"avia_inline_auto\" id=\"style-css-av-josnd0yk-6ddc12f3031d9b3965b3b9f2ab5c5159\">\n.avia-section.av-josnd0yk-6ddc12f3031d9b3965b3b9f2ab5c5159 .av-extra-border-element .av-extra-border-inner{\nbackground-color:#292929;\n}\n<\/style>\n<div id='av_section_1'  class='avia-section av-josnd0yk-6ddc12f3031d9b3965b3b9f2ab5c5159 alternate_color avia-section-default avia-no-border-styling  avia-builder-el-0  el_before_av_section  avia-builder-el-first  avia-bg-style-scroll  av-arrow-down-section container_wrap sidebar_right'  ><div class='container av-section-cont-open' ><main  class='template-page content  av-content-small alpha units'><div class='post-entry post-entry-type-page post-entry-3635'><div class='entry-content-wrapper clearfix'>\n\n<style type=\"text\/css\" data-created_by=\"avia_inline_auto\" id=\"style-css-av-jyr7fcln-19c1be6ff0452b286e60ec027797c9da\">\n#top .av-special-heading.av-jyr7fcln-19c1be6ff0452b286e60ec027797c9da{\npadding-bottom:10px;\n}\n<\/style>\n<div  class='av-special-heading av-jyr7fcln-19c1be6ff0452b286e60ec027797c9da av-special-heading-h1 blockquote modern-quote  avia-builder-el-1  avia-builder-el-no-sibling  av-thin-font av-linked-heading '><h1 class='av-special-heading-tag '  ><strong>Salsa Fridays<\/strong><\/h1><div class='special-heading-border'><div class='special-heading-inner-border'><\/div><\/div><\/div>\n\n<\/div><\/div><\/main><!-- close content main element --><\/div><div class='av-extra-border-element border-extra-arrow-down'><div class='av-extra-border-outer'><div class='av-extra-border-inner'><\/div><\/div><\/div><\/div>\n<style type=\"text\/css\" data-created_by=\"avia_inline_auto\" id=\"style-css-av-dcblik-6fb19d81babb8d201fc457ade076ae82\">\n.avia-section.av-dcblik-6fb19d81babb8d201fc457ade076ae82 .av-extra-border-element .av-extra-border-inner{\nbackground-color:#474747;\n}\n<\/style>\n<div id='av_section_2'  class='avia-section av-dcblik-6fb19d81babb8d201fc457ade076ae82 main_color avia-section-large avia-no-border-styling  avia-builder-el-2  el_after_av_section  el_before_av_section  avia-bg-style-fixed  av-small-hide av-mini-hide av-arrow-down-section container_wrap sidebar_right'  ><div class='container av-section-cont-open' ><div class='template-page content  av-content-small alpha units'><div class='post-entry post-entry-type-page post-entry-3635'><div class='entry-content-wrapper clearfix'>\n\n<style type=\"text\/css\" data-created_by=\"avia_inline_auto\" id=\"style-css-av-d4efb8-29987755111b6b2883d9e4858ebcddb8\">\n.flex_column.av-d4efb8-29987755111b6b2883d9e4858ebcddb8{\nborder-radius:0px 0px 0px 0px;\n-webkit-border-radius:0px 0px 0px 0px;\n-moz-border-radius:0px 0px 0px 0px;\n}\n<\/style>\n<div class='flex_column av-d4efb8-29987755111b6b2883d9e4858ebcddb8 av_two_fifth  avia-builder-el-3  el_before_av_three_fifth  avia-builder-el-first  first flex_column_div av-zero-column-padding '   ><p>\n<style type=\"text\/css\" data-created_by=\"avia_inline_auto\" id=\"style-css-av-cxwh8s-236d4ded48bcaf825e437362845fec80\">\n.avia-image-container.av-cxwh8s-236d4ded48bcaf825e437362845fec80 .av-caption-image-overlay-bg{\nopacity:0.4;\n}\n.avia-image-container.av-cxwh8s-236d4ded48bcaf825e437362845fec80 .av-image-caption-overlay-center{\ncolor:#ffffff;\n}\n<\/style>\n<div  class='avia-image-container av-cxwh8s-236d4ded48bcaf825e437362845fec80 av-styling- avia-align-center  avia-builder-el-4  el_before_av_hr  avia-builder-el-first  noHover av-overlay-hover-deactivate ' ><div class=\"avia-image-container-inner\"><div class=\"avia-image-overlay-wrap\"><div class=\"av-image-caption-overlay\"><div class=\"av-caption-image-overlay-bg\"><\/div><div class=\"av-image-caption-overlay-position\"><div class=\"av-image-caption-overlay-center\"><\/div><\/div><\/div><img decoding=\"async\" class='wp-image-2795 avia-img-lazy-loading-not-2795 avia_image' src=\"https:\/\/salsalibre.dk\/dk\/wp-content\/uploads\/sites\/3\/2018\/10\/Sundays-Salsa-Kedelhallen-Salsa-Libre-1030x805.jpg\" alt='club-la-salsa-copenhagen' title='Club la Salsa Kedelhallen Salsa Libre'  height=\"805\" width=\"1030\" srcset=\"https:\/\/salsalibre.dk\/dk\/wp-content\/uploads\/sites\/3\/2018\/10\/Sundays-Salsa-Kedelhallen-Salsa-Libre.jpg 1030w, https:\/\/salsalibre.dk\/dk\/wp-content\/uploads\/sites\/3\/2018\/10\/Sundays-Salsa-Kedelhallen-Salsa-Libre-300x234.jpg 300w, https:\/\/salsalibre.dk\/dk\/wp-content\/uploads\/sites\/3\/2018\/10\/Sundays-Salsa-Kedelhallen-Salsa-Libre-768x600.jpg 768w, https:\/\/salsalibre.dk\/dk\/wp-content\/uploads\/sites\/3\/2018\/10\/Sundays-Salsa-Kedelhallen-Salsa-Libre-705x551.jpg 705w, https:\/\/salsalibre.dk\/dk\/wp-content\/uploads\/sites\/3\/2018\/10\/Sundays-Salsa-Kedelhallen-Salsa-Libre-600x469.jpg 600w\" sizes=\"(max-width: 1030px) 100vw, 1030px\" \/><\/div><\/div><\/div><br \/>\n\n<style type=\"text\/css\" data-created_by=\"avia_inline_auto\" id=\"style-css-av-jo68xijs-6a6ce01411dbf036da96cbeabc614ef2\">\n#top .hr.hr-invisible.av-jo68xijs-6a6ce01411dbf036da96cbeabc614ef2{\nheight:50px;\n}\n<\/style>\n<div  class='hr av-jo68xijs-6a6ce01411dbf036da96cbeabc614ef2 hr-invisible  avia-builder-el-5  el_after_av_image  el_before_av_google_map  avia-builder-el-last  '><span class='hr-inner '><span class=\"hr-inner-style\"><\/span><\/span><\/div><br \/>\n<div  class='av_gmaps_sc_main_wrap av_gmaps_main_wrap '><div id='av_gmap_0' class='avia-google-map-container avia-google-map-sc av_gmaps_show_unconditionally av-no-fallback-img ' data-mapid='av_gmap_0'  style='height: 400px;'><a class=\"av_gmaps_browser_disabled av_text_confirm_link av_text_confirm_link_visible\" href=\"https:\/\/www.google.com\/maps\/search\/?api=1&#038;query=Nyelandsvej%2075A%202000%20Frederiksberg%20%20Denmark\" target=\"_blank\" rel=\"noopener\">Maps were disabled by the visitor on this site. Click to open the map in a new window.<\/a><\/div><\/div><\/p><\/div>\n<style type=\"text\/css\" data-created_by=\"avia_inline_auto\" id=\"style-css-av-csckhg-ba7a4aea9251956cec61bbbf79847011\">\n.flex_column.av-csckhg-ba7a4aea9251956cec61bbbf79847011{\nborder-radius:0px 0px 0px 0px;\n-webkit-border-radius:0px 0px 0px 0px;\n-moz-border-radius:0px 0px 0px 0px;\n}\n<\/style>\n<div class='flex_column av-csckhg-ba7a4aea9251956cec61bbbf79847011 av_three_fifth  avia-builder-el-7  el_after_av_two_fifth  avia-builder-el-last  flex_column_div av-zero-column-padding '   ><section class=\"av_textblock_section \" ><div class='avia_textblock  av_inherit_color '  style='font-size:15px; color:#ffffff; ' ><h4>Salsa Fridays i Kedelhallen \u2013 Ugentlig Salsa Social i Frederiksberg<\/h4>\n<p>Kickstart weekenden med Salsa Fridays \u2013 en energifyldt danseaften i hjertet af Frederiksberg.<\/p>\n<p>Hver fredag samles salsaelskere til en festlig aften med dans, musik og f\u00e6llesskab.<\/p>\n<p>Alle niveauer er velkomne, ogs\u00e5 dig der aldrig har danset f\u00f8r!<\/p>\n<p>Nyd rytmerne fra Salsa, Timba, Son Cubano og Dominikansk Bachata, uanset om du er nybegynder eller erfaren danser.<\/p>\n<h4>Introtime i Salsa for Begyndere \u2013 Ingen erfaring n\u00f8dvendig<\/h4>\n<p>Er du ny i salsa? S\u00e5 er dette det perfekte sted at starte.<br \/>\nAftenen begynder med en begyndervenlig introtime, \u00e5ben for alle niveauer, undervist af professionelle instrukt\u00f8rer fra Salsa Libre Dance Company samt en g\u00e6stel\u00e6rer.<\/p>\n<h4>Ingen tilmelding eller partner n\u00f8dvendig \u2013 m\u00f8d bare op med godt hum\u00f8r!<\/h4>\n<p><strong>Program<br \/>\n<\/strong>20:30 \u2013 D\u00f8rene \u00e5bner<br \/>\n21:00 \u2013 21:45 \u2013 Introtime i salsa (for begyndere og alle niveauer)<br \/>\n21:45 \u2013 02:00 \u2013 Socialdans med en sk\u00f8n blanding af Salsa, Timba, Son Cubano og Bachata<\/p>\n<p><strong>Entr\u00e9: <\/strong>80 DKK \u2013\u00a0 60 DKK \u2013 Med gyldigt studiekort<br \/>\nPrisen inkluderer b\u00e5de introtime og adgang til hele aftenen med socialdans.<\/p>\n<h4>Bar &amp; Drikkevarer<\/h4>\n<p>Nyd l\u00e6kre mojitos og andre latin-inspirerede cocktails til fornuftige priser i baren hele aftenen.<\/p>\n<p><strong>Sted:<\/strong>\u00a0Kedelhallen, Nyelandsvej 75A, 2000 Frederiksberg<br \/>\nN\u00e6rmeste metro: Fasanvej Station (M1\/M2)<\/p>\n<h4>Derfor skal du deltage i Salsa Fridays i Frederiksberg<\/h4>\n<ul>\n<li>Ugentlig salsa-aften i centrale K\u00f8benhavn<\/li>\n<li>Venlig og inkluderende stemning for alle niveauer<\/li>\n<li>Professionel undervisning af erfarne instrukt\u00f8rer<\/li>\n<li>Fantastisk musik med b\u00e5de klassiske og moderne latinrytmer<\/li>\n<li>Prisvenlig og sjov aften med dans og f\u00e6llesskab<\/li>\n<li>Ingen tilmelding eller dansepartner p\u00e5kr\u00e6vet<\/li>\n<\/ul>\n<\/div><\/section><\/div><\/div><\/div><\/div><!-- close content main div --><\/div><div class='av-extra-border-element border-extra-arrow-down'><div class='av-extra-border-outer'><div class='av-extra-border-inner'><\/div><\/div><\/div><\/div>\n<style type=\"text\/css\" data-created_by=\"avia_inline_auto\" id=\"style-css-av-dcblik-bf9e2357cbed4d7a413d4fe7c919e47f\">\n.avia-section.av-dcblik-bf9e2357cbed4d7a413d4fe7c919e47f .av-extra-border-element .av-extra-border-inner{\nbackground-color:#474747;\n}\n<\/style>\n<div id='av_section_3'  class='avia-section av-dcblik-bf9e2357cbed4d7a413d4fe7c919e47f main_color avia-section-large avia-no-border-styling  avia-builder-el-9  el_after_av_section  avia-builder-el-last  avia-bg-style-fixed  av-desktop-hide av-medium-hide av-arrow-down-section container_wrap sidebar_right'  ><div class='container av-section-cont-open' ><div class='template-page content  av-content-small alpha units'><div class='post-entry post-entry-type-page post-entry-3635'><div class='entry-content-wrapper clearfix'>\n\n<style type=\"text\/css\" data-created_by=\"avia_inline_auto\" id=\"style-css-av-d4efb8-29987755111b6b2883d9e4858ebcddb8\">\n.flex_column.av-d4efb8-29987755111b6b2883d9e4858ebcddb8{\nborder-radius:0px 0px 0px 0px;\n-webkit-border-radius:0px 0px 0px 0px;\n-moz-border-radius:0px 0px 0px 0px;\n}\n<\/style>\n<div class='flex_column av-d4efb8-29987755111b6b2883d9e4858ebcddb8 av_two_fifth  avia-builder-el-10  el_before_av_three_fifth  avia-builder-el-first  first flex_column_div av-zero-column-padding '   ><p>\n<style type=\"text\/css\" data-created_by=\"avia_inline_auto\" id=\"style-css-av-cxwh8s-236d4ded48bcaf825e437362845fec80\">\n.avia-image-container.av-cxwh8s-236d4ded48bcaf825e437362845fec80 .av-caption-image-overlay-bg{\nopacity:0.4;\n}\n.avia-image-container.av-cxwh8s-236d4ded48bcaf825e437362845fec80 .av-image-caption-overlay-center{\ncolor:#ffffff;\n}\n<\/style>\n<div  class='avia-image-container av-cxwh8s-236d4ded48bcaf825e437362845fec80 av-styling- avia-align-center  avia-builder-el-11  el_before_av_hr  avia-builder-el-first  noHover av-overlay-hover-deactivate ' ><div class=\"avia-image-container-inner\"><div class=\"avia-image-overlay-wrap\"><div class=\"av-image-caption-overlay\"><div class=\"av-caption-image-overlay-bg\"><\/div><div class=\"av-image-caption-overlay-position\"><div class=\"av-image-caption-overlay-center\"><\/div><\/div><\/div><img decoding=\"async\" class='wp-image-2795 avia-img-lazy-loading-not-2795 avia_image' src=\"https:\/\/salsalibre.dk\/dk\/wp-content\/uploads\/sites\/3\/2018\/10\/Sundays-Salsa-Kedelhallen-Salsa-Libre-1030x805.jpg\" alt='club-la-salsa-copenhagen' title='Club la Salsa Kedelhallen Salsa Libre'  height=\"805\" width=\"1030\" srcset=\"https:\/\/salsalibre.dk\/dk\/wp-content\/uploads\/sites\/3\/2018\/10\/Sundays-Salsa-Kedelhallen-Salsa-Libre.jpg 1030w, https:\/\/salsalibre.dk\/dk\/wp-content\/uploads\/sites\/3\/2018\/10\/Sundays-Salsa-Kedelhallen-Salsa-Libre-300x234.jpg 300w, https:\/\/salsalibre.dk\/dk\/wp-content\/uploads\/sites\/3\/2018\/10\/Sundays-Salsa-Kedelhallen-Salsa-Libre-768x600.jpg 768w, https:\/\/salsalibre.dk\/dk\/wp-content\/uploads\/sites\/3\/2018\/10\/Sundays-Salsa-Kedelhallen-Salsa-Libre-705x551.jpg 705w, https:\/\/salsalibre.dk\/dk\/wp-content\/uploads\/sites\/3\/2018\/10\/Sundays-Salsa-Kedelhallen-Salsa-Libre-600x469.jpg 600w\" sizes=\"(max-width: 1030px) 100vw, 1030px\" \/><\/div><\/div><\/div><br \/>\n\n<style type=\"text\/css\" data-created_by=\"avia_inline_auto\" id=\"style-css-av-jo68xijs-6a6ce01411dbf036da96cbeabc614ef2\">\n#top .hr.hr-invisible.av-jo68xijs-6a6ce01411dbf036da96cbeabc614ef2{\nheight:50px;\n}\n<\/style>\n<div  class='hr av-jo68xijs-6a6ce01411dbf036da96cbeabc614ef2 hr-invisible  avia-builder-el-12  el_after_av_image  el_before_av_textblock  '><span class='hr-inner '><span class=\"hr-inner-style\"><\/span><\/span><\/div><br \/>\n<section class=\"av_textblock_section \" ><div class='avia_textblock  av_inherit_color '  style='font-size:15px; color:#ffffff; ' ><h4>Salsa Fridays i Kedelhallen \u2013 Ugentlig Salsa Social i Frederiksberg<\/h4>\n<p>Kickstart weekenden med Salsa Fridays \u2013 en energifyldt danseaften i hjertet af Frederiksberg.<\/p>\n<p>Hver fredag samles salsaelskere til en festlig aften med dans, musik og f\u00e6llesskab.<\/p>\n<p>Alle niveauer er velkomne, ogs\u00e5 dig der aldrig har danset f\u00f8r!<\/p>\n<p>Nyd rytmerne fra Salsa, Timba, Son Cubano og Dominikansk Bachata, uanset om du er nybegynder eller erfaren danser.<\/p>\n<h4>Introtime i Salsa for Begyndere \u2013 Ingen erfaring n\u00f8dvendig<\/h4>\n<p>Er du ny i salsa? S\u00e5 er dette det perfekte sted at starte.<br \/>\nAftenen begynder med en begyndervenlig introtime, \u00e5ben for alle niveauer, undervist af professionelle instrukt\u00f8rer fra Salsa Libre Dance Company samt en g\u00e6stel\u00e6rer.<\/p>\n<h4>Ingen tilmelding eller partner n\u00f8dvendig \u2013 m\u00f8d bare op med godt hum\u00f8r!<\/h4>\n<p><strong>Program<br \/>\n<\/strong>20:30 \u2013 D\u00f8rene \u00e5bner<br \/>\n21:00 \u2013 21:45 \u2013 Introtime i salsa (for begyndere og alle niveauer)<br \/>\n21:45 \u2013 02:00 \u2013 Socialdans med en sk\u00f8n blanding af Salsa, Timba, Son Cubano og Bachata<\/p>\n<p><strong>Entr\u00e9: <\/strong>80 DKK \u2013\u00a0 60 DKK \u2013 Med gyldigt studiekort<br \/>\nPrisen inkluderer b\u00e5de introtime og adgang til hele aftenen med socialdans.<\/p>\n<h4>Bar &amp; Drikkevarer<\/h4>\n<p>Nyd l\u00e6kre mojitos og andre latin-inspirerede cocktails til fornuftige priser i baren hele aftenen.<\/p>\n<p><strong>Sted:<\/strong>\u00a0Kedelhallen, Nyelandsvej 75A, 2000 Frederiksberg<br \/>\nN\u00e6rmeste metro: Fasanvej Station (M1\/M2)<\/p>\n<h4>Derfor skal du deltage i Salsa Fridays i Frederiksberg<\/h4>\n<ul>\n<li>Ugentlig salsa-aften i centrale K\u00f8benhavn<\/li>\n<li>Venlig og inkluderende stemning for alle niveauer<\/li>\n<li>Professionel undervisning af erfarne instrukt\u00f8rer<\/li>\n<li>Fantastisk musik med b\u00e5de klassiske og moderne latinrytmer<\/li>\n<li>Prisvenlig og sjov aften med dans og f\u00e6llesskab<\/li>\n<li>Ingen tilmelding eller dansepartner p\u00e5kr\u00e6vet<\/li>\n<\/ul>\n<\/div><\/section><\/p><\/div>\n<style type=\"text\/css\" data-created_by=\"avia_inline_auto\" id=\"style-css-av-csckhg-ba7a4aea9251956cec61bbbf79847011\">\n.flex_column.av-csckhg-ba7a4aea9251956cec61bbbf79847011{\nborder-radius:0px 0px 0px 0px;\n-webkit-border-radius:0px 0px 0px 0px;\n-moz-border-radius:0px 0px 0px 0px;\n}\n<\/style>\n<div class='flex_column av-csckhg-ba7a4aea9251956cec61bbbf79847011 av_three_fifth  avia-builder-el-14  el_after_av_two_fifth  avia-builder-el-last  flex_column_div av-zero-column-padding '   ><div  class='av_gmaps_sc_main_wrap av_gmaps_main_wrap '><div id='av_gmap_1' class='avia-google-map-container avia-google-map-sc av_gmaps_show_unconditionally av-no-fallback-img ' data-mapid='av_gmap_1'  style='height: 400px;'><a class=\"av_gmaps_browser_disabled av_text_confirm_link av_text_confirm_link_visible\" href=\"https:\/\/www.google.com\/maps\/search\/?api=1&#038;query=Nyelandsvej%2075A%202000%20Frederiksberg%20%20Denmark\" target=\"_blank\" rel=\"noopener\">Maps were disabled by the visitor on this site. Click to open the map in a new window.<\/a><\/div><\/div><\/div><\/div><\/div><\/div><!-- close content main div --><\/div><div class='av-extra-border-element border-extra-arrow-down'><div class='av-extra-border-outer'><div class='av-extra-border-inner'><\/div><\/div><\/div><\/div><div id='after_section_3'  class='main_color av_default_container_wrap container_wrap sidebar_right'  ><div class='container av-section-cont-open' ><div class='template-page content  av-content-small alpha units'><div class='post-entry post-entry-type-page post-entry-3635'><div class='entry-content-wrapper clearfix'><\/p>\n","protected":false},"excerpt":{"rendered":"","protected":false},"author":4,"featured_media":0,"parent":2317,"menu_order":10,"comment_status":"closed","ping_status":"closed","template":"","meta":{"_exactmetrics_skip_tracking":false,"_exactmetrics_sitenote_active":false,"_exactmetrics_sitenote_note":"","_exactmetrics_sitenote_category":0,"footnotes":""},"class_list":["post-3635","page","type-page","status-publish","hentry"],"aioseo_notices":[],"_links":{"self":[{"href":"https:\/\/salsalibre.dk\/dk\/wp-json\/wp\/v2\/pages\/3635","targetHints":{"allow":["GET"]}}],"collection":[{"href":"https:\/\/salsalibre.dk\/dk\/wp-json\/wp\/v2\/pages"}],"about":[{"href":"https:\/\/salsalibre.dk\/dk\/wp-json\/wp\/v2\/types\/page"}],"author":[{"embeddable":true,"href":"https:\/\/salsalibre.dk\/dk\/wp-json\/wp\/v2\/users\/4"}],"replies":[{"embeddable":true,"href":"https:\/\/salsalibre.dk\/dk\/wp-json\/wp\/v2\/comments?post=3635"}],"version-history":[{"count":133,"href":"https:\/\/salsalibre.dk\/dk\/wp-json\/wp\/v2\/pages\/3635\/revisions"}],"predecessor-version":[{"id":12818,"href":"https:\/\/salsalibre.dk\/dk\/wp-json\/wp\/v2\/pages\/3635\/revisions\/12818"}],"up":[{"embeddable":true,"href":"https:\/\/salsalibre.dk\/dk\/wp-json\/wp\/v2\/pages\/2317"}],"wp:attachment":[{"href":"https:\/\/salsalibre.dk\/dk\/wp-json\/wp\/v2\/media?parent=3635"}],"curies":[{"name":"wp","href":"https:\/\/api.w.org\/{rel}","templated":true}]}}