{"id":3621,"date":"2018-10-28T19:05:02","date_gmt":"2018-10-28T18:05:02","guid":{"rendered":"http:\/\/salsalibre.dk\/salsalibre-2\/?page_id=3621"},"modified":"2026-01-22T03:14:55","modified_gmt":"2026-01-22T02:14:55","slug":"salsa-sundays","status":"publish","type":"page","link":"https:\/\/salsalibre.dk\/dk\/salsa-bachata-events-koebenhavn\/salsa-sundays\/","title":{"rendered":"Salsa Sundays"},"content":{"rendered":"\n<style type=\"text\/css\" data-created_by=\"avia_inline_auto\" id=\"style-css-av-josnkt2j-23f8cb2b00cda749876f829a8c2adcb5\">\n.avia-section.av-josnkt2j-23f8cb2b00cda749876f829a8c2adcb5 .av-extra-border-element .av-extra-border-inner{\nbackground-color:#292929;\n}\n<\/style>\n<div id='av_section_1'  class='avia-section av-josnkt2j-23f8cb2b00cda749876f829a8c2adcb5 alternate_color avia-section-default avia-no-border-styling  avia-builder-el-0  el_before_av_section  avia-builder-el-first  avia-bg-style-scroll  av-arrow-down-section container_wrap sidebar_right'  ><div class='container av-section-cont-open' ><main  class='template-page content  av-content-small alpha units'><div class='post-entry post-entry-type-page post-entry-3621'><div class='entry-content-wrapper clearfix'>\n\n<style type=\"text\/css\" data-created_by=\"avia_inline_auto\" id=\"style-css-av-josnkev6-4dfcef957e08b89d4ff39bdd714a14c5\">\n#top .av-special-heading.av-josnkev6-4dfcef957e08b89d4ff39bdd714a14c5{\npadding-bottom:10px;\n}\n<\/style>\n<div  class='av-special-heading av-josnkev6-4dfcef957e08b89d4ff39bdd714a14c5 av-special-heading-h1 blockquote modern-quote  avia-builder-el-1  avia-builder-el-no-sibling  av-thin-font '><h1 class='av-special-heading-tag '  ><strong>Salsa Sundays<\/strong> <\/h1><div class='special-heading-border'><div class='special-heading-inner-border'><\/div><\/div><\/div>\n\n<\/div><\/div><\/main><!-- close content main element --><\/div><div class='av-extra-border-element border-extra-arrow-down'><div class='av-extra-border-outer'><div class='av-extra-border-inner'><\/div><\/div><\/div><\/div>\n<style type=\"text\/css\" data-created_by=\"avia_inline_auto\" id=\"style-css-av-dcblik-6fb19d81babb8d201fc457ade076ae82\">\n.avia-section.av-dcblik-6fb19d81babb8d201fc457ade076ae82 .av-extra-border-element .av-extra-border-inner{\nbackground-color:#474747;\n}\n<\/style>\n<div id='av_section_2'  class='avia-section av-dcblik-6fb19d81babb8d201fc457ade076ae82 main_color avia-section-large avia-no-border-styling  avia-builder-el-2  el_after_av_section  el_before_av_section  avia-bg-style-fixed  av-small-hide av-mini-hide av-arrow-down-section container_wrap sidebar_right'  ><div class='container av-section-cont-open' ><div class='template-page content  av-content-small alpha units'><div class='post-entry post-entry-type-page post-entry-3621'><div class='entry-content-wrapper clearfix'>\n\n<style type=\"text\/css\" data-created_by=\"avia_inline_auto\" id=\"style-css-av-d4efb8-29987755111b6b2883d9e4858ebcddb8\">\n.flex_column.av-d4efb8-29987755111b6b2883d9e4858ebcddb8{\nborder-radius:0px 0px 0px 0px;\n-webkit-border-radius:0px 0px 0px 0px;\n-moz-border-radius:0px 0px 0px 0px;\n}\n<\/style>\n<div class='flex_column av-d4efb8-29987755111b6b2883d9e4858ebcddb8 av_two_fifth  avia-builder-el-3  el_before_av_three_fifth  avia-builder-el-first  first flex_column_div av-zero-column-padding '   ><p>\n<style type=\"text\/css\" data-created_by=\"avia_inline_auto\" id=\"style-css-av-cxwh8s-60328e23d516d6ff134f971c57425ff5\">\n.avia-image-container.av-cxwh8s-60328e23d516d6ff134f971c57425ff5 .av-caption-image-overlay-bg{\nopacity:0.4;\n}\n.avia-image-container.av-cxwh8s-60328e23d516d6ff134f971c57425ff5 .av-image-caption-overlay-center{\ncolor:#ffffff;\n}\n<\/style>\n<div  class='avia-image-container av-cxwh8s-60328e23d516d6ff134f971c57425ff5 av-styling- avia-align-center  avia-builder-el-4  el_before_av_hr  avia-builder-el-first  noHover av-overlay-hover-deactivate ' ><div class=\"avia-image-container-inner\"><div class=\"avia-image-overlay-wrap\"><div class=\"av-image-caption-overlay\"><div class=\"av-caption-image-overlay-bg\"><\/div><div class=\"av-image-caption-overlay-position\"><div class=\"av-image-caption-overlay-center\"><\/div><\/div><\/div><img decoding=\"async\" class='wp-image-2902 avia-img-lazy-loading-not-2902 avia_image' src=\"https:\/\/salsalibre.dk\/dk\/wp-content\/uploads\/sites\/3\/2018\/10\/salsa-sundays-copenhagen-1030x805.jpg\" alt='Salsa Sundays af Salsa Libre Dance Company K\u00f8benhavn' title='Salsa Sundays af Salsa Libre Dance Company K\u00f8benhavn'  height=\"805\" width=\"1030\" srcset=\"https:\/\/salsalibre.dk\/dk\/wp-content\/uploads\/sites\/3\/2018\/10\/salsa-sundays-copenhagen.jpg 1030w, https:\/\/salsalibre.dk\/dk\/wp-content\/uploads\/sites\/3\/2018\/10\/salsa-sundays-copenhagen-300x234.jpg 300w, https:\/\/salsalibre.dk\/dk\/wp-content\/uploads\/sites\/3\/2018\/10\/salsa-sundays-copenhagen-768x600.jpg 768w, https:\/\/salsalibre.dk\/dk\/wp-content\/uploads\/sites\/3\/2018\/10\/salsa-sundays-copenhagen-705x551.jpg 705w, https:\/\/salsalibre.dk\/dk\/wp-content\/uploads\/sites\/3\/2018\/10\/salsa-sundays-copenhagen-600x469.jpg 600w\" sizes=\"(max-width: 1030px) 100vw, 1030px\" \/><\/div><\/div><\/div><br \/>\n\n<style type=\"text\/css\" data-created_by=\"avia_inline_auto\" id=\"style-css-av-jo68xijs-6a6ce01411dbf036da96cbeabc614ef2\">\n#top .hr.hr-invisible.av-jo68xijs-6a6ce01411dbf036da96cbeabc614ef2{\nheight:50px;\n}\n<\/style>\n<div  class='hr av-jo68xijs-6a6ce01411dbf036da96cbeabc614ef2 hr-invisible  avia-builder-el-5  el_after_av_image  el_before_av_google_map  avia-builder-el-last  '><span class='hr-inner '><span class=\"hr-inner-style\"><\/span><\/span><\/div><br \/>\n<div  class='av_gmaps_sc_main_wrap av_gmaps_main_wrap '><div id='av_gmap_0' class='avia-google-map-container avia-google-map-sc av_gmaps_show_unconditionally av-no-fallback-img ' data-mapid='av_gmap_0'  style='height: 400px;'><a class=\"av_gmaps_browser_disabled av_text_confirm_link av_text_confirm_link_visible\" href=\"https:\/\/www.google.com\/maps\/search\/?api=1&#038;query=Nyelandsvej%2075A%202000%20Frederiksberg%20%20Denmark\" target=\"_blank\" rel=\"noopener\">Maps were disabled by the visitor on this site. Click to open the map in a new window.<\/a><\/div><\/div><\/p><\/div>\n<style type=\"text\/css\" data-created_by=\"avia_inline_auto\" id=\"style-css-av-csckhg-ba7a4aea9251956cec61bbbf79847011\">\n.flex_column.av-csckhg-ba7a4aea9251956cec61bbbf79847011{\nborder-radius:0px 0px 0px 0px;\n-webkit-border-radius:0px 0px 0px 0px;\n-moz-border-radius:0px 0px 0px 0px;\n}\n<\/style>\n<div class='flex_column av-csckhg-ba7a4aea9251956cec61bbbf79847011 av_three_fifth  avia-builder-el-7  el_after_av_two_fifth  avia-builder-el-last  flex_column_div av-zero-column-padding '   ><section class=\"av_textblock_section \" ><div class='avia_textblock  av_inherit_color '  style='font-size:15px; color:#ffffff; ' ><p>Kom og v\u00e6r med hver s\u00f8ndag i Kedelhallen, Frederiksberg, til en aften fyldt med glade rytmer fra latinamerikansk og caribisk salsa.<\/p>\n<p>Vi tilbyder b\u00e5de begynder- og let\u00f8vet\/\u00f8vet niveau, efterfulgt af festlig socialdans.<\/p>\n<p>Ingen tilmelding eller partner n\u00f8dvendig \u2013 alle er velkomne!<\/p>\n<p>Ny i salsa? Start med vores introtime for begyndere.<\/p>\n<p>Erfaren danser? Deltag i vores Rueda de Casino for let\u00f8vede og \u00f8vede dansere.<\/p>\n<h4>Programoversigt<\/h4>\n<p>18:30 \u2013 D\u00f8rene \u00e5bner<br \/>\nKom i god tid, tjek ind, varm op og g\u00f8r dig klar til en aften med rytme og energi.<\/p>\n<h4>19:00 \u2013 20:00 \u2013 Danseundervisning (to niveauer)<\/h4>\n<p><strong>Lokale 1:<\/strong> Introtime i salsa for begyndere undervises af professionelle instrukt\u00f8rer fra Salsa Libre Dance Company. Perfekt for dig, der er ny eller \u00f8nsker at genopfriske dine grundtrin.<\/p>\n<p><strong>Lokale 2<\/strong>: Salsa workshop + Rueda de Casino for let\u00f8vede\/\u00f8vede undervises af en g\u00e6steinstrukt\u00f8r og er velegnet til dig med danseerfaring, der \u00f8nsker at l\u00e6re nye moves og udfordringer.<\/p>\n<p>Ingen tilmelding n\u00f8dvendig \u2013 m\u00f8d bare op, med eller uden dansepartner.<\/p>\n<h4>20:00 \u2013 23:00 \u2013 Salsa Socialdans<\/h4>\n<p>Nyd socialdans til det bedste inden for Salsa, cubansk traditionel Son og Dominikansk Bachata.<br \/>\nUanset om du vil \u00f8ve det, du har l\u00e6rt, eller bare danse for sjov, er dansegulvet \u00e5bent for dig.<\/p>\n<h4>Praktisk information<\/h4>\n<p>Entr\u00e9: 80 DKK<br \/>\nStudierabat: 60 DKK med gyldigt studiekort<\/p>\n<p>Prisen inkluderer undervisning (begynder eller \u00f8vet) + adgang til hele socialdanseaftenen.<\/p>\n<p><strong>Sted:<\/strong> Kedelhallen, Nyelandsvej 75A, 2000 Frederiksberg<br \/>\nN\u00e6rmeste metro: Fasanvej (M1\/M2)<\/p>\n<h4>Derfor skal du deltage i vores salsa-aften i Frederiksberg<\/h4>\n<ul>\n<li>Professionel salsa-undervisning p\u00e5 flere niveauer<\/li>\n<li>Ingen tilmelding eller partner kr\u00e6vet<\/li>\n<li>Central beliggenhed t\u00e6t p\u00e5 metro<\/li>\n<li>Prisvenlig og energifyldt aften med dans og f\u00e6llesskab<\/li>\n<li>Perfekt for b\u00e5de begyndere og erfarne dansere<\/li>\n<\/ul>\n<\/div><\/section><\/div><\/div><\/div><\/div><!-- close content main div --><\/div><div class='av-extra-border-element border-extra-arrow-down'><div class='av-extra-border-outer'><div class='av-extra-border-inner'><\/div><\/div><\/div><\/div>\n<style type=\"text\/css\" data-created_by=\"avia_inline_auto\" id=\"style-css-av-dcblik-bf9e2357cbed4d7a413d4fe7c919e47f\">\n.avia-section.av-dcblik-bf9e2357cbed4d7a413d4fe7c919e47f .av-extra-border-element .av-extra-border-inner{\nbackground-color:#474747;\n}\n<\/style>\n<div id='av_section_3'  class='avia-section av-dcblik-bf9e2357cbed4d7a413d4fe7c919e47f main_color avia-section-large avia-no-border-styling  avia-builder-el-9  el_after_av_section  avia-builder-el-last  avia-bg-style-fixed  av-desktop-hide av-medium-hide av-arrow-down-section container_wrap sidebar_right'  ><div class='container av-section-cont-open' ><div class='template-page content  av-content-small alpha units'><div class='post-entry post-entry-type-page post-entry-3621'><div class='entry-content-wrapper clearfix'>\n\n<style type=\"text\/css\" data-created_by=\"avia_inline_auto\" id=\"style-css-av-d4efb8-29987755111b6b2883d9e4858ebcddb8\">\n.flex_column.av-d4efb8-29987755111b6b2883d9e4858ebcddb8{\nborder-radius:0px 0px 0px 0px;\n-webkit-border-radius:0px 0px 0px 0px;\n-moz-border-radius:0px 0px 0px 0px;\n}\n<\/style>\n<div class='flex_column av-d4efb8-29987755111b6b2883d9e4858ebcddb8 av_two_fifth  avia-builder-el-10  el_before_av_three_fifth  avia-builder-el-first  first flex_column_div av-zero-column-padding '   ><p>\n<style type=\"text\/css\" data-created_by=\"avia_inline_auto\" id=\"style-css-av-cxwh8s-aded0998029fdca99415aee096114774\">\n.avia-image-container.av-cxwh8s-aded0998029fdca99415aee096114774 .av-caption-image-overlay-bg{\nopacity:0.4;\n}\n.avia-image-container.av-cxwh8s-aded0998029fdca99415aee096114774 .av-image-caption-overlay-center{\ncolor:#ffffff;\n}\n<\/style>\n<div  class='avia-image-container av-cxwh8s-aded0998029fdca99415aee096114774 av-styling- avia-align-center  avia-builder-el-11  el_before_av_hr  avia-builder-el-first  noHover av-overlay-hover-deactivate ' ><div class=\"avia-image-container-inner\"><div class=\"avia-image-overlay-wrap\"><div class=\"av-image-caption-overlay\"><div class=\"av-caption-image-overlay-bg\"><\/div><div class=\"av-image-caption-overlay-position\"><div class=\"av-image-caption-overlay-center\"><\/div><\/div><\/div><img decoding=\"async\" class='wp-image-2902 avia-img-lazy-loading-not-2902 avia_image' src=\"https:\/\/salsalibre.dk\/dk\/wp-content\/uploads\/sites\/3\/2018\/10\/salsa-sundays-copenhagen-1030x805.jpg\" alt='' title='salsa-sundays-copenhagen'  height=\"805\" width=\"1030\" srcset=\"https:\/\/salsalibre.dk\/dk\/wp-content\/uploads\/sites\/3\/2018\/10\/salsa-sundays-copenhagen.jpg 1030w, https:\/\/salsalibre.dk\/dk\/wp-content\/uploads\/sites\/3\/2018\/10\/salsa-sundays-copenhagen-300x234.jpg 300w, https:\/\/salsalibre.dk\/dk\/wp-content\/uploads\/sites\/3\/2018\/10\/salsa-sundays-copenhagen-768x600.jpg 768w, https:\/\/salsalibre.dk\/dk\/wp-content\/uploads\/sites\/3\/2018\/10\/salsa-sundays-copenhagen-705x551.jpg 705w, https:\/\/salsalibre.dk\/dk\/wp-content\/uploads\/sites\/3\/2018\/10\/salsa-sundays-copenhagen-600x469.jpg 600w\" sizes=\"(max-width: 1030px) 100vw, 1030px\" \/><\/div><\/div><\/div><br \/>\n\n<style type=\"text\/css\" data-created_by=\"avia_inline_auto\" id=\"style-css-av-jo68xijs-6a6ce01411dbf036da96cbeabc614ef2\">\n#top .hr.hr-invisible.av-jo68xijs-6a6ce01411dbf036da96cbeabc614ef2{\nheight:50px;\n}\n<\/style>\n<div  class='hr av-jo68xijs-6a6ce01411dbf036da96cbeabc614ef2 hr-invisible  avia-builder-el-12  el_after_av_image  el_before_av_textblock  '><span class='hr-inner '><span class=\"hr-inner-style\"><\/span><\/span><\/div><br \/>\n<section class=\"av_textblock_section \" ><div class='avia_textblock  av_inherit_color '  style='font-size:15px; color:#ffffff; ' ><p>Kom og v\u00e6r med hver s\u00f8ndag i Kedelhallen, Frederiksberg, til en aften fyldt med glade rytmer fra latinamerikansk og caribisk salsa.<\/p>\n<p>Vi tilbyder b\u00e5de begynder- og let\u00f8vet\/\u00f8vet niveau, efterfulgt af festlig socialdans.<\/p>\n<p>Ingen tilmelding eller partner n\u00f8dvendig \u2013 alle er velkomne!<\/p>\n<p>Ny i salsa? Start med vores introtime for begyndere.<\/p>\n<p>Erfaren danser? Deltag i vores Rueda de Casino for let\u00f8vede og \u00f8vede dansere.<\/p>\n<h4>Programoversigt<\/h4>\n<p>18:30 \u2013 D\u00f8rene \u00e5bner<br \/>\nKom i god tid, tjek ind, varm op og g\u00f8r dig klar til en aften med rytme og energi.<\/p>\n<h4>19:00 \u2013 20:00 \u2013 Danseundervisning (to niveauer)<\/h4>\n<p><strong>Lokale 1:<\/strong> Introtime i salsa for begyndere undervises af professionelle instrukt\u00f8rer fra Salsa Libre Dance Company. Perfekt for dig, der er ny eller \u00f8nsker at genopfriske dine grundtrin.<\/p>\n<p><strong>Lokale 2<\/strong>: Salsa workshop + Rueda de Casino for let\u00f8vede\/\u00f8vede undervises af en g\u00e6steinstrukt\u00f8r og er velegnet til dig med danseerfaring, der \u00f8nsker at l\u00e6re nye moves og udfordringer.<\/p>\n<p>Ingen tilmelding n\u00f8dvendig \u2013 m\u00f8d bare op, med eller uden dansepartner.<\/p>\n<h4>20:00 \u2013 23:00 \u2013 Salsa Socialdans<\/h4>\n<p>Nyd socialdans til det bedste inden for Salsa, cubansk traditionel Son og Dominikansk Bachata.<br \/>\nUanset om du vil \u00f8ve det, du har l\u00e6rt, eller bare danse for sjov, er dansegulvet \u00e5bent for dig.<\/p>\n<h4>Praktisk information<\/h4>\n<p>Entr\u00e9: 80 DKK<br \/>\nStudierabat: 60 DKK med gyldigt studiekort<\/p>\n<p>Prisen inkluderer undervisning (begynder eller \u00f8vet) + adgang til hele socialdanseaftenen.<\/p>\n<p><strong>Sted:<\/strong> Kedelhallen, Nyelandsvej 75A, 2000 Frederiksberg<br \/>\nN\u00e6rmeste metro: Fasanvej (M1\/M2)<\/p>\n<h4>Derfor skal du deltage i vores salsa-aften i Frederiksberg<\/h4>\n<ul>\n<li>Professionel salsa-undervisning p\u00e5 flere niveauer<\/li>\n<li>Ingen tilmelding eller partner kr\u00e6vet<\/li>\n<li>Central beliggenhed t\u00e6t p\u00e5 metro<\/li>\n<li>Prisvenlig og energifyldt aften med dans og f\u00e6llesskab<\/li>\n<li>Perfekt for b\u00e5de begyndere og erfarne dansere<\/li>\n<\/ul>\n<\/div><\/section><\/p><\/div>\n<style type=\"text\/css\" data-created_by=\"avia_inline_auto\" id=\"style-css-av-csckhg-ba7a4aea9251956cec61bbbf79847011\">\n.flex_column.av-csckhg-ba7a4aea9251956cec61bbbf79847011{\nborder-radius:0px 0px 0px 0px;\n-webkit-border-radius:0px 0px 0px 0px;\n-moz-border-radius:0px 0px 0px 0px;\n}\n<\/style>\n<div class='flex_column av-csckhg-ba7a4aea9251956cec61bbbf79847011 av_three_fifth  avia-builder-el-14  el_after_av_two_fifth  avia-builder-el-last  flex_column_div av-zero-column-padding '   ><div  class='av_gmaps_sc_main_wrap av_gmaps_main_wrap '><div id='av_gmap_1' class='avia-google-map-container avia-google-map-sc av_gmaps_show_unconditionally av-no-fallback-img ' data-mapid='av_gmap_1'  style='height: 400px;'><a class=\"av_gmaps_browser_disabled av_text_confirm_link av_text_confirm_link_visible\" href=\"https:\/\/www.google.com\/maps\/search\/?api=1&#038;query=Nyelandsvej%2075A%202000%20Frederiksberg%20%20Denmark\" target=\"_blank\" rel=\"noopener\">Maps were disabled by the visitor on this site. Click to open the map in a new window.<\/a><\/div><\/div><\/div><\/div><\/div><\/div><!-- close content main div --><\/div><div class='av-extra-border-element border-extra-arrow-down'><div class='av-extra-border-outer'><div class='av-extra-border-inner'><\/div><\/div><\/div><\/div><div id='after_section_3'  class='main_color av_default_container_wrap container_wrap sidebar_right'  ><div class='container av-section-cont-open' ><div class='template-page content  av-content-small alpha units'><div class='post-entry post-entry-type-page post-entry-3621'><div class='entry-content-wrapper clearfix'><\/p>\n","protected":false},"excerpt":{"rendered":"","protected":false},"author":2,"featured_media":0,"parent":2317,"menu_order":0,"comment_status":"closed","ping_status":"closed","template":"","meta":{"_exactmetrics_skip_tracking":false,"_exactmetrics_sitenote_active":false,"_exactmetrics_sitenote_note":"","_exactmetrics_sitenote_category":0,"footnotes":""},"class_list":["post-3621","page","type-page","status-publish","hentry"],"aioseo_notices":[],"_links":{"self":[{"href":"https:\/\/salsalibre.dk\/dk\/wp-json\/wp\/v2\/pages\/3621","targetHints":{"allow":["GET"]}}],"collection":[{"href":"https:\/\/salsalibre.dk\/dk\/wp-json\/wp\/v2\/pages"}],"about":[{"href":"https:\/\/salsalibre.dk\/dk\/wp-json\/wp\/v2\/types\/page"}],"author":[{"embeddable":true,"href":"https:\/\/salsalibre.dk\/dk\/wp-json\/wp\/v2\/users\/2"}],"replies":[{"embeddable":true,"href":"https:\/\/salsalibre.dk\/dk\/wp-json\/wp\/v2\/comments?post=3621"}],"version-history":[{"count":79,"href":"https:\/\/salsalibre.dk\/dk\/wp-json\/wp\/v2\/pages\/3621\/revisions"}],"predecessor-version":[{"id":12903,"href":"https:\/\/salsalibre.dk\/dk\/wp-json\/wp\/v2\/pages\/3621\/revisions\/12903"}],"up":[{"embeddable":true,"href":"https:\/\/salsalibre.dk\/dk\/wp-json\/wp\/v2\/pages\/2317"}],"wp:attachment":[{"href":"https:\/\/salsalibre.dk\/dk\/wp-json\/wp\/v2\/media?parent=3621"}],"curies":[{"name":"wp","href":"https:\/\/api.w.org\/{rel}","templated":true}]}}