{"id":3574,"date":"2018-10-28T18:16:40","date_gmt":"2018-10-28T17:16:40","guid":{"rendered":"http:\/\/salsalibre.dk\/salsalibre-2\/?page_id=3574"},"modified":"2026-01-02T02:35:58","modified_gmt":"2026-01-02T01:35:58","slug":"havana-nights","status":"publish","type":"page","link":"https:\/\/salsalibre.dk\/dk\/salsa-bachata-events-koebenhavn\/havana-nights\/","title":{"rendered":"Havana Nights"},"content":{"rendered":"\n<style type=\"text\/css\" data-created_by=\"avia_inline_auto\" id=\"style-css-av-josnight-b0cdfb0159e6ba81f4d9ef2425edc19a\">\n.avia-section.av-josnight-b0cdfb0159e6ba81f4d9ef2425edc19a .av-extra-border-element .av-extra-border-inner{\nbackground-color:#292929;\n}\n<\/style>\n<div id='av_section_1'  class='avia-section av-josnight-b0cdfb0159e6ba81f4d9ef2425edc19a alternate_color avia-section-default avia-no-border-styling  avia-builder-el-0  el_before_av_section  avia-builder-el-first  avia-bg-style-scroll  av-arrow-down-section container_wrap sidebar_right'  ><div class='container av-section-cont-open' ><main  class='template-page content  av-content-small alpha units'><div class='post-entry post-entry-type-page post-entry-3574'><div class='entry-content-wrapper clearfix'>\n\n<style type=\"text\/css\" data-created_by=\"avia_inline_auto\" id=\"style-css-av-jrnnh90x-e0c5e03ada57481ee1f75dfd0d41b464\">\n#top .av-special-heading.av-jrnnh90x-e0c5e03ada57481ee1f75dfd0d41b464{\npadding-bottom:10px;\n}\n<\/style>\n<div  class='av-special-heading av-jrnnh90x-e0c5e03ada57481ee1f75dfd0d41b464 av-special-heading-h1 blockquote modern-quote  avia-builder-el-1  avia-builder-el-no-sibling  av-thin-font '><h1 class='av-special-heading-tag '  ><strong>Havana Nights<\/strong> &#8211; Torsdage<\/h1><div class='special-heading-border'><div class='special-heading-inner-border'><\/div><\/div><\/div>\n\n<\/div><\/div><\/main><!-- close content main element --><\/div><div class='av-extra-border-element border-extra-arrow-down'><div class='av-extra-border-outer'><div class='av-extra-border-inner'><\/div><\/div><\/div><\/div>\n<style type=\"text\/css\" data-created_by=\"avia_inline_auto\" id=\"style-css-av-dcblik-6fb19d81babb8d201fc457ade076ae82\">\n.avia-section.av-dcblik-6fb19d81babb8d201fc457ade076ae82 .av-extra-border-element .av-extra-border-inner{\nbackground-color:#474747;\n}\n<\/style>\n<div id='av_section_2'  class='avia-section av-dcblik-6fb19d81babb8d201fc457ade076ae82 main_color avia-section-large avia-no-border-styling  avia-builder-el-2  el_after_av_section  el_before_av_section  avia-bg-style-fixed  av-small-hide av-mini-hide av-arrow-down-section container_wrap sidebar_right'  ><div class='container av-section-cont-open' ><div class='template-page content  av-content-small alpha units'><div class='post-entry post-entry-type-page post-entry-3574'><div class='entry-content-wrapper clearfix'>\n\n<style type=\"text\/css\" data-created_by=\"avia_inline_auto\" id=\"style-css-av-d4efb8-29987755111b6b2883d9e4858ebcddb8\">\n.flex_column.av-d4efb8-29987755111b6b2883d9e4858ebcddb8{\nborder-radius:0px 0px 0px 0px;\n-webkit-border-radius:0px 0px 0px 0px;\n-moz-border-radius:0px 0px 0px 0px;\n}\n<\/style>\n<div class='flex_column av-d4efb8-29987755111b6b2883d9e4858ebcddb8 av_two_fifth  avia-builder-el-3  el_before_av_three_fifth  avia-builder-el-first  first flex_column_div av-zero-column-padding '   ><style type=\"text\/css\" data-created_by=\"avia_inline_auto\" id=\"style-css-av-cxwh8s-c14ca4c6fe0c6e50d78cfbd137414a88\">\n.avia-image-container.av-cxwh8s-c14ca4c6fe0c6e50d78cfbd137414a88 .av-caption-image-overlay-bg{\nopacity:0.4;\n}\n.avia-image-container.av-cxwh8s-c14ca4c6fe0c6e50d78cfbd137414a88 .av-image-caption-overlay-center{\ncolor:#ffffff;\n}\n<\/style>\n<div  class='avia-image-container av-cxwh8s-c14ca4c6fe0c6e50d78cfbd137414a88 av-styling- avia-align-center  avia-builder-el-4  avia-builder-el-no-sibling  noHover av-overlay-hover-deactivate ' ><div class=\"avia-image-container-inner\"><div class=\"avia-image-overlay-wrap\"><div class=\"av-image-caption-overlay\"><div class=\"av-caption-image-overlay-bg\"><\/div><div class=\"av-image-caption-overlay-position\"><div class=\"av-image-caption-overlay-center\"><\/div><\/div><\/div><img decoding=\"async\" class='wp-image-2788 avia-img-lazy-loading-not-2788 avia_image' src=\"https:\/\/salsalibre.dk\/dk\/wp-content\/uploads\/sites\/3\/2018\/10\/Havana-Nights-Thursday-S\u00f8pavillionen-Salsa-Libre-2-1030x805.jpg\" alt='havana-nights-thursday-copenhagen' title='Havana Nights Thursday Salsa Libre'  height=\"805\" width=\"1030\" srcset=\"https:\/\/salsalibre.dk\/dk\/wp-content\/uploads\/sites\/3\/2018\/10\/Havana-Nights-Thursday-S\u00f8pavillionen-Salsa-Libre-2-1030x805.jpg 1030w, https:\/\/salsalibre.dk\/dk\/wp-content\/uploads\/sites\/3\/2018\/10\/Havana-Nights-Thursday-S\u00f8pavillionen-Salsa-Libre-2-300x235.jpg 300w, https:\/\/salsalibre.dk\/dk\/wp-content\/uploads\/sites\/3\/2018\/10\/Havana-Nights-Thursday-S\u00f8pavillionen-Salsa-Libre-2-768x600.jpg 768w, https:\/\/salsalibre.dk\/dk\/wp-content\/uploads\/sites\/3\/2018\/10\/Havana-Nights-Thursday-S\u00f8pavillionen-Salsa-Libre-2-1500x1173.jpg 1500w, https:\/\/salsalibre.dk\/dk\/wp-content\/uploads\/sites\/3\/2018\/10\/Havana-Nights-Thursday-S\u00f8pavillionen-Salsa-Libre-2-705x551.jpg 705w, https:\/\/salsalibre.dk\/dk\/wp-content\/uploads\/sites\/3\/2018\/10\/Havana-Nights-Thursday-S\u00f8pavillionen-Salsa-Libre-2-600x469.jpg 600w\" sizes=\"(max-width: 1030px) 100vw, 1030px\" \/><\/div><\/div><\/div><\/div>\n<style type=\"text\/css\" data-created_by=\"avia_inline_auto\" id=\"style-css-av-csckhg-ba7a4aea9251956cec61bbbf79847011\">\n.flex_column.av-csckhg-ba7a4aea9251956cec61bbbf79847011{\nborder-radius:0px 0px 0px 0px;\n-webkit-border-radius:0px 0px 0px 0px;\n-moz-border-radius:0px 0px 0px 0px;\n}\n<\/style>\n<div class='flex_column av-csckhg-ba7a4aea9251956cec61bbbf79847011 av_three_fifth  avia-builder-el-5  el_after_av_two_fifth  avia-builder-el-last  flex_column_div av-zero-column-padding '   ><section class=\"av_textblock_section \" ><div class='avia_textblock  av_inherit_color '  style='font-size:15px; color:#ffffff; ' ><h4>Havana Nights \u2013 Ugentlig Salsa\/Latinfest i hjertet af K\u00f8benhavn<\/h4>\n<p>Tag med hver torsdag aften til Havana Nights \u2013 et festligt latinamerikansk danseaften p\u00e5 The Old Irish Pub i det centrale K\u00f8benhavn. Uanset om du er nybegynder eller erfaren danser, er dette stedet, hvor du kan nyde rytmerne af Salsa, Bachata, Merengue og Reggaeton i en energisk og inkluderende atmosf\u00e6re.<\/p>\n<h4>Salsa for begyndere \u2013 Introtime kl. 20:00<\/h4>\n<p>Aldrig danset salsa f\u00f8r? Det er helt i orden.<\/p>\n<p>Aftenen starter altid med en sjov og l\u00e6rerig introtime i salsa for begyndere, undervist af professionelle instrukt\u00f8rer fra Salsa Libre Dance Company med mere end 20 \u00e5rs danseerfaring.<\/p>\n<p>Tid: 20:00 \u2013 21:00<br \/>\nUndervisning: Introtime i salsa for begyndere<\/p>\n<h4>Latin Fest \u2013 Salsa, Bachata, Merengue &amp; Reggaeton<\/h4>\n<p>Efter introklassen \u00e5bner dansegulvet op for en hel aften med latinmusik og socialdans. Nyd det bedste inden for Salsa, Bachata, Merengue og Reggaeton, udvalgt af nogle af K\u00f8benhavns bedste latin-DJs.<\/p>\n<p>Tid: 21:00 \u2013 01:00<br \/>\nDJs: DJ Sergio Bedoya, DJ Chevere, DJ Joaquim<\/p>\n<h4>Praktisk information<\/h4>\n<p>Sted: The Old Irish Pub (1. sal), Vesterbrogade 2D, 1620 K\u00f8benhavn<\/p>\n<p>Entr\u00e9: 60 DKK \u2013 inkluderer introtime i salsa, adgang til festen og garderobe<\/p>\n<p><strong>Derfor skal du deltage i Havana Nights<\/strong><\/p>\n<ul>\n<li>Ugentlig Salsa\/latin-dansefest i centrum af K\u00f8benhavn<\/li>\n<li>Perfekt for b\u00e5de begyndere og erfarne dansere<\/li>\n<li>Professionel undervisning og h\u00f8j energi p\u00e5 dansegulvet<\/li>\n<li>Fantastisk latinmusik leveret af kendte DJs<\/li>\n<li>En sjov og prisvenlig aften ude<\/li>\n<\/ul>\n<\/div><\/section><br \/>\n<div  class='av_gmaps_sc_main_wrap av_gmaps_main_wrap '><div id='av_gmap_0' class='avia-google-map-container avia-google-map-sc av_gmaps_show_unconditionally av-no-fallback-img ' data-mapid='av_gmap_0'  style='height: 400px;'><a class=\"av_gmaps_browser_disabled av_text_confirm_link av_text_confirm_link_visible\" href=\"https:\/\/www.google.com\/maps\/search\/?api=1&#038;query=Vesterbrogade%202D%201620%20Copenhagen%20%20Denmark\" target=\"_blank\" rel=\"noopener\">Maps were disabled by the visitor on this site. Click to open the map in a new window.<\/a><\/div><\/div><\/p><\/div><\/div><\/div><\/div><!-- close content main div --><\/div><div class='av-extra-border-element border-extra-arrow-down'><div class='av-extra-border-outer'><div class='av-extra-border-inner'><\/div><\/div><\/div><\/div>\n<style type=\"text\/css\" data-created_by=\"avia_inline_auto\" id=\"style-css-av-dcblik-bf9e2357cbed4d7a413d4fe7c919e47f\">\n.avia-section.av-dcblik-bf9e2357cbed4d7a413d4fe7c919e47f .av-extra-border-element .av-extra-border-inner{\nbackground-color:#474747;\n}\n<\/style>\n<div id='av_section_3'  class='avia-section av-dcblik-bf9e2357cbed4d7a413d4fe7c919e47f main_color avia-section-large avia-no-border-styling  avia-builder-el-8  el_after_av_section  avia-builder-el-last  avia-bg-style-fixed  av-desktop-hide av-medium-hide av-arrow-down-section container_wrap sidebar_right'  ><div class='container av-section-cont-open' ><div class='template-page content  av-content-small alpha units'><div class='post-entry post-entry-type-page post-entry-3574'><div class='entry-content-wrapper clearfix'>\n\n<style type=\"text\/css\" data-created_by=\"avia_inline_auto\" id=\"style-css-av-d4efb8-29987755111b6b2883d9e4858ebcddb8\">\n.flex_column.av-d4efb8-29987755111b6b2883d9e4858ebcddb8{\nborder-radius:0px 0px 0px 0px;\n-webkit-border-radius:0px 0px 0px 0px;\n-moz-border-radius:0px 0px 0px 0px;\n}\n<\/style>\n<div class='flex_column av-d4efb8-29987755111b6b2883d9e4858ebcddb8 av_two_fifth  avia-builder-el-9  el_before_av_three_fifth  avia-builder-el-first  first flex_column_div av-zero-column-padding '   ><p>\n<style type=\"text\/css\" data-created_by=\"avia_inline_auto\" id=\"style-css-av-cxwh8s-c14ca4c6fe0c6e50d78cfbd137414a88\">\n.avia-image-container.av-cxwh8s-c14ca4c6fe0c6e50d78cfbd137414a88 .av-caption-image-overlay-bg{\nopacity:0.4;\n}\n.avia-image-container.av-cxwh8s-c14ca4c6fe0c6e50d78cfbd137414a88 .av-image-caption-overlay-center{\ncolor:#ffffff;\n}\n<\/style>\n<div  class='avia-image-container av-cxwh8s-c14ca4c6fe0c6e50d78cfbd137414a88 av-styling- avia-align-center  avia-builder-el-10  el_before_av_textblock  avia-builder-el-first  noHover av-overlay-hover-deactivate ' ><div class=\"avia-image-container-inner\"><div class=\"avia-image-overlay-wrap\"><div class=\"av-image-caption-overlay\"><div class=\"av-caption-image-overlay-bg\"><\/div><div class=\"av-image-caption-overlay-position\"><div class=\"av-image-caption-overlay-center\"><\/div><\/div><\/div><img decoding=\"async\" class='wp-image-2788 avia-img-lazy-loading-not-2788 avia_image' src=\"https:\/\/salsalibre.dk\/dk\/wp-content\/uploads\/sites\/3\/2018\/10\/Havana-Nights-Thursday-S\u00f8pavillionen-Salsa-Libre-2-1030x805.jpg\" alt='havana-nights-thursday-copenhagen' title='Havana Nights Thursday Salsa Libre'  height=\"805\" width=\"1030\" srcset=\"https:\/\/salsalibre.dk\/dk\/wp-content\/uploads\/sites\/3\/2018\/10\/Havana-Nights-Thursday-S\u00f8pavillionen-Salsa-Libre-2-1030x805.jpg 1030w, https:\/\/salsalibre.dk\/dk\/wp-content\/uploads\/sites\/3\/2018\/10\/Havana-Nights-Thursday-S\u00f8pavillionen-Salsa-Libre-2-300x235.jpg 300w, https:\/\/salsalibre.dk\/dk\/wp-content\/uploads\/sites\/3\/2018\/10\/Havana-Nights-Thursday-S\u00f8pavillionen-Salsa-Libre-2-768x600.jpg 768w, https:\/\/salsalibre.dk\/dk\/wp-content\/uploads\/sites\/3\/2018\/10\/Havana-Nights-Thursday-S\u00f8pavillionen-Salsa-Libre-2-1500x1173.jpg 1500w, https:\/\/salsalibre.dk\/dk\/wp-content\/uploads\/sites\/3\/2018\/10\/Havana-Nights-Thursday-S\u00f8pavillionen-Salsa-Libre-2-705x551.jpg 705w, https:\/\/salsalibre.dk\/dk\/wp-content\/uploads\/sites\/3\/2018\/10\/Havana-Nights-Thursday-S\u00f8pavillionen-Salsa-Libre-2-600x469.jpg 600w\" sizes=\"(max-width: 1030px) 100vw, 1030px\" \/><\/div><\/div><\/div><br \/>\n<section class=\"av_textblock_section \" ><div class='avia_textblock  av_inherit_color '  style='font-size:15px; color:#ffffff; ' ><h4>Havana Nights \u2013 Ugentlig Salsa\/Latinfest i hjertet af K\u00f8benhavn<\/h4>\n<p>Tag med hver torsdag aften til Havana Nights \u2013 et festligt latinamerikansk danseaften p\u00e5 The Old Irish Pub i det centrale K\u00f8benhavn. Uanset om du er nybegynder eller erfaren danser, er dette stedet, hvor du kan nyde rytmerne af Salsa, Bachata, Merengue og Reggaeton i en energisk og inkluderende atmosf\u00e6re.<\/p>\n<h4>Salsa for begyndere \u2013 Introtime kl. 20:00<\/h4>\n<p>Aldrig danset salsa f\u00f8r? Det er helt i orden.<\/p>\n<p>Aftenen starter altid med en sjov og l\u00e6rerig introtime i salsa for begyndere, undervist af professionelle instrukt\u00f8rer fra Salsa Libre Dance Company med mere end 20 \u00e5rs danseerfaring.<\/p>\n<p>Tid: 20:00 \u2013 21:00<br \/>\nUndervisning: Introtime i salsa for begyndere<\/p>\n<h4>Latin Fest \u2013 Salsa, Bachata, Merengue &amp; Reggaeton<\/h4>\n<p>Efter introklassen \u00e5bner dansegulvet op for en hel aften med latinmusik og socialdans. Nyd det bedste inden for Salsa, Bachata, Merengue og Reggaeton, udvalgt af nogle af K\u00f8benhavns bedste latin-DJs.<\/p>\n<p>Tid: 21:00 \u2013 01:00<br \/>\nDJs: DJ Sergio Bedoya, DJ Chevere, DJ Joaquim<\/p>\n<h4>Praktisk information<\/h4>\n<p>Sted: The Old Irish Pub (1. sal), Vesterbrogade 2D, 1620 K\u00f8benhavn<\/p>\n<p>Entr\u00e9: 60 DKK \u2013 inkluderer introtime i salsa, adgang til festen og garderobe<\/p>\n<p><strong>Derfor skal du deltage i Havana Nights<\/strong><\/p>\n<ul>\n<li>Ugentlig Salsa\/latin-dansefest i centrum af K\u00f8benhavn<\/li>\n<li>Perfekt for b\u00e5de begyndere og erfarne dansere<\/li>\n<li>Professionel undervisning og h\u00f8j energi p\u00e5 dansegulvet<\/li>\n<li>Fantastisk latinmusik leveret af kendte DJs<\/li>\n<li>En sjov og prisvenlig aften ude<\/li>\n<\/ul>\n<\/div><\/section><br \/>\n\n<style type=\"text\/css\" data-created_by=\"avia_inline_auto\" id=\"style-css-av-jo68xijs-6a6ce01411dbf036da96cbeabc614ef2\">\n#top .hr.hr-invisible.av-jo68xijs-6a6ce01411dbf036da96cbeabc614ef2{\nheight:50px;\n}\n<\/style>\n<div  class='hr av-jo68xijs-6a6ce01411dbf036da96cbeabc614ef2 hr-invisible  avia-builder-el-12  el_after_av_textblock  avia-builder-el-last  '><span class='hr-inner '><span class=\"hr-inner-style\"><\/span><\/span><\/div><\/p><\/div>\n<style type=\"text\/css\" data-created_by=\"avia_inline_auto\" id=\"style-css-av-csckhg-ba7a4aea9251956cec61bbbf79847011\">\n.flex_column.av-csckhg-ba7a4aea9251956cec61bbbf79847011{\nborder-radius:0px 0px 0px 0px;\n-webkit-border-radius:0px 0px 0px 0px;\n-moz-border-radius:0px 0px 0px 0px;\n}\n<\/style>\n<div class='flex_column av-csckhg-ba7a4aea9251956cec61bbbf79847011 av_three_fifth  avia-builder-el-13  el_after_av_two_fifth  avia-builder-el-last  flex_column_div av-zero-column-padding '   ><div  class='av_gmaps_sc_main_wrap av_gmaps_main_wrap '><div id='av_gmap_1' class='avia-google-map-container avia-google-map-sc av_gmaps_show_unconditionally av-no-fallback-img ' data-mapid='av_gmap_1'  style='height: 400px;'><a class=\"av_gmaps_browser_disabled av_text_confirm_link av_text_confirm_link_visible\" href=\"https:\/\/www.google.com\/maps\/search\/?api=1&#038;query=Vesterbrogade%202D%201620%20Copenhagen%20%20Denmark\" target=\"_blank\" rel=\"noopener\">Maps were disabled by the visitor on this site. Click to open the map in a new window.<\/a><\/div><\/div><\/div><\/div><\/div><\/div><!-- close content main div --><\/div><div class='av-extra-border-element border-extra-arrow-down'><div class='av-extra-border-outer'><div class='av-extra-border-inner'><\/div><\/div><\/div><\/div><div id='after_section_3'  class='main_color av_default_container_wrap container_wrap sidebar_right'  ><div class='container av-section-cont-open' ><div class='template-page content  av-content-small alpha units'><div class='post-entry post-entry-type-page post-entry-3574'><div class='entry-content-wrapper clearfix'><\/p>\n","protected":false},"excerpt":{"rendered":"","protected":false},"author":4,"featured_media":0,"parent":2317,"menu_order":20,"comment_status":"closed","ping_status":"closed","template":"","meta":{"_exactmetrics_skip_tracking":false,"_exactmetrics_sitenote_active":false,"_exactmetrics_sitenote_note":"","_exactmetrics_sitenote_category":0,"footnotes":""},"class_list":["post-3574","page","type-page","status-publish","hentry"],"aioseo_notices":[],"_links":{"self":[{"href":"https:\/\/salsalibre.dk\/dk\/wp-json\/wp\/v2\/pages\/3574","targetHints":{"allow":["GET"]}}],"collection":[{"href":"https:\/\/salsalibre.dk\/dk\/wp-json\/wp\/v2\/pages"}],"about":[{"href":"https:\/\/salsalibre.dk\/dk\/wp-json\/wp\/v2\/types\/page"}],"author":[{"embeddable":true,"href":"https:\/\/salsalibre.dk\/dk\/wp-json\/wp\/v2\/users\/4"}],"replies":[{"embeddable":true,"href":"https:\/\/salsalibre.dk\/dk\/wp-json\/wp\/v2\/comments?post=3574"}],"version-history":[{"count":76,"href":"https:\/\/salsalibre.dk\/dk\/wp-json\/wp\/v2\/pages\/3574\/revisions"}],"predecessor-version":[{"id":12819,"href":"https:\/\/salsalibre.dk\/dk\/wp-json\/wp\/v2\/pages\/3574\/revisions\/12819"}],"up":[{"embeddable":true,"href":"https:\/\/salsalibre.dk\/dk\/wp-json\/wp\/v2\/pages\/2317"}],"wp:attachment":[{"href":"https:\/\/salsalibre.dk\/dk\/wp-json\/wp\/v2\/media?parent=3574"}],"curies":[{"name":"wp","href":"https:\/\/api.w.org\/{rel}","templated":true}]}}