{"id":26,"date":"2014-07-09T16:04:43","date_gmt":"2014-07-09T14:04:43","guid":{"rendered":"http:\/\/192.168.1.104\/restaurant\/?page_id=25"},"modified":"2023-09-07T13:59:48","modified_gmt":"2023-09-07T11:59:48","slug":"om-salsa-libre-copenhagen","status":"publish","type":"page","link":"https:\/\/salsalibre.dk\/dk\/om-salsa-libre-copenhagen\/","title":{"rendered":"Om Salsa Libre Copenhagen"},"content":{"rendered":"\n<style type=\"text\/css\" data-created_by=\"avia_inline_auto\" id=\"style-css-av-jolbyqzg-c45c880dbf95f1322e9d4bd608b47b1d\">\n.avia-section.av-jolbyqzg-c45c880dbf95f1322e9d4bd608b47b1d .av-extra-border-element .av-extra-border-inner{\nbackground-color:#474747;\n}\n<\/style>\n<div id='av_section_1'  class='avia-section av-jolbyqzg-c45c880dbf95f1322e9d4bd608b47b1d main_color avia-section-default avia-no-border-styling  avia-builder-el-0  el_before_av_section  avia-builder-el-first  avia-bg-style-scroll  av-arrow-down-section container_wrap sidebar_right'  ><div class='container av-section-cont-open' ><main  class='template-page content  av-content-small alpha units'><div class='post-entry post-entry-type-page post-entry-26'><div class='entry-content-wrapper clearfix'>\n\n<style type=\"text\/css\" data-created_by=\"avia_inline_auto\" id=\"style-css-av-jrqqne38-090c19e21a54ec9f639a7f1f8d1fd354\">\n#top .av-special-heading.av-jrqqne38-090c19e21a54ec9f639a7f1f8d1fd354{\npadding-bottom:10px;\n}\n<\/style>\n<div  class='av-special-heading av-jrqqne38-090c19e21a54ec9f639a7f1f8d1fd354 av-special-heading-h1 blockquote modern-quote  avia-builder-el-1  avia-builder-el-no-sibling  '><h1 class='av-special-heading-tag '  >Om Salsa Libre Copenhagen<\/h1><div class='special-heading-border'><div class='special-heading-inner-border'><\/div><\/div><\/div>\n\n<\/div><\/div><\/main><!-- close content main element --><\/div><div class='av-extra-border-element border-extra-arrow-down'><div class='av-extra-border-outer'><div class='av-extra-border-inner'><\/div><\/div><\/div><\/div>\n<style type=\"text\/css\" data-created_by=\"avia_inline_auto\" id=\"style-css-av-3epay-8a14aa519875bad2be1693a6edaa38d9\">\n.avia-section.av-3epay-8a14aa519875bad2be1693a6edaa38d9 .av-extra-border-element .av-extra-border-inner{\nbackground-color:#292929;\n}\n<\/style>\n<div id='av_section_2'  class='avia-section av-3epay-8a14aa519875bad2be1693a6edaa38d9 alternate_color avia-section-default avia-no-border-styling  avia-builder-el-2  el_after_av_section  avia-builder-el-last  avia-bg-style-scroll  av-arrow-down-section container_wrap sidebar_right'  ><div class='container av-section-cont-open' ><div class='template-page content  av-content-small alpha units'><div class='post-entry post-entry-type-page post-entry-26'><div class='entry-content-wrapper clearfix'>\n\n<style type=\"text\/css\" data-created_by=\"avia_inline_auto\" id=\"style-css-av-2t6m2-e0a2859071144ddce2a94e4817a2caa5\">\n.flex_column.av-2t6m2-e0a2859071144ddce2a94e4817a2caa5{\nborder-radius:0px 0px 0px 0px;\n-webkit-border-radius:0px 0px 0px 0px;\n-moz-border-radius:0px 0px 0px 0px;\n}\n<\/style>\n<div class='flex_column av-2t6m2-e0a2859071144ddce2a94e4817a2caa5 av_two_fifth  avia-builder-el-3  el_before_av_three_fifth  avia-builder-el-first  first flex_column_div av-zero-column-padding '   ><p>\n<style type=\"text\/css\" data-created_by=\"avia_inline_auto\" id=\"style-css-av-2btay-17a07b8a8e95f815c9faec9a88bc79aa\">\n.avia-image-container.av-2btay-17a07b8a8e95f815c9faec9a88bc79aa .av-caption-image-overlay-bg{\nopacity:0.4;\n}\n.avia-image-container.av-2btay-17a07b8a8e95f815c9faec9a88bc79aa .av-image-caption-overlay-center{\ncolor:#ffffff;\n}\n<\/style>\n<div  class='avia-image-container av-2btay-17a07b8a8e95f815c9faec9a88bc79aa av-styling- avia-align-center  avia-builder-el-4  el_before_av_image  avia-builder-el-first  noHover av-overlay-hover-deactivate ' ><div class=\"avia-image-container-inner\"><div class=\"avia-image-overlay-wrap\"><div class=\"av-image-caption-overlay\"><div class=\"av-caption-image-overlay-bg\"><\/div><div class=\"av-image-caption-overlay-position\"><div class=\"av-image-caption-overlay-center\"><\/div><\/div><\/div><img decoding=\"async\" class='wp-image-2902 avia-img-lazy-loading-not-2902 avia_image' src=\"https:\/\/salsalibre.dk\/dk\/wp-content\/uploads\/sites\/3\/2018\/10\/salsa-sundays-copenhagen-495x400.jpg\" alt='' title='salsa-sundays-copenhagen'  height=\"400\" width=\"495\" srcset=\"https:\/\/salsalibre.dk\/dk\/wp-content\/uploads\/sites\/3\/2018\/10\/salsa-sundays-copenhagen-495x400.jpg 495w, https:\/\/salsalibre.dk\/dk\/wp-content\/uploads\/sites\/3\/2018\/10\/salsa-sundays-copenhagen-845x684.jpg 845w\" sizes=\"(max-width: 495px) 100vw, 495px\" \/><\/div><\/div><\/div><br \/>\n\n<style type=\"text\/css\" data-created_by=\"avia_inline_auto\" id=\"style-css-av-jolcr9ro-085f3777ec51bd58cfa9ce99f3247709\">\n.avia-image-container.av-jolcr9ro-085f3777ec51bd58cfa9ce99f3247709 .av-image-caption-overlay-center{\ncolor:#ffffff;\n}\n<\/style>\n<div  class='avia-image-container av-jolcr9ro-085f3777ec51bd58cfa9ce99f3247709 av-styling-no-styling av-hover-grow avia_animated_image avia_animate_when_almost_visible fade-in avia-align-center  avia-builder-el-5  el_after_av_image  avia-builder-el-last  ' ><div class=\"avia-image-container-inner\"><div class=\"avia-image-overlay-wrap\"><img decoding=\"async\" class='wp-image-692 avia-img-lazy-loading-not-692 avia_image' src=\"https:\/\/salsalibre.dk\/dk\/wp-content\/uploads\/sites\/3\/2018\/03\/salsa_white_icon.png\" alt='' title='salsa_white_icon'  height=\"256\" width=\"256\" srcset=\"https:\/\/salsalibre.dk\/dk\/wp-content\/uploads\/sites\/3\/2018\/03\/salsa_white_icon.png 256w, https:\/\/salsalibre.dk\/dk\/wp-content\/uploads\/sites\/3\/2018\/03\/salsa_white_icon-80x80.png 80w, https:\/\/salsalibre.dk\/dk\/wp-content\/uploads\/sites\/3\/2018\/03\/salsa_white_icon-36x36.png 36w, https:\/\/salsalibre.dk\/dk\/wp-content\/uploads\/sites\/3\/2018\/03\/salsa_white_icon-180x180.png 180w, https:\/\/salsalibre.dk\/dk\/wp-content\/uploads\/sites\/3\/2018\/03\/salsa_white_icon-100x100.png 100w\" sizes=\"(max-width: 256px) 100vw, 256px\" \/><\/div><\/div><\/div><\/p><\/div>\n<style type=\"text\/css\" data-created_by=\"avia_inline_auto\" id=\"style-css-av-1p43i-68f72e15cd523c73d72cae15d715f604\">\n.flex_column.av-1p43i-68f72e15cd523c73d72cae15d715f604{\nborder-radius:0px 0px 0px 0px;\n-webkit-border-radius:0px 0px 0px 0px;\n-moz-border-radius:0px 0px 0px 0px;\npadding:1px 1px 1px 1px;\n}\n<\/style>\n<div class='flex_column av-1p43i-68f72e15cd523c73d72cae15d715f604 av_three_fifth  avia-builder-el-6  el_after_av_two_fifth  avia-builder-el-last  flex_column_div '   ><section class=\"av_textblock_section \" ><div class='avia_textblock  '  style='font-size:16px; ' ><p>Salsa Libre Copenhagen blev grundlagt i 2005 af Joaquim Aoues, instrukt\u00f8r i Salsa og Bachata, koreograf og officiel arrang\u00f8r af Copenhagen Salsa Festival, Copenhagen Bachata Festival samt en r\u00e6kke ugentlige sociale danseevents.<\/p>\n<p>Siden 2005 har Salsa Libre Copenhagen undervist tusinder af dansere i K\u00f8benavn. Mange af disse deltager stadig til vores sociale danseevents, og nogle af dem er i dag\u00a0 instrukt\u00f8rer i Salsa eller Bachata.<\/p>\n<p>Salsa Libre Copenhagen er en gruppe af b\u00e5de lokale og internationale instrukt\u00f8rer, der alle er har de rette dansef\u00e6rdigheder og erfaring, s\u00e5 vi sikrer os, at vi kan levere den bedste kvalitet inden for vores undervisning, shows og sociale danseevents.<\/p>\n<p><a href=\"http:\/\/salsalibre.dk\/salsalibre-2\/salsa-libre-2\/instructors\/\">L\u00e6s mere om vores instrukt\u00f8rer her.<\/a><\/p>\n<p>Vi tilbyder hos Salsa Libre Copenhagen undervisning inden for Cubansk Salsa, Salsa LA Style og Bachata p\u00e5 forskellige nivauer. Undervisningen er baseret p\u00e5 en step-by-step undervisningsteknik, som er testet af tusindvis af dansere i hele verden.<\/p>\n<p>Hos Salsa Libre Copenhagen tror vi p\u00e5, at alle kan l\u00e6re at danse. Ja, Alle!<\/p>\n<p>Vi tror p\u00e5, at dans er meget mere end blot trin og moves, dans kan v\u00e6re en livs\u00e6ndrende oplevelse.<\/p>\n<p>Vores motto er: Listen, feel and dance &#8211; lyt, f\u00f8l og dans!<\/p>\n<\/div><\/section><\/div><\/div><\/div><\/div><!-- close content main div --><\/div><div class='av-extra-border-element border-extra-arrow-down'><div class='av-extra-border-outer'><div class='av-extra-border-inner'><\/div><\/div><\/div><\/div><div id='after_section_2'  class='main_color av_default_container_wrap container_wrap sidebar_right'  ><div class='container av-section-cont-open' ><div class='template-page content  av-content-small alpha units'><div class='post-entry post-entry-type-page post-entry-26'><div class='entry-content-wrapper clearfix'>\n","protected":false},"excerpt":{"rendered":"","protected":false},"author":4,"featured_media":2902,"parent":0,"menu_order":50,"comment_status":"open","ping_status":"closed","template":"","meta":{"_exactmetrics_skip_tracking":false,"_exactmetrics_sitenote_active":false,"_exactmetrics_sitenote_note":"","_exactmetrics_sitenote_category":0,"footnotes":""},"class_list":["post-26","page","type-page","status-publish","has-post-thumbnail","hentry"],"aioseo_notices":[],"_links":{"self":[{"href":"https:\/\/salsalibre.dk\/dk\/wp-json\/wp\/v2\/pages\/26","targetHints":{"allow":["GET"]}}],"collection":[{"href":"https:\/\/salsalibre.dk\/dk\/wp-json\/wp\/v2\/pages"}],"about":[{"href":"https:\/\/salsalibre.dk\/dk\/wp-json\/wp\/v2\/types\/page"}],"author":[{"embeddable":true,"href":"https:\/\/salsalibre.dk\/dk\/wp-json\/wp\/v2\/users\/4"}],"replies":[{"embeddable":true,"href":"https:\/\/salsalibre.dk\/dk\/wp-json\/wp\/v2\/comments?post=26"}],"version-history":[{"count":63,"href":"https:\/\/salsalibre.dk\/dk\/wp-json\/wp\/v2\/pages\/26\/revisions"}],"predecessor-version":[{"id":9659,"href":"https:\/\/salsalibre.dk\/dk\/wp-json\/wp\/v2\/pages\/26\/revisions\/9659"}],"wp:featuredmedia":[{"embeddable":true,"href":"https:\/\/salsalibre.dk\/dk\/wp-json\/wp\/v2\/media\/2902"}],"wp:attachment":[{"href":"https:\/\/salsalibre.dk\/dk\/wp-json\/wp\/v2\/media?parent=26"}],"curies":[{"name":"wp","href":"https:\/\/api.w.org\/{rel}","templated":true}]}}