{"id":1481,"date":"2018-08-28T09:41:13","date_gmt":"2018-08-28T07:41:13","guid":{"rendered":"http:\/\/salsalibre.dk\/salsalibre-2\/?page_id=1481"},"modified":"2025-10-28T18:36:22","modified_gmt":"2025-10-28T17:36:22","slug":"private-events","status":"publish","type":"page","link":"https:\/\/salsalibre.dk\/dk\/salsa-firma-private-events\/private-events\/","title":{"rendered":"Private Events"},"content":{"rendered":"\n<style type=\"text\/css\" data-created_by=\"avia_inline_auto\" id=\"style-css-av-jolblp00-e70d0f80bae8f0a7767510a0b00f5f1e\">\n.avia-section.av-jolblp00-e70d0f80bae8f0a7767510a0b00f5f1e .av-extra-border-element .av-extra-border-inner{\nbackground-color:#474747;\n}\n<\/style>\n<div id='av_section_1'  class='avia-section av-jolblp00-e70d0f80bae8f0a7767510a0b00f5f1e main_color avia-section-default avia-no-border-styling  avia-builder-el-0  el_before_av_section  avia-builder-el-first  avia-bg-style-scroll  av-arrow-down-section container_wrap sidebar_right'  ><div class='container av-section-cont-open' ><main  class='template-page content  av-content-small alpha units'><div class='post-entry post-entry-type-page post-entry-1481'><div class='entry-content-wrapper clearfix'>\n\n<style type=\"text\/css\" data-created_by=\"avia_inline_auto\" id=\"style-css-av-jshujp6g-485a2a477d8b1f49157060d4010801d0\">\n#top .av-special-heading.av-jshujp6g-485a2a477d8b1f49157060d4010801d0{\npadding-bottom:10px;\n}\n<\/style>\n<div  class='av-special-heading av-jshujp6g-485a2a477d8b1f49157060d4010801d0 av-special-heading-h1 blockquote modern-quote  avia-builder-el-1  avia-builder-el-no-sibling  '><h1 class='av-special-heading-tag '  >Private events &#8211; Polterabend<\/h1><div class='special-heading-border'><div class='special-heading-inner-border'><\/div><\/div><\/div>\n\n<\/div><\/div><\/main><!-- close content main element --><\/div><div class='av-extra-border-element border-extra-arrow-down'><div class='av-extra-border-outer'><div class='av-extra-border-inner'><\/div><\/div><\/div><\/div>\n<style type=\"text\/css\" data-created_by=\"avia_inline_auto\" id=\"style-css-av-i2uo89-804300d9f888c468cc44dd1bccc6b27e\">\n.avia-section.av-i2uo89-804300d9f888c468cc44dd1bccc6b27e .av-extra-border-element .av-extra-border-inner{\nbackground-color:#292929;\n}\n<\/style>\n<div id='av_section_2'  class='avia-section av-i2uo89-804300d9f888c468cc44dd1bccc6b27e alternate_color avia-section-default avia-no-border-styling  avia-builder-el-2  el_after_av_section  avia-builder-el-last  avia-bg-style-scroll  av-arrow-down-section container_wrap sidebar_right'  ><div class='container av-section-cont-open' ><div class='template-page content  av-content-small alpha units'><div class='post-entry post-entry-type-page post-entry-1481'><div class='entry-content-wrapper clearfix'>\n\n<style type=\"text\/css\" data-created_by=\"avia_inline_auto\" id=\"style-css-av-gbuspl-1c2b10cd6f74107a7d838c2a5e0cff35\">\n.flex_column.av-gbuspl-1c2b10cd6f74107a7d838c2a5e0cff35{\nborder-radius:0px 0px 0px 0px;\n-webkit-border-radius:0px 0px 0px 0px;\n-moz-border-radius:0px 0px 0px 0px;\n}\n<\/style>\n<div class='flex_column av-gbuspl-1c2b10cd6f74107a7d838c2a5e0cff35 av_two_fifth  avia-builder-el-3  el_before_av_three_fifth  avia-builder-el-first  first flex_column_div av-zero-column-padding '   ><div   data-size='gallery'  data-lightbox_size='large'  data-animation='slide'  data-conditional_play=''  data-ids='2340,3869,4190'  data-video_counter='0'  data-autoplay='false'  data-bg_slider='false'  data-slide_height=''  data-handle='av_slideshow'  data-interval='5'  data-class=' avia-builder-el-4  avia-builder-el-no-sibling  '  data-el_id=''  data-css_id=''  data-scroll_down=''  data-control_layout='av-control-default'  data-custom_markup=''  data-perma_caption=''  data-autoplay_stopper=''  data-image_attachment=''  data-min_height='0px'  data-lazy_loading='disabled'  data-img_scrset=''  data-default-height='80.94674556213'  class='avia-slideshow avia-slideshow-1  av-control-default av-default-height-applied avia-slideshow-gallery av_slideshow  avia-builder-el-4  avia-builder-el-no-sibling   avia-slide-slider ' ><ul class='avia-slideshow-inner ' style='padding-bottom: 80.94674556213%;' ><li  class=' slide-1 ' ><div data-rel='slideshow-1' class='avia-slide-wrap '   ><img decoding=\"async\" class=\"wp-image-2340 avia-img-lazy-loading-not-2340\"  src=\"https:\/\/salsalibre.dk\/dk\/wp-content\/uploads\/sites\/3\/2018\/09\/inMoves-Photography-81-845x684.jpg\" width=\"845\" height=\"684\" title='inMoves Photography-81' alt='' srcset=\"https:\/\/salsalibre.dk\/dk\/wp-content\/uploads\/sites\/3\/2018\/09\/inMoves-Photography-81-845x684.jpg 845w, https:\/\/salsalibre.dk\/dk\/wp-content\/uploads\/sites\/3\/2018\/09\/inMoves-Photography-81-495x400.jpg 495w\" sizes=\"(max-width: 845px) 100vw, 845px\" \/><\/div><\/li><li  class=' slide-2 ' ><div data-rel='slideshow-1' class='avia-slide-wrap '   ><img decoding=\"async\" class=\"wp-image-3869 avia-img-lazy-loading-not-3869\"  src=\"https:\/\/salsalibre.dk\/dk\/wp-content\/uploads\/sites\/3\/2018\/11\/CSF2016_20160422_ForPrint_016_IMG_8292-845x684.jpg\" width=\"845\" height=\"684\" title='CSF2016_20160422_ForPrint_016_IMG_8292' alt='' srcset=\"https:\/\/salsalibre.dk\/dk\/wp-content\/uploads\/sites\/3\/2018\/11\/CSF2016_20160422_ForPrint_016_IMG_8292-845x684.jpg 845w, https:\/\/salsalibre.dk\/dk\/wp-content\/uploads\/sites\/3\/2018\/11\/CSF2016_20160422_ForPrint_016_IMG_8292-495x400.jpg 495w\" sizes=\"(max-width: 845px) 100vw, 845px\" \/><\/div><\/li><li  class=' slide-3 ' ><div data-rel='slideshow-1' class='avia-slide-wrap '   ><img decoding=\"async\" class=\"wp-image-4190 avia-img-lazy-loading-not-4190\"  src=\"https:\/\/salsalibre.dk\/dk\/wp-content\/uploads\/sites\/3\/2018\/11\/AR1_4505-1-845x684.jpg\" width=\"845\" height=\"684\" title='AR1_4505' alt='' srcset=\"https:\/\/salsalibre.dk\/dk\/wp-content\/uploads\/sites\/3\/2018\/11\/AR1_4505-1-845x684.jpg 845w, https:\/\/salsalibre.dk\/dk\/wp-content\/uploads\/sites\/3\/2018\/11\/AR1_4505-1-495x400.jpg 495w\" sizes=\"(max-width: 845px) 100vw, 845px\" \/><\/div><\/li><\/ul><div class='avia-slideshow-arrows avia-slideshow-controls' ><a href='#prev' class='prev-slide ' aria-hidden='true' data-av_icon='\ue87c' data-av_iconfont='entypo-fontello'  tabindex='-1'>Forrige<\/a><a href='#next' class='next-slide ' aria-hidden='true' data-av_icon='\ue87d' data-av_iconfont='entypo-fontello'  tabindex='-1'>N&#230;ste<\/a><\/div><div class='avia-slideshow-dots avia-slideshow-controls'><a href='#1' class='goto-slide active' >1<\/a><a href='#2' class='goto-slide ' >2<\/a><a href='#3' class='goto-slide ' >3<\/a><\/div><\/div><\/div>\n<style type=\"text\/css\" data-created_by=\"avia_inline_auto\" id=\"style-css-av-d19909-982e42e5c3a16ecbe24df4900e17daca\">\n.flex_column.av-d19909-982e42e5c3a16ecbe24df4900e17daca{\nborder-radius:0px 0px 0px 0px;\n-webkit-border-radius:0px 0px 0px 0px;\n-moz-border-radius:0px 0px 0px 0px;\n}\n<\/style>\n<div class='flex_column av-d19909-982e42e5c3a16ecbe24df4900e17daca av_three_fifth  avia-builder-el-5  el_after_av_two_fifth  avia-builder-el-last  flex_column_div av-zero-column-padding '   ><p><section class=\"av_textblock_section \" ><div class='avia_textblock  av_inherit_color '  style='font-size:16px; color:#ffffff; ' ><p>Salsa er en perfekt id\u00e9 til polterabend, sommerfest, f\u00f8dselsda, julefrokost eller andre sociale events. F\u00e5 en sjov og festlig danseoplevelse, hvor alle kan deltage.<\/p>\n<p>Vi kommer gerne ud til dig og undervise, men vi kan ogs\u00e5 booke et lokale til arrangementet.<\/p>\n<\/div><\/section><br \/>\n\n<style type=\"text\/css\" data-created_by=\"avia_inline_auto\" id=\"style-css-av-jog6ervm-febeb9d050420dcfce5940c9ebab4d4d\">\n#top .avia-icon-list-container.av-jog6ervm-febeb9d050420dcfce5940c9ebab4d4d .iconlist_icon{\nfont-size:16px;\n}\n#top #wrap_all .avia-icon-list-container.av-jog6ervm-febeb9d050420dcfce5940c9ebab4d4d .av_iconlist_title{\nfont-size:16px;\n}\n<\/style>\n<div  class='avia-icon-list-container av-jog6ervm-febeb9d050420dcfce5940c9ebab4d4d  avia-builder-el-7  el_after_av_textblock  el_before_av_contact  '><ul class='avia-icon-list avia_animate_when_almost_visible avia-icon-list-left av-iconlist-small av-jog6ervm-febeb9d050420dcfce5940c9ebab4d4d avia-iconlist-animate'>\n<li><div class='iconlist_icon av-82cx5l-f4e63b4d36ff11edd2bf92cd7234c27d avia-font-entypo-fontello'><span class='iconlist-char ' aria-hidden='true' data-av_icon='\ue827' data-av_iconfont='entypo-fontello'><\/span><\/div><article class=\"article-icon-entry av-iconlist-empty\" ><div class='iconlist_content_wrap'><header class=\"entry-content-header\"><div class='av_iconlist_title iconlist_title_small   ' >Priser fra 1.000 kr. afh\u00e6ngigt af antal deltagere samt eventuel transport<\/div><\/header><div class='iconlist_content  ' ><\/div><\/div><footer class=\"entry-footer\"><\/footer><\/article><div class='iconlist-timeline'><\/div><\/li>\n<li><div class='iconlist_icon av-6gpqd5-9ffba6f31999eded635c1e9a50a130af avia-font-entypo-fontello'><span class='iconlist-char ' aria-hidden='true' data-av_icon='\ue862' data-av_iconfont='entypo-fontello'><\/span><\/div><article class=\"article-icon-entry av-iconlist-empty\" ><div class='iconlist_content_wrap'><header class=\"entry-content-header\"><div class='av_iconlist_title iconlist_title_small   ' >Varighed 1 time<\/div><\/header><div class='iconlist_content  ' ><\/div><\/div><footer class=\"entry-footer\"><\/footer><\/article><div class='iconlist-timeline'><\/div><\/li>\n<li><div class='iconlist_icon av-4axnw9-b6c5776a82690326c9383669aa230e37 avia-font-entypo-fontello'><span class='iconlist-char ' aria-hidden='true' data-av_icon='\ue841' data-av_iconfont='entypo-fontello'><\/span><\/div><article class=\"article-icon-entry av-iconlist-empty\" ><div class='iconlist_content_wrap'><header class=\"entry-content-header\"><div class='av_iconlist_title iconlist_title_small   ' >Vi er baseret i K\u00f8benhavn, men bes\u00f8ger ogs\u00e5 gerne events udenfor K\u00f8benhavn<\/div><\/header><div class='iconlist_content  ' ><\/div><\/div><footer class=\"entry-footer\"><\/footer><\/article><div class='iconlist-timeline'><\/div><\/li>\n<li><div class='iconlist_icon av-27fgyh-cfb9ec810b785639aa4105d661b5ceef avia-font-entypo-fontello'><span class='iconlist-char ' aria-hidden='true' data-av_icon='\ue81c' data-av_iconfont='entypo-fontello'><\/span><\/div><article class=\"article-icon-entry av-iconlist-empty\" ><div class='iconlist_content_wrap'><header class=\"entry-content-header\"><div class='av_iconlist_title iconlist_title_small   ' >For sp\u00f8rgsm\u00e5l og booking, brug kontaktformularen nedenfor<\/div><\/header><div class='iconlist_content  ' ><\/div><\/div><footer class=\"entry-footer\"><\/footer><\/article><div class='iconlist-timeline'><\/div><\/li>\n<\/ul><\/div><br \/>\n<form action=\"https:\/\/salsalibre.dk\/dk\/salsa-firma-private-events\/private-events\/\" method=\"post\"  class=\"avia_ajax_form av-form-labels-hidden   avia-builder-el-8  el_after_av_iconlist  avia-builder-el-last   \" data-avia-form-id=\"1\" data-avia-redirect='' ><h3 class=''>Booking og sp\u00f8rgsm\u00e5l<\/h3><fieldset><p class='  first_form  form_element form_fullwidth' id='element_avia_1_1'><label for=\"avia_1_1\">Navn <abbr class=\"required\" title=\"required\">*<\/abbr><\/label> <input name=\"avia_1_1\" class=\"text_input is_empty\" type=\"text\" id=\"avia_1_1\" value=\"\"  placeholder='Navn*'\/><\/p><p class='  first_form  form_element form_fullwidth' id='element_avia_2_1'><label for=\"avia_2_1\">E-Mail <abbr class=\"required\" title=\"required\">*<\/abbr><\/label> <input name=\"avia_2_1\" class=\"text_input is_email\" type=\"text\" id=\"avia_2_1\" value=\"\"  placeholder='E-Mail*'\/><\/p><p class='  first_form  form_element form_fullwidth' id='element_avia_3_1'><label for=\"avia_3_1\">Emne <abbr class=\"required\" title=\"required\">*<\/abbr><\/label> <input name=\"avia_3_1\" class=\"text_input is_empty\" type=\"text\" id=\"avia_3_1\" value=\"\"  placeholder='Emne*'\/><\/p><p class='  first_form  form_element form_fullwidth' id='element_avia_4_1'><label for=\"avia_4_1\" class=\"textare_label hidden textare_label_avia_4_1\">Meddelelse <abbr class=\"required\" title=\"required\">*<\/abbr><\/label><textarea  placeholder='Meddelelse*' name=\"avia_4_1\" class=\"text_area is_empty\" cols=\"40\" rows=\"7\" id=\"avia_4_1\" ><\/textarea><\/p><p class=\"hidden\"><input type=\"text\" name=\"avia_5_1\" class=\"hidden \" id=\"avia_5_1\" value=\"\" \/><\/p><div id='avia_6_1' class='av-recaptcha-area  first_form  form_element form_fullwidth '  data-container_class=\"\" data-custom_class=\"\" data-context=\"av_contact_form\" data-token_input=\"av_recaptcha_token\" data-version=\"avia_recaptcha_v3\" data-theme=\"light\" data-size=\"normal\" data-score=\"0.5\" data-text_to_preview=\"\" data-value=\"\"><div class=\"av-google-badge-message hidden\">This site is protected by reCAPTCHA and the Google <a href=\"https:\/\/policies.google.com\/privacy\">Privacy Policy<\/a> and <a href=\"https:\/\/policies.google.com\/terms\">Terms of Service<\/a> apply.<\/div><\/div><p class=\"form_element \"><input type=\"hidden\" value=\"1\" name=\"avia_generated_form1\" \/><input type=\"submit\" value=\"Send\" class=\"button\"  data-sending-label=\"Sending\"\/><\/p><\/fieldset><div class=\"avia-disabled-form\">This contact form is deactivated because you refused to accept Google reCaptcha service which is necessary to validate any messages sent by the form.<\/div><\/form><div id=\"ajaxresponse_1\" class=\"ajaxresponse ajaxresponse_1 hidden\"><\/div><\/p><\/div><\/div><\/div><\/div><!-- close content main div --><\/div><div class='av-extra-border-element border-extra-arrow-down'><div class='av-extra-border-outer'><div class='av-extra-border-inner'><\/div><\/div><\/div><\/div><div id='after_section_2'  class='main_color av_default_container_wrap container_wrap sidebar_right'  ><div class='container av-section-cont-open' ><div class='template-page content  av-content-small alpha units'><div class='post-entry post-entry-type-page post-entry-1481'><div class='entry-content-wrapper clearfix'>\n","protected":false},"excerpt":{"rendered":"","protected":false},"author":2,"featured_media":1116,"parent":1010,"menu_order":0,"comment_status":"closed","ping_status":"closed","template":"","meta":{"_exactmetrics_skip_tracking":false,"_exactmetrics_sitenote_active":false,"_exactmetrics_sitenote_note":"","_exactmetrics_sitenote_category":0,"footnotes":""},"class_list":["post-1481","page","type-page","status-publish","has-post-thumbnail","hentry"],"aioseo_notices":[],"_links":{"self":[{"href":"https:\/\/salsalibre.dk\/dk\/wp-json\/wp\/v2\/pages\/1481","targetHints":{"allow":["GET"]}}],"collection":[{"href":"https:\/\/salsalibre.dk\/dk\/wp-json\/wp\/v2\/pages"}],"about":[{"href":"https:\/\/salsalibre.dk\/dk\/wp-json\/wp\/v2\/types\/page"}],"author":[{"embeddable":true,"href":"https:\/\/salsalibre.dk\/dk\/wp-json\/wp\/v2\/users\/2"}],"replies":[{"embeddable":true,"href":"https:\/\/salsalibre.dk\/dk\/wp-json\/wp\/v2\/comments?post=1481"}],"version-history":[{"count":42,"href":"https:\/\/salsalibre.dk\/dk\/wp-json\/wp\/v2\/pages\/1481\/revisions"}],"predecessor-version":[{"id":12463,"href":"https:\/\/salsalibre.dk\/dk\/wp-json\/wp\/v2\/pages\/1481\/revisions\/12463"}],"up":[{"embeddable":true,"href":"https:\/\/salsalibre.dk\/dk\/wp-json\/wp\/v2\/pages\/1010"}],"wp:featuredmedia":[{"embeddable":true,"href":"https:\/\/salsalibre.dk\/dk\/wp-json\/wp\/v2\/media\/1116"}],"wp:attachment":[{"href":"https:\/\/salsalibre.dk\/dk\/wp-json\/wp\/v2\/media?parent=1481"}],"curies":[{"name":"wp","href":"https:\/\/api.w.org\/{rel}","templated":true}]}}