{"id":12830,"date":"2026-01-07T20:21:08","date_gmt":"2026-01-07T19:21:08","guid":{"rendered":"https:\/\/salsalibre.dk\/dk\/?page_id=12830"},"modified":"2026-01-07T20:21:08","modified_gmt":"2026-01-07T19:21:08","slug":"salsa-lady-styling","status":"publish","type":"page","link":"https:\/\/salsalibre.dk\/dk\/danse-undervisning-koebenhavn\/salsa-lady-styling\/","title":{"rendered":"Salsa Lady Styling"},"content":{"rendered":"\n<style type=\"text\/css\" data-created_by=\"avia_inline_auto\" id=\"style-css-av-dcblik-a3384b2fd7314fcc0a440f905919e04a\">\n.avia-section.av-dcblik-a3384b2fd7314fcc0a440f905919e04a .av-extra-border-element .av-extra-border-inner{\nbackground-color:#474747;\n}\n<\/style>\n<div id='av_section_1'  class='avia-section av-dcblik-a3384b2fd7314fcc0a440f905919e04a main_color avia-section-large avia-no-border-styling  avia-builder-el-0  el_before_av_section  avia-builder-el-first  avia-bg-style-fixed  av-arrow-down-section container_wrap sidebar_right'  ><div class='container av-section-cont-open' ><main  class='template-page content  av-content-small alpha units'><div class='post-entry post-entry-type-page post-entry-12830'><div class='entry-content-wrapper clearfix'>\n\n<style type=\"text\/css\" data-created_by=\"avia_inline_auto\" id=\"style-css-av-d4efb8-29987755111b6b2883d9e4858ebcddb8\">\n.flex_column.av-d4efb8-29987755111b6b2883d9e4858ebcddb8{\nborder-radius:0px 0px 0px 0px;\n-webkit-border-radius:0px 0px 0px 0px;\n-moz-border-radius:0px 0px 0px 0px;\n}\n<\/style>\n<div class='flex_column av-d4efb8-29987755111b6b2883d9e4858ebcddb8 av_two_fifth  avia-builder-el-1  el_before_av_three_fifth  avia-builder-el-first  first flex_column_div av-zero-column-padding '   ><style type=\"text\/css\" data-created_by=\"avia_inline_auto\" id=\"style-css-av-cxwh8s-1f778f538264990a9d3a8605e61ff925\">\n.avia-image-container.av-cxwh8s-1f778f538264990a9d3a8605e61ff925 .av-caption-image-overlay-bg{\nopacity:0.4;\n}\n.avia-image-container.av-cxwh8s-1f778f538264990a9d3a8605e61ff925 .av-image-caption-overlay-center{\ncolor:#ffffff;\n}\n<\/style>\n<div  class='avia-image-container av-cxwh8s-1f778f538264990a9d3a8605e61ff925 av-styling- avia-align-center  avia-builder-el-2  avia-builder-el-no-sibling  noHover av-overlay-hover-deactivate ' ><div class=\"avia-image-container-inner\"><div class=\"avia-image-overlay-wrap\"><div class=\"av-image-caption-overlay\"><div class=\"av-caption-image-overlay-bg\"><\/div><div class=\"av-image-caption-overlay-position\"><div class=\"av-image-caption-overlay-center\"><\/div><\/div><\/div><img decoding=\"async\" class='wp-image-3752 avia-img-lazy-loading-not-3752 avia_image' src=\"https:\/\/salsalibre.dk\/dk\/wp-content\/uploads\/sites\/3\/2018\/09\/inMoves-Photography-74-1030x878.jpg\" alt='' title='inMoves Photography-74'  height=\"878\" width=\"1030\" srcset=\"https:\/\/salsalibre.dk\/dk\/wp-content\/uploads\/sites\/3\/2018\/09\/inMoves-Photography-74-1030x878.jpg 1030w, https:\/\/salsalibre.dk\/dk\/wp-content\/uploads\/sites\/3\/2018\/09\/inMoves-Photography-74-300x256.jpg 300w, https:\/\/salsalibre.dk\/dk\/wp-content\/uploads\/sites\/3\/2018\/09\/inMoves-Photography-74-768x655.jpg 768w, https:\/\/salsalibre.dk\/dk\/wp-content\/uploads\/sites\/3\/2018\/09\/inMoves-Photography-74-1500x1279.jpg 1500w, https:\/\/salsalibre.dk\/dk\/wp-content\/uploads\/sites\/3\/2018\/09\/inMoves-Photography-74-705x601.jpg 705w, https:\/\/salsalibre.dk\/dk\/wp-content\/uploads\/sites\/3\/2018\/09\/inMoves-Photography-74-600x511.jpg 600w\" sizes=\"(max-width: 1030px) 100vw, 1030px\" \/><\/div><\/div><\/div><\/div>\n<style type=\"text\/css\" data-created_by=\"avia_inline_auto\" id=\"style-css-av-csckhg-ba7a4aea9251956cec61bbbf79847011\">\n.flex_column.av-csckhg-ba7a4aea9251956cec61bbbf79847011{\nborder-radius:0px 0px 0px 0px;\n-webkit-border-radius:0px 0px 0px 0px;\n-moz-border-radius:0px 0px 0px 0px;\n}\n<\/style>\n<div class='flex_column av-csckhg-ba7a4aea9251956cec61bbbf79847011 av_three_fifth  avia-builder-el-3  el_after_av_two_fifth  avia-builder-el-last  flex_column_div av-zero-column-padding '   ><p>\n<style type=\"text\/css\" data-created_by=\"avia_inline_auto\" id=\"style-css-av-jzwmjku4-9b4fc766d7b11da3ff2928665a26fa37\">\n#top .av-special-heading.av-jzwmjku4-9b4fc766d7b11da3ff2928665a26fa37{\npadding-bottom:10px;\n}\n<\/style>\n<div  class='av-special-heading av-jzwmjku4-9b4fc766d7b11da3ff2928665a26fa37 av-special-heading-h1 blockquote modern-quote  avia-builder-el-4  el_before_av_textblock  avia-builder-el-first  '><h1 class='av-special-heading-tag '  >Salsa Undervisning i K\u00f8benhavn<\/h1><div class='special-heading-border'><div class='special-heading-inner-border'><\/div><\/div><\/div><br \/>\n<section class=\"av_textblock_section \" ><div class='avia_textblock  '  style='font-size:15px; ' ><p>Hos Salsa Libre Copenhagen l\u00e6gger vi v\u00e6gt p\u00e5 at undervise dig i den korrekte teknik bag Salsa. Du l\u00e6rer om musikforst\u00e5else, f\u00f8ringsteknik, kropsbev\u00e6gelse, styling, foot work, samt at kunne kombinere og sammens\u00e6tte forskellige rutiner for at sikre, at du bliver en god og selvsikker danser p\u00e5 dansegulvet. Vi bruger den anerkendte step-by-step l\u00e6ringsteknik, som bruges af tusindvis af dansere i hele verden. Hos Salsa Libre g\u00e5r vi op i at skabe en sjov og hyggelig atmosf\u00e6re, imens vi l\u00e6rer dig at danse Salsa.<\/p>\n<\/div><\/section><br \/>\n\n<style type=\"text\/css\" data-created_by=\"avia_inline_auto\" id=\"style-css-av-jo7l4881-229985a18de61e0ce5fee2a22c921ed7\">\n#top .avia-icon-list-container.av-jo7l4881-229985a18de61e0ce5fee2a22c921ed7 .iconlist_icon{\nfont-size:15px;\n}\n#top #wrap_all .avia-icon-list-container.av-jo7l4881-229985a18de61e0ce5fee2a22c921ed7 .av_iconlist_title{\ncolor:#ffffff;\nfont-size:15px;\n}\n<\/style>\n<div  class='avia-icon-list-container av-jo7l4881-229985a18de61e0ce5fee2a22c921ed7  avia-builder-el-6  el_after_av_textblock  el_before_av_textblock  '><ul class='avia-icon-list avia_animate_when_almost_visible avia-icon-list-left av-iconlist-small av-jo7l4881-229985a18de61e0ce5fee2a22c921ed7'>\n<li><div class='iconlist_icon av-4q3ac-66226d882975db6dade4d2f57342e9d3 avia-font-entypo-fontello'><span class='iconlist-char ' aria-hidden='true' data-av_icon='\ue812' data-av_iconfont='entypo-fontello'><\/span><\/div><article class=\"article-icon-entry av-iconlist-empty\" ><div class='iconlist_content_wrap'><header class=\"entry-content-header\"><div class='av_iconlist_title iconlist_title_small  av_inherit_color ' >Vi har mere end 20 \u00e5rs erfaring i at undervise Salsa<\/div><\/header><div class='iconlist_content  ' ><\/div><\/div><footer class=\"entry-footer\"><\/footer><\/article><div class='iconlist-timeline'><\/div><\/li>\n<li><div class='iconlist_icon av-11j0ek-2bb16581c4a8e78870b9aad725959ca8 avia-font-entypo-fontello'><span class='iconlist-char ' aria-hidden='true' data-av_icon='\ue812' data-av_iconfont='entypo-fontello'><\/span><\/div><article class=\"article-icon-entry av-iconlist-empty\" ><div class='iconlist_content_wrap'><header class=\"entry-content-header\"><div class='av_iconlist_title iconlist_title_small  av_inherit_color ' >Tilmelding kr\u00e6ver ikke en dansepartner. Du kan sagtens m\u00f8de op alene<\/div><\/header><div class='iconlist_content  ' ><\/div><\/div><footer class=\"entry-footer\"><\/footer><\/article><div class='iconlist-timeline'><\/div><\/li>\n<li><div class='iconlist_icon av-ypcok-d17ba0120476cd0972ec8c09ee7d62ee avia-font-entypo-fontello'><span class='iconlist-char ' aria-hidden='true' data-av_icon='\ue812' data-av_iconfont='entypo-fontello'><\/span><\/div><article class=\"article-icon-entry av-iconlist-empty\" ><div class='iconlist_content_wrap'><header class=\"entry-content-header\"><div class='av_iconlist_title iconlist_title_small  av_inherit_color ' >Vi tilbyder undervisning i forskellige typer af Salsa p\u00e5 flere niveauer<\/div><\/header><div class='iconlist_content  ' ><\/div><\/div><footer class=\"entry-footer\"><\/footer><\/article><div class='iconlist-timeline'><\/div><\/li>\n<li><div class='iconlist_icon av-rv6ss-9fdc681a76f059faed5fdd4ca0a1a893 avia-font-entypo-fontello'><span class='iconlist-char ' aria-hidden='true' data-av_icon='\ue812' data-av_iconfont='entypo-fontello'><\/span><\/div><article class=\"article-icon-entry av-iconlist-empty\" ><div class='iconlist_content_wrap'><header class=\"entry-content-header\"><div class='av_iconlist_title iconlist_title_small  av_inherit_color ' >Alle hold inkluderer entre til et 5 timers socialt danseevent, hvor du kan \u00f8ve, socialisere og m\u00f8de andre Salsadansere.<\/div><\/header><div class='iconlist_content  ' ><\/div><\/div><footer class=\"entry-footer\"><\/footer><\/article><div class='iconlist-timeline'><\/div><\/li>\n<li><div class='iconlist_icon av-w1i2c-b9099e38f6e75cf19e94b1ce38c7897e avia-font-entypo-fontello'><span class='iconlist-char ' aria-hidden='true' data-av_icon='\ue812' data-av_iconfont='entypo-fontello'><\/span><\/div><article class=\"article-icon-entry av-iconlist-empty\" ><div class='iconlist_content_wrap'><header class=\"entry-content-header\"><div class='av_iconlist_title iconlist_title_small  av_inherit_color ' >Rabat tilbydes par og studerende<\/div><\/header><div class='iconlist_content  ' ><\/div><\/div><footer class=\"entry-footer\"><\/footer><\/article><div class='iconlist-timeline'><\/div><\/li>\n<\/ul><\/div><br \/>\n<section class=\"av_textblock_section \" ><div class='avia_textblock  '  style='font-size:10px; ' ><p><em>Rabatter kan ikke kombineres, der kan kun benyttes \u00e9n rabat per tilmelding.\u00a0<\/em><\/p>\n<\/div><\/section><br \/>\n\n<style type=\"text\/css\" data-created_by=\"avia_inline_auto\" id=\"style-css-av-3q4tzs-05c59c19588419274302cc71e5c33fad\">\n#top .hr.av-3q4tzs-05c59c19588419274302cc71e5c33fad{\nmargin-top:0;\nmargin-bottom:0;\n}\n.hr.av-3q4tzs-05c59c19588419274302cc71e5c33fad .hr-inner{\nwidth:700px;\nborder-color:#ffffff;\n}\n<\/style>\n<div  class='hr av-3q4tzs-05c59c19588419274302cc71e5c33fad hr-custom  avia-builder-el-8  el_after_av_textblock  el_before_av_textblock  hr-center hr-icon-no '><span class='hr-inner inner-border-av-border-thin'><span class=\"hr-inner-style\"><\/span><\/span><\/div><br \/>\n<section class=\"av_textblock_section \" ><div class='avia_textblock  '  style='font-size:15px; ' ><p><strong>Intro-undervisning i Salsa:<\/strong> Pr\u00f8v Salsa til vores ugentlige dansevents <a href=\"https:\/\/salsalibre.dk\/dk\/salsa-bachata-events-koebenhavn\/havana-nights\/\">Havana Nights<\/a>, <a href=\"https:\/\/salsalibre.dk\/dk\/salsa-bachata-events-koebenhavn\/club-la-salsa\/\">Latin Fridays<\/a>\u00a0og\u00a0<a href=\"https:\/\/salsalibre.dk\/dk\/salsa-bachata-events-koebenhavn\/salsa-sundays\/\">Salsa Sundays<\/a>.<\/p>\n<\/div><\/section><br \/>\n\n<style type=\"text\/css\" data-created_by=\"avia_inline_auto\" id=\"style-css-av-jtg9l76t-4d93c48a121eacfbc6f6987fbb2178d8\">\n#top .hr.hr-invisible.av-jtg9l76t-4d93c48a121eacfbc6f6987fbb2178d8{\nheight:20px;\n}\n<\/style>\n<div  class='hr av-jtg9l76t-4d93c48a121eacfbc6f6987fbb2178d8 hr-invisible  avia-builder-el-10  el_after_av_textblock  el_before_av_textblock  '><span class='hr-inner '><span class=\"hr-inner-style\"><\/span><\/span><\/div><br \/>\n<section class=\"av_textblock_section \" ><div class='avia_textblock  '  style='font-size:18px; ' ><h3>Find det rette Salsa hold for dig nedenfor<\/h3>\n<\/div><\/section><\/p><\/div>\n\n<\/div><\/div><\/main><!-- close content main element --><\/div><div class='av-extra-border-element border-extra-arrow-down'><div class='av-extra-border-outer'><div class='av-extra-border-inner'><\/div><\/div><\/div><\/div>\n<style type=\"text\/css\" data-created_by=\"avia_inline_auto\" id=\"style-css-av-bzex98-27bd5900320304b6bc862236c98a43ba\">\n.avia-section.av-bzex98-27bd5900320304b6bc862236c98a43ba{\nbackground-color:#303030;\n}\n.avia-section.av-bzex98-27bd5900320304b6bc862236c98a43ba .av-extra-border-element .av-extra-border-inner{\nbackground-color:#303030;\n}\n<\/style>\n<div id='av_section_2'  class='avia-section av-bzex98-27bd5900320304b6bc862236c98a43ba alternate_color avia-section-default avia-no-border-styling  avia-builder-el-12  el_after_av_section  avia-builder-el-last  avia-bg-style-scroll  av-arrow-down-section container_wrap sidebar_right'  ><div class='container av-section-cont-open' ><div class='template-page content  av-content-small alpha units'><div class='post-entry post-entry-type-page post-entry-12830'><div class='entry-content-wrapper clearfix'>\n\n<style type=\"text\/css\" data-created_by=\"avia_inline_auto\" id=\"style-css-av-1j5zz0-dd470a8705d2bf4b41f5d050de1a32f7\">\n#top .av-special-heading.av-1j5zz0-dd470a8705d2bf4b41f5d050de1a32f7{\npadding-bottom:40px;\n}\n<\/style>\n<div  class='av-special-heading av-1j5zz0-dd470a8705d2bf4b41f5d050de1a32f7 av-special-heading-h1 blockquote modern-quote modern-centered  avia-builder-el-13  el_before_av_hr  avia-builder-el-first  '><h1 class='av-special-heading-tag '  >Cubansk Salsa<\/h1><div class='special-heading-border'><div class='special-heading-inner-border'><\/div><\/div><\/div>\n\n<style type=\"text\/css\" data-created_by=\"avia_inline_auto\" id=\"style-css-av-10bwpg-81276810ba5e716f4764208d0abf7bb2\">\n#top .hr.hr-invisible.av-10bwpg-81276810ba5e716f4764208d0abf7bb2{\nheight:50px;\n}\n<\/style>\n<div  class='hr av-10bwpg-81276810ba5e716f4764208d0abf7bb2 hr-invisible  avia-builder-el-14  el_after_av_heading  el_before_av_hr  '><span class='hr-inner '><span class=\"hr-inner-style\"><\/span><\/span><\/div>\n\n<style type=\"text\/css\" data-created_by=\"avia_inline_auto\" id=\"style-css-av-lopjg-aa8fd2ffca98a8ec567f82ed39b33b4e\">\n#top .hr.hr-invisible.av-lopjg-aa8fd2ffca98a8ec567f82ed39b33b4e{\nheight:50px;\n}\n<\/style>\n<div  class='hr av-lopjg-aa8fd2ffca98a8ec567f82ed39b33b4e hr-invisible  avia-builder-el-15  el_after_av_hr  el_before_av_one_half  '><span class='hr-inner '><span class=\"hr-inner-style\"><\/span><\/span><\/div>\n\n<style type=\"text\/css\" data-created_by=\"avia_inline_auto\" id=\"style-css-av-gsock-8b6fa06e5c8f990734fa8467f49258d8\">\n.flex_column.av-gsock-8b6fa06e5c8f990734fa8467f49258d8{\nborder-width:1px;\nborder-color:#ffffff;\nborder-style:solid;\nborder-radius:5px 5px 5px 5px;\n-webkit-border-radius:5px 5px 5px 5px;\n-moz-border-radius:5px 5px 5px 5px;\npadding:20px 20px 20px 20px;\nbackground-color:#494949;\n}\n<\/style>\n<div class='flex_column av-gsock-8b6fa06e5c8f990734fa8467f49258d8 av_one_half  avia-builder-el-16  el_after_av_hr  el_before_av_hr  flex_column_div '   ><style type=\"text\/css\" data-created_by=\"avia_inline_auto\" id=\"style-css-av-mhay8ty3-52b49519bd61caaa323149eb33048067\">\n.iconbox.av-mhay8ty3-52b49519bd61caaa323149eb33048067 .iconbox_icon{\nbackground-color:#ff9d00;\n}\n<\/style>\n<article  class=\"iconbox iconbox_left av-mhay8ty3-52b49519bd61caaa323149eb33048067  avia-builder-el-17  el_before_av_textblock  avia-builder-el-first  \" ><div class=\"iconbox_content\"><header class=\"entry-content-header\"><div class=\"iconbox_icon heading-color\" aria-hidden='true' data-av_icon='\ue009' data-av_iconfont='fontello'><\/div><h3 class='iconbox_content_title  ' >Salsa Lady Styling<\/h3><\/header><div class='iconbox_content_container  ' ><p data-start=\"80\" data-end=\"363\">Denne <em data-start=\"86\" data-end=\"100\">Lady Styling<\/em>-klasse er perfekt til kvinder, der \u00f8nsker at supplere deres Salsa-tr\u00e6ning med mere elegance, selvtillid og udtryk i deres dans.<\/p>\n<\/div><\/div><footer class=\"entry-footer\"><\/footer><\/article><br \/>\n<section class=\"av_textblock_section \" ><div class='avia_textblock  av_inherit_color '  style='font-size:14px; color:#ffffff; ' ><p data-start=\"80\" data-end=\"363\">L\u00e6r salsa lady styling og dans med elegance og selvtillid.<\/p>\n<\/div><\/section><br \/>\n\n<style type=\"text\/css\" data-created_by=\"avia_inline_auto\" id=\"style-css-av-mhayai0d-87ff34ed0efc95e275cbdddd77ae295c\">\n#top .togglecontainer.av-mhayai0d-87ff34ed0efc95e275cbdddd77ae295c p.toggler{\ncolor:#ffffff;\nbackground-color:#494949;\nborder-color:#ffffff;\n}\n#top .togglecontainer.av-mhayai0d-87ff34ed0efc95e275cbdddd77ae295c p.toggler .toggle_icon{\ncolor:#ffffff;\nborder-color:#ffffff;\n}\n#top .togglecontainer.av-mhayai0d-87ff34ed0efc95e275cbdddd77ae295c .toggle_wrap .toggle_content{\ncolor:#ffffff;\nbackground-color:#494949;\nborder-color:#ffffff;\n}\n<\/style>\n<div  class='togglecontainer av-mhayai0d-87ff34ed0efc95e275cbdddd77ae295c av-minimal-toggle  avia-builder-el-19  el_after_av_textblock  el_before_av_hr  toggle_close_all ' >\n<section class='av_toggle_section av-mhayabub-bacc58b40465b7ac86684be517ab0e72' ><div role=\"tablist\" class=\"single_toggle\" data-tags=\"{Alle} \"  ><p data-fake-id='#toggle-id-1' class='toggler   av-inherit-font-color hasCustomColor av-inherit-border-color'  role='tab' tabindex='0' aria-controls='toggle-id-1'>Om holdet<span class=\"toggle_icon\"><span class=\"vert_icon\"><\/span><span class=\"hor_icon\"><\/span><\/span><\/p><div id='toggle-id-1' class='toggle_wrap  '  ><div class='toggle_content invers-color av-inherit-font-color hasCustomColor av-inherit-border-color' ><p>Denne <em data-start=\"86\" data-end=\"100\">Lady Styling<\/em>-klasse er perfekt til kvinder, der \u00f8nsker at supplere deres Salsa-tr\u00e6ning med mere elegance, selvtillid og udtryk i deres dans.<br data-start=\"228\" data-end=\"231\" \/>Du vil arbejde med yndefulde armbev\u00e6gelser, kropskoordination, rytme og stylingteknikker, der styrker din udstr\u00e5ling p\u00e5 dansegulvet.<\/p>\n<p data-start=\"365\" data-end=\"395\"><strong data-start=\"365\" data-end=\"393\">Grundl\u00e6ggende elementer:<\/strong><\/p>\n<ul data-start=\"396\" data-end=\"530\">\n<li data-start=\"396\" data-end=\"424\">\n<p data-start=\"398\" data-end=\"424\">Grundtrin i Lady Styling<\/p>\n<\/li>\n<li data-start=\"425\" data-end=\"459\">\n<p data-start=\"427\" data-end=\"459\">Kropsbev\u00e6gelse og kropskontrol<\/p>\n<\/li>\n<li data-start=\"460\" data-end=\"490\">\n<p data-start=\"462\" data-end=\"490\">Drejninger og koordination<\/p>\n<\/li>\n<li data-start=\"491\" data-end=\"530\">\n<p data-start=\"493\" data-end=\"530\">Armbev\u00e6gelser og flydende overgange<\/p>\n<\/li>\n<\/ul>\n<p><strong>START: <\/strong>S\u00f8ndag d. 15. februar 2026 kl. 13:00.<\/p>\n<p><strong>INSTRUT\u00d8R:<\/strong> Anna Grygorieva.<\/p>\n<p><strong>VARIGHED: <\/strong>6 intensive lektioner af 1 time (6 s\u00f8ndage).<\/p>\n<p><strong>PRIS: <\/strong>600 kr for hele kurset.<em><br \/>\n<\/em><\/p>\n<p><strong>TILMELDING:\u00a0<\/strong>Du kan tilmelde dig alene eller med en dansepartner.<br \/>\n<em>Betaling og check-in foreg\u00e5r 30 minutter f\u00f8r holdets start p\u00e5 f\u00f8rste undervisningsdag.\u00a0<\/em><\/p>\n<p><strong>LOKATION: <\/strong>Kedelhallen (1. st sal ) Nyelandsvej 75A, Frederiksberg 2000.<\/p>\n<\/div><\/div><\/div><\/section>\n<\/div><br \/>\n\n<style type=\"text\/css\" data-created_by=\"avia_inline_auto\" id=\"style-css-av-ubng-e9b9d225d56872093a16614547d090dd\">\n#top .hr.hr-invisible.av-ubng-e9b9d225d56872093a16614547d090dd{\nheight:5px;\n}\n<\/style>\n<div  class='hr av-ubng-e9b9d225d56872093a16614547d090dd hr-invisible  avia-builder-el-20  el_after_av_toggle_container  el_before_av_button  '><span class='hr-inner '><span class=\"hr-inner-style\"><\/span><\/span><\/div><br \/>\n<div  class='avia-button-wrap avia-button-left  avia-builder-el-21  el_after_av_hr  avia-builder-el-last ' ><a href='https:\/\/salsalibre.dk\/dk\/lektioner\/lady-styling\/'  class='avia-button av-mhayayty-60d3248f41b91dfda1c82809713ef33b avia-icon_select-no avia-size-small avia-position-left avia-color-theme-color ' ><span class='avia_iconbox_title' >Tilmelding<\/span><\/a><\/div><\/p><\/div>\n<style type=\"text\/css\" data-created_by=\"avia_inline_auto\" id=\"style-css-av-d8xl0-4498e338a2a3fe7d14c1fb3d653c6f0a\">\n#top .hr.hr-invisible.av-d8xl0-4498e338a2a3fe7d14c1fb3d653c6f0a{\nheight:50px;\n}\n<\/style>\n<div  class='hr av-d8xl0-4498e338a2a3fe7d14c1fb3d653c6f0a hr-invisible  avia-builder-el-22  el_after_av_one_half  avia-builder-el-last  '><span class='hr-inner '><span class=\"hr-inner-style\"><\/span><\/span><\/div>\n<\/div><\/div><\/div><!-- close content main div --><\/div><div class='av-extra-border-element border-extra-arrow-down'><div class='av-extra-border-outer'><div class='av-extra-border-inner'><\/div><\/div><\/div><\/div><div id='after_section_2'  class='main_color av_default_container_wrap container_wrap sidebar_right'  ><div class='container av-section-cont-open' ><div class='template-page content  av-content-small alpha units'><div class='post-entry post-entry-type-page post-entry-12830'><div class='entry-content-wrapper clearfix'>\n","protected":false},"excerpt":{"rendered":"","protected":false},"author":4,"featured_media":0,"parent":129,"menu_order":10,"comment_status":"open","ping_status":"closed","template":"","meta":{"_exactmetrics_skip_tracking":false,"_exactmetrics_sitenote_active":false,"_exactmetrics_sitenote_note":"","_exactmetrics_sitenote_category":0,"footnotes":""},"class_list":["post-12830","page","type-page","status-publish","hentry"],"aioseo_notices":[],"_links":{"self":[{"href":"https:\/\/salsalibre.dk\/dk\/wp-json\/wp\/v2\/pages\/12830","targetHints":{"allow":["GET"]}}],"collection":[{"href":"https:\/\/salsalibre.dk\/dk\/wp-json\/wp\/v2\/pages"}],"about":[{"href":"https:\/\/salsalibre.dk\/dk\/wp-json\/wp\/v2\/types\/page"}],"author":[{"embeddable":true,"href":"https:\/\/salsalibre.dk\/dk\/wp-json\/wp\/v2\/users\/4"}],"replies":[{"embeddable":true,"href":"https:\/\/salsalibre.dk\/dk\/wp-json\/wp\/v2\/comments?post=12830"}],"version-history":[{"count":2,"href":"https:\/\/salsalibre.dk\/dk\/wp-json\/wp\/v2\/pages\/12830\/revisions"}],"predecessor-version":[{"id":12838,"href":"https:\/\/salsalibre.dk\/dk\/wp-json\/wp\/v2\/pages\/12830\/revisions\/12838"}],"up":[{"embeddable":true,"href":"https:\/\/salsalibre.dk\/dk\/wp-json\/wp\/v2\/pages\/129"}],"wp:attachment":[{"href":"https:\/\/salsalibre.dk\/dk\/wp-json\/wp\/v2\/media?parent=12830"}],"curies":[{"name":"wp","href":"https:\/\/api.w.org\/{rel}","templated":true}]}}