{"id":1247,"date":"2018-07-17T09:58:21","date_gmt":"2018-07-17T07:58:21","guid":{"rendered":"http:\/\/salsalibre.dk\/salsalibre-2\/?page_id=1247"},"modified":"2023-09-07T14:04:27","modified_gmt":"2023-09-07T12:04:27","slug":"q-and-a","status":"publish","type":"page","link":"https:\/\/salsalibre.dk\/dk\/q-and-a\/","title":{"rendered":"Q&#038;A"},"content":{"rendered":"<p>\n<style type=\"text\/css\" data-created_by=\"avia_inline_auto\" id=\"style-css-av-jolbzu89-2215b4716248bd9cb088e724691ee9cf\">\n.avia-section.av-jolbzu89-2215b4716248bd9cb088e724691ee9cf .av-extra-border-element .av-extra-border-inner{\nbackground-color:#292929;\n}\n<\/style>\n<div id='av_section_1'  class='avia-section av-jolbzu89-2215b4716248bd9cb088e724691ee9cf alternate_color avia-section-default avia-no-border-styling  avia-builder-el-0  el_before_av_section  avia-builder-el-first  avia-bg-style-scroll  av-arrow-down-section container_wrap sidebar_right'  ><div class='container av-section-cont-open' ><main  class='template-page content  av-content-small alpha units'><div class='post-entry post-entry-type-page post-entry-1247'><div class='entry-content-wrapper clearfix'> \n<style type=\"text\/css\" data-created_by=\"avia_inline_auto\" id=\"style-css-av-29lwun-1097785052572a3c2b4edbc709937b3b\">\n#top .av-special-heading.av-29lwun-1097785052572a3c2b4edbc709937b3b{\npadding-bottom:10px;\n}\n<\/style>\n<div  class='av-special-heading av-29lwun-1097785052572a3c2b4edbc709937b3b av-special-heading-h1 blockquote modern-quote  avia-builder-el-1  avia-builder-el-no-sibling  '><h1 class='av-special-heading-tag '  >Q&amp;A<\/h1><div class='special-heading-border'><div class='special-heading-inner-border'><\/div><\/div><\/div>  <\/div><\/div><\/main><!-- close content main element --><\/div><div class='av-extra-border-element border-extra-arrow-down'><div class='av-extra-border-outer'><div class='av-extra-border-inner'><\/div><\/div><\/div><\/div><div id='av_section_2'  class='avia-section av-o9r57z-4cc769f796e27e7f5034067fa6e72077 main_color avia-section-default avia-no-shadow  avia-builder-el-2  el_after_av_section  avia-builder-el-last  avia-bg-style-scroll  container_wrap sidebar_right'  ><div class='container av-section-cont-open' ><div class='template-page content  av-content-small alpha units'><div class='post-entry post-entry-type-page post-entry-1247'><div class='entry-content-wrapper clearfix'> \n<style type=\"text\/css\" data-created_by=\"avia_inline_auto\" id=\"style-css-av-ml8v0f-fc46622dfe7c8002e1a76fbea1ea5547\">\n.flex_column.av-ml8v0f-fc46622dfe7c8002e1a76fbea1ea5547{\nborder-radius:0px 0px 0px 0px;\n-webkit-border-radius:0px 0px 0px 0px;\n-moz-border-radius:0px 0px 0px 0px;\n}\n<\/style>\n<div class='flex_column av-ml8v0f-fc46622dfe7c8002e1a76fbea1ea5547 av_two_fifth  avia-builder-el-3  el_before_av_three_fifth  avia-builder-el-first  first flex_column_div av-zero-column-padding '   ><style type=\"text\/css\" data-created_by=\"avia_inline_auto\" id=\"style-css-av-k642mn-26fa3b185881ca3295d953c4a415d63e\">\n.avia-image-container.av-k642mn-26fa3b185881ca3295d953c4a415d63e .av-caption-image-overlay-bg{\nopacity:0.4;\n}\n.avia-image-container.av-k642mn-26fa3b185881ca3295d953c4a415d63e .av-image-caption-overlay-center{\ncolor:#ffffff;\n}\n<\/style>\n<div  class='avia-image-container av-k642mn-26fa3b185881ca3295d953c4a415d63e av-styling- avia-align-center  avia-builder-el-4  avia-builder-el-no-sibling  noHover av-overlay-hover-deactivate ' ><div class=\"avia-image-container-inner\"><div class=\"avia-image-overlay-wrap\"><div class=\"av-image-caption-overlay\"><div class=\"av-caption-image-overlay-bg\"><\/div><div class=\"av-image-caption-overlay-position\"><div class=\"av-image-caption-overlay-center\"><\/div><\/div><\/div><img decoding=\"async\" class='wp-image-1122 avia-img-lazy-loading-not-1122 avia_image' src=\"https:\/\/salsalibre.dk\/dk\/wp-content\/uploads\/sites\/3\/2018\/07\/TAA_3455-copy-688x1030.jpg\" alt='' title='salsaundervisning_k\u00f8benhavn_salsalibre.dk'  height=\"1030\" width=\"688\" srcset=\"https:\/\/salsalibre.dk\/dk\/wp-content\/uploads\/sites\/3\/2018\/07\/TAA_3455-copy-688x1030.jpg 688w, https:\/\/salsalibre.dk\/dk\/wp-content\/uploads\/sites\/3\/2018\/07\/TAA_3455-copy-200x300.jpg 200w, https:\/\/salsalibre.dk\/dk\/wp-content\/uploads\/sites\/3\/2018\/07\/TAA_3455-copy-768x1150.jpg 768w, https:\/\/salsalibre.dk\/dk\/wp-content\/uploads\/sites\/3\/2018\/07\/TAA_3455-copy-1001x1500.jpg 1001w, https:\/\/salsalibre.dk\/dk\/wp-content\/uploads\/sites\/3\/2018\/07\/TAA_3455-copy-471x705.jpg 471w, https:\/\/salsalibre.dk\/dk\/wp-content\/uploads\/sites\/3\/2018\/07\/TAA_3455-copy-600x899.jpg 600w, https:\/\/salsalibre.dk\/dk\/wp-content\/uploads\/sites\/3\/2018\/07\/TAA_3455-copy.jpg 1366w\" sizes=\"(max-width: 688px) 100vw, 688px\" \/><\/div><\/div><\/div><\/div>\n<style type=\"text\/css\" data-created_by=\"avia_inline_auto\" id=\"style-css-av-1ul59b-0164f07d664c567940f55aa7a153c748\">\n.flex_column.av-1ul59b-0164f07d664c567940f55aa7a153c748{\nborder-radius:0px 0px 0px 0px;\n-webkit-border-radius:0px 0px 0px 0px;\n-moz-border-radius:0px 0px 0px 0px;\n}\n<\/style>\n<div class='flex_column av-1ul59b-0164f07d664c567940f55aa7a153c748 av_three_fifth  avia-builder-el-5  el_after_av_two_fifth  avia-builder-el-last  flex_column_div av-zero-column-padding '   ><section class=\"av_textblock_section \" ><div class='avia_textblock  av_inherit_color '  style='font-size:16px; color:#ffffff; ' ><h3><strong>Hvilken level b\u00f8r jeg v\u00e6lge?<\/strong><\/h3>\n<\/div><\/section> <section class=\"av_textblock_section \" ><div class='avia_textblock  av_inherit_color '  style='font-size:15px; color:#ffffff; ' ><p> Den rette level i Salsa og Bachata for dig handler om, hvad du har af tidligere danseerfaring. Se guiden nedenfor og find den rette level. <\/p>\n<\/div><\/section> <section class=\"av_textblock_section \" ><div class='avia_textblock  av_inherit_color '  style='font-size:15px; color:#ffffff; ' ><h4><strong>Level Guide<\/strong><\/h4>\n<p><span style=\"color: #ff6600;\">Begyndere 1:<\/span>\u00a0Ingen erfaring <span style=\"color: #ff6600;\">Begyndere 2: <\/span>6 ugers danseerfaring, ca. 8 timers gennemf\u00f8rt danseundervisning <span style=\"color: #ff6600;\">\u00d8vede 1:<\/span> 4 m\u00e5neders danseerfaring, ca. 20 timers gennemf\u00f8rt danseundervisning <span style=\"color: #ff6600;\">\u00d8vede 2:<\/span> 6 m\u00e5neders danseerfaring, ca. 32 timers gennemf\u00f8rt danseundervisning <span style=\"color: #ff6600;\">\u00d8vede 3:<\/span> 1 \u00e5rs danseerfaring. <em>Hvis du er i tvivl om din level, s\u00e5 vejleder vi dig gerne. Kontakt os her:\u00a0<a href=\"http:\/\/salsalibre.dk\/salsalibre-2\/contact\/\">kontaktformular<\/a><\/em> <\/p>\n<\/div><\/section> \n<style type=\"text\/css\" data-created_by=\"avia_inline_auto\" id=\"style-css-av-dkercv-895f53b8ea48f9cc611dd0b844db6552\">\n#top .hr.av-dkercv-895f53b8ea48f9cc611dd0b844db6552{\nmargin-top:10px;\nmargin-bottom:10px;\n}\n.hr.av-dkercv-895f53b8ea48f9cc611dd0b844db6552 .hr-inner{\nwidth:50px;\nborder-color:#ffffff;\nmax-width:45%;\n}\n<\/style>\n<div  class='hr av-dkercv-895f53b8ea48f9cc611dd0b844db6552 hr-custom  avia-builder-el-9  el_after_av_textblock  el_before_av_toggle_container  hr-center hr-icon-yes '><span class='hr-inner inner-border-av-border-thin'><span class=\"hr-inner-style\"><\/span><\/span><span class='av-seperator-icon' aria-hidden='true' data-av_icon='\ue808' data-av_iconfont='entypo-fontello'><\/span><span class='hr-inner inner-border-av-border-thin'><span class=\"hr-inner-style\"><\/span><\/span><\/div> \n<style type=\"text\/css\" data-created_by=\"avia_inline_auto\" id=\"style-css-av-jpcunesf-b75c1c43132d4db2b9ba752fe8443fbb\">\n#top .togglecontainer.av-jpcunesf-b75c1c43132d4db2b9ba752fe8443fbb p.toggler{\nbackground-color:#666666;\n}\n#top .togglecontainer.av-jpcunesf-b75c1c43132d4db2b9ba752fe8443fbb p.toggler:not(.activeTitle):hover .toggle_icon, #top .togglecontainer.av-jpcunesf-b75c1c43132d4db2b9ba752fe8443fbb p.toggler:not(.activeTitle):hover .toggle_icon *{\nborder-color: !important;\n}\n#top .togglecontainer.av-jpcunesf-b75c1c43132d4db2b9ba752fe8443fbb .toggle_wrap .toggle_content{\nbackground-color:#666666;\n}\n<\/style>\n<div  class='togglecontainer av-jpcunesf-b75c1c43132d4db2b9ba752fe8443fbb av-minimal-toggle  avia-builder-el-10  el_after_av_hr  el_before_av_hr  toggle_close_all ' > <section class='av_toggle_section av-650cfj-3896144bc9ad25a1523749d75ce4bd89' ><div role=\"tablist\" class=\"single_toggle\" data-tags=\"{Alle} \"  ><p data-fake-id='#toggle-id-1' class='toggler   '  role='tab' tabindex='0' aria-controls='toggle-id-1'>Hvilke sko og t\u00f8j b\u00f8r jeg have p\u00e5?<span class=\"toggle_icon\"><span class=\"vert_icon\"><\/span><span class=\"hor_icon\"><\/span><\/span><\/p><div id='toggle-id-1' class='toggle_wrap  '  ><div class='toggle_content invers-color ' ><p> Der er ikke nogle krav til sko og t\u00f8j. Vi anbefaler dog, at du ikke danser i sneakers, da det kan give kn\u00e6skader. Dans i t\u00f8j, du f\u00f8ler dig tilpas i, og som du kan bev\u00e6ge dig i. <\/p>\n<\/div><\/div><\/div><\/section> <section class='av_toggle_section av-3zcrzz-88181bc1b466f1c38fea2b15bec79b70' ><div role=\"tablist\" class=\"single_toggle\" data-tags=\"{Alle} \"  ><p data-fake-id='#toggle-id-2' class='toggler   '  role='tab' tabindex='0' aria-controls='toggle-id-2'>Hvordan foreg\u00e5r betaling? <span class=\"toggle_icon\"><span class=\"vert_icon\"><\/span><span class=\"hor_icon\"><\/span><\/span><\/p><div id='toggle-id-2' class='toggle_wrap  '  ><div class='toggle_content invers-color ' ><p> Betaling finder sted f\u00f8rste undervisningsgang. M\u00f8d venligst op en halv time f\u00f8r undervisningsstart. Du kan betale kontant eller med kort. <\/p>\n<\/div><\/div><\/div><\/section> <section class='av_toggle_section av-2jamv3-13ef3a23ee4097b784bb68ede49a04ec' ><div role=\"tablist\" class=\"single_toggle\" data-tags=\"{Alle} \"  ><p data-fake-id='#toggle-id-3' class='toggler   '  role='tab' tabindex='0' aria-controls='toggle-id-3'>Skal jeg have en dansepartner?<span class=\"toggle_icon\"><span class=\"vert_icon\"><\/span><span class=\"hor_icon\"><\/span><\/span><\/p><div id='toggle-id-3' class='toggle_wrap  '  ><div class='toggle_content invers-color ' ><p> Nej, det er ikke p\u00e5kr\u00e6vet at have en dansepartner for at starte p\u00e5 vores Salsa- eller Bachatahold. Du kan tilmelde dig med eller uden partner. <\/p>\n<\/div><\/div><\/div><\/section> <\/div> \n<style type=\"text\/css\" data-created_by=\"avia_inline_auto\" id=\"style-css-av-dkercv-20deb8f806d19f1af0cb55bccfd21e24\">\n#top .hr.av-dkercv-20deb8f806d19f1af0cb55bccfd21e24{\nmargin-top:10px;\nmargin-bottom:10px;\n}\n.hr.av-dkercv-20deb8f806d19f1af0cb55bccfd21e24 .hr-inner{\nwidth:50px;\nborder-color:#ffffff;\n}\n<\/style>\n<div  class='hr av-dkercv-20deb8f806d19f1af0cb55bccfd21e24 hr-custom  avia-builder-el-11  el_after_av_toggle_container  el_before_av_textblock  hr-center hr-icon-no '><span class='hr-inner inner-border-av-border-none'><span class=\"hr-inner-style\"><\/span><\/span><\/div> <section class=\"av_textblock_section \" ><div class='avia_textblock  av_inherit_color '  style='font-size:15px; color:#ffffff; ' ><p> <a href=\"https:\/\/salsalibre.dk\/dk\/vilkaar-og-betingelser\/\">Vilk\u00e5r og betingelser<\/a> <\/p>\n<\/div><\/section> <\/p><\/div><\/div><\/div><\/div><!-- close content main div --><\/div><\/div><div id='after_section_2'  class='main_color av_default_container_wrap container_wrap sidebar_right'  ><div class='container av-section-cont-open' ><div class='template-page content  av-content-small alpha units'><div class='post-entry post-entry-type-page post-entry-1247'><div class='entry-content-wrapper clearfix'><\/p>\n","protected":false},"excerpt":{"rendered":"","protected":false},"author":4,"featured_media":1122,"parent":0,"menu_order":90,"comment_status":"closed","ping_status":"closed","template":"","meta":{"_exactmetrics_skip_tracking":false,"_exactmetrics_sitenote_active":false,"_exactmetrics_sitenote_note":"","_exactmetrics_sitenote_category":0,"footnotes":""},"class_list":["post-1247","page","type-page","status-publish","has-post-thumbnail","hentry"],"aioseo_notices":[],"_links":{"self":[{"href":"https:\/\/salsalibre.dk\/dk\/wp-json\/wp\/v2\/pages\/1247","targetHints":{"allow":["GET"]}}],"collection":[{"href":"https:\/\/salsalibre.dk\/dk\/wp-json\/wp\/v2\/pages"}],"about":[{"href":"https:\/\/salsalibre.dk\/dk\/wp-json\/wp\/v2\/types\/page"}],"author":[{"embeddable":true,"href":"https:\/\/salsalibre.dk\/dk\/wp-json\/wp\/v2\/users\/4"}],"replies":[{"embeddable":true,"href":"https:\/\/salsalibre.dk\/dk\/wp-json\/wp\/v2\/comments?post=1247"}],"version-history":[{"count":73,"href":"https:\/\/salsalibre.dk\/dk\/wp-json\/wp\/v2\/pages\/1247\/revisions"}],"predecessor-version":[{"id":9578,"href":"https:\/\/salsalibre.dk\/dk\/wp-json\/wp\/v2\/pages\/1247\/revisions\/9578"}],"wp:featuredmedia":[{"embeddable":true,"href":"https:\/\/salsalibre.dk\/dk\/wp-json\/wp\/v2\/media\/1122"}],"wp:attachment":[{"href":"https:\/\/salsalibre.dk\/dk\/wp-json\/wp\/v2\/media?parent=1247"}],"curies":[{"name":"wp","href":"https:\/\/api.w.org\/{rel}","templated":true}]}}